{"id":18487,"date":"2023-05-02T12:36:10","date_gmt":"2023-05-02T10:36:10","guid":{"rendered":"https:\/\/silviafernandez.com\/?post_type=product&#038;p=18487"},"modified":"2025-12-03T12:24:13","modified_gmt":"2025-12-03T11:24:13","slug":"mara","status":"publish","type":"product","link":"https:\/\/silviafernandez.com\/fr\/vestidos-de-novia\/mademoiselle\/mara\/","title":{"rendered":"Mara"},"content":{"rendered":"<p>Vestido crepe fino<\/p>","protected":false},"excerpt":{"rendered":"<p>La combinaison des \u00e9l\u00e9ments de notre mod\u00e8le Mara sera le choix parfait pour les mari\u00e9es qui recherchent une robe de mari\u00e9e tr\u00e8s simple et confortable avec une touche suppl\u00e9mentaire de fra\u00eecheur et de modernit\u00e9. Sa cape en mousseline transparente, plac\u00e9e au niveau du cou selon les derni\u00e8res tendances, peut \u00eatre facilement enlev\u00e9e, ne laissant que la base, r\u00e9alis\u00e9e en cr\u00eape et de coupe droite, avec de fines bretelles et un d\u00e9collet\u00e9 en V, et un dos, \u00e9galement en V, encadr\u00e9 par un magnifique tulle brod\u00e9.<\/p>","protected":false},"featured_media":20555,"template":"","meta":[],"product_brand":[],"product_cat":[671,20],"product_tag":[746],"class_list":{"0":"post-18487","1":"product","2":"type-product","3":"status-publish","4":"has-post-thumbnail","6":"product_cat-mademoiselle","7":"product_cat-vestidos-de-novia","8":"product_tag-mademoiselle","10":"first","11":"instock","12":"taxable","13":"shipping-taxable","14":"product-type-simple"},"_links":{"self":[{"href":"https:\/\/silviafernandez.com\/fr\/wp-json\/wp\/v2\/product\/18487","targetHints":{"allow":["GET"]}}],"collection":[{"href":"https:\/\/silviafernandez.com\/fr\/wp-json\/wp\/v2\/product"}],"about":[{"href":"https:\/\/silviafernandez.com\/fr\/wp-json\/wp\/v2\/types\/product"}],"wp:featuredmedia":[{"embeddable":true,"href":"https:\/\/silviafernandez.com\/fr\/wp-json\/wp\/v2\/media\/20555"}],"wp:attachment":[{"href":"https:\/\/silviafernandez.com\/fr\/wp-json\/wp\/v2\/media?parent=18487"}],"wp:term":[{"taxonomy":"product_brand","embeddable":true,"href":"https:\/\/silviafernandez.com\/fr\/wp-json\/wp\/v2\/product_brand?post=18487"},{"taxonomy":"product_cat","embeddable":true,"href":"https:\/\/silviafernandez.com\/fr\/wp-json\/wp\/v2\/product_cat?post=18487"},{"taxonomy":"product_tag","embeddable":true,"href":"https:\/\/silviafernandez.com\/fr\/wp-json\/wp\/v2\/product_tag?post=18487"}],"curies":[{"name":"wp","href":"https:\/\/api.w.org\/{rel}","templated":true}]}}