{"id":18486,"date":"2023-05-02T12:36:10","date_gmt":"2023-05-02T10:36:10","guid":{"rendered":"https:\/\/silviafernandez.com\/?post_type=product&#038;p=18486"},"modified":"2025-12-03T12:24:13","modified_gmt":"2025-12-03T11:24:13","slug":"marta-2","status":"publish","type":"product","link":"https:\/\/silviafernandez.com\/fr\/vestidos-de-novia\/mademoiselle\/marta-2\/","title":{"rendered":"Marta"},"content":{"rendered":"<p>Vestido cuerpo punto drapeado y falda plumas<\/p>","protected":false},"excerpt":{"rendered":"<p>Notre mod\u00e8le Marta, une robe de mari\u00e9e unique et diff\u00e9rente, avec des touches classiques comme son encolure sans bretelles et sa silhouette en A, mais avec une jupe en plumes qui laissera tout le monde bouche b\u00e9e. La partie sup\u00e9rieure est faite d'une maille drap\u00e9e qui encadre sensuellement le buste, et sa jupe spectaculaire se termine par une tra\u00eene qui compl\u00e8te un design de r\u00eave.<\/p>","protected":false},"featured_media":20553,"template":"","meta":[],"product_brand":[],"product_cat":[671,20],"product_tag":[746],"class_list":{"0":"post-18486","1":"product","2":"type-product","3":"status-publish","4":"has-post-thumbnail","6":"product_cat-mademoiselle","7":"product_cat-vestidos-de-novia","8":"product_tag-mademoiselle","10":"first","11":"instock","12":"taxable","13":"shipping-taxable","14":"product-type-simple"},"_links":{"self":[{"href":"https:\/\/silviafernandez.com\/fr\/wp-json\/wp\/v2\/product\/18486","targetHints":{"allow":["GET"]}}],"collection":[{"href":"https:\/\/silviafernandez.com\/fr\/wp-json\/wp\/v2\/product"}],"about":[{"href":"https:\/\/silviafernandez.com\/fr\/wp-json\/wp\/v2\/types\/product"}],"wp:featuredmedia":[{"embeddable":true,"href":"https:\/\/silviafernandez.com\/fr\/wp-json\/wp\/v2\/media\/20553"}],"wp:attachment":[{"href":"https:\/\/silviafernandez.com\/fr\/wp-json\/wp\/v2\/media?parent=18486"}],"wp:term":[{"taxonomy":"product_brand","embeddable":true,"href":"https:\/\/silviafernandez.com\/fr\/wp-json\/wp\/v2\/product_brand?post=18486"},{"taxonomy":"product_cat","embeddable":true,"href":"https:\/\/silviafernandez.com\/fr\/wp-json\/wp\/v2\/product_cat?post=18486"},{"taxonomy":"product_tag","embeddable":true,"href":"https:\/\/silviafernandez.com\/fr\/wp-json\/wp\/v2\/product_tag?post=18486"}],"curies":[{"name":"wp","href":"https:\/\/api.w.org\/{rel}","templated":true}]}}