{"id":18484,"date":"2023-05-02T12:36:09","date_gmt":"2023-05-02T10:36:09","guid":{"rendered":"https:\/\/silviafernandez.com\/?post_type=product&#038;p=18484"},"modified":"2025-12-03T12:24:13","modified_gmt":"2025-12-03T11:24:13","slug":"mexico","status":"publish","type":"product","link":"https:\/\/silviafernandez.com\/fr\/vestidos-de-novia\/mademoiselle\/mexico\/","title":{"rendered":"Mexico"},"content":{"rendered":"<p>Vestido crepe fino<\/p>","protected":false},"excerpt":{"rendered":"<p>Notre mod\u00e8le Mexico est une robe de mari\u00e9e simple, con\u00e7ue pour les mari\u00e9es les plus douces. R\u00e9alis\u00e9e en cr\u00eape avec un d\u00e9collet\u00e9 en V et une jupe \u00e9vas\u00e9e avec poches et tra\u00eene, la touche la plus sp\u00e9ciale est apport\u00e9e par le d\u00e9licat tulle brod\u00e9 qui forme les manches courtes, la cape amovible et la ceinture flatteuse sous le buste.<\/p>","protected":false},"featured_media":20545,"template":"","meta":[],"product_brand":[],"product_cat":[671,20],"product_tag":[746],"class_list":{"0":"post-18484","1":"product","2":"type-product","3":"status-publish","4":"has-post-thumbnail","6":"product_cat-mademoiselle","7":"product_cat-vestidos-de-novia","8":"product_tag-mademoiselle","10":"first","11":"instock","12":"taxable","13":"shipping-taxable","14":"product-type-simple"},"_links":{"self":[{"href":"https:\/\/silviafernandez.com\/fr\/wp-json\/wp\/v2\/product\/18484","targetHints":{"allow":["GET"]}}],"collection":[{"href":"https:\/\/silviafernandez.com\/fr\/wp-json\/wp\/v2\/product"}],"about":[{"href":"https:\/\/silviafernandez.com\/fr\/wp-json\/wp\/v2\/types\/product"}],"wp:featuredmedia":[{"embeddable":true,"href":"https:\/\/silviafernandez.com\/fr\/wp-json\/wp\/v2\/media\/20545"}],"wp:attachment":[{"href":"https:\/\/silviafernandez.com\/fr\/wp-json\/wp\/v2\/media?parent=18484"}],"wp:term":[{"taxonomy":"product_brand","embeddable":true,"href":"https:\/\/silviafernandez.com\/fr\/wp-json\/wp\/v2\/product_brand?post=18484"},{"taxonomy":"product_cat","embeddable":true,"href":"https:\/\/silviafernandez.com\/fr\/wp-json\/wp\/v2\/product_cat?post=18484"},{"taxonomy":"product_tag","embeddable":true,"href":"https:\/\/silviafernandez.com\/fr\/wp-json\/wp\/v2\/product_tag?post=18484"}],"curies":[{"name":"wp","href":"https:\/\/api.w.org\/{rel}","templated":true}]}}