{"id":18483,"date":"2023-05-02T12:36:09","date_gmt":"2023-05-02T10:36:09","guid":{"rendered":"https:\/\/silviafernandez.com\/?post_type=product&#038;p=18483"},"modified":"2025-12-03T12:24:13","modified_gmt":"2025-12-03T11:24:13","slug":"marisa","status":"publish","type":"product","link":"https:\/\/silviafernandez.com\/fr\/vestidos-de-novia\/mademoiselle\/marisa\/","title":{"rendered":"Marisa"},"content":{"rendered":"<p>Vestido tul bordado<\/p>","protected":false},"excerpt":{"rendered":"<p>Marisa est la robe des mari\u00e9es romantiques et sophistiqu\u00e9es qui r\u00eavent d'un mariage de conte de f\u00e9es. Avec une silhouette en ligne A, le protagoniste principal est le tulle brod\u00e9 de paillettes avec lequel elle est faite, encadr\u00e9 par une ceinture avec une boucle en perles qui divise visuellement la silhouette \u00e0 la taille. Dot\u00e9e de manches longues et ferm\u00e9e sur le devant par un \u00e9l\u00e9gant col perl\u00e9, elle pr\u00e9sente un beau d\u00e9collet\u00e9 en forme de goutte d'eau dans le dos, pour les mari\u00e9es qui souhaitent mettre en valeur cette zone.<\/p>","protected":false},"featured_media":20548,"template":"","meta":[],"product_brand":[],"product_cat":[671,20],"product_tag":[746],"class_list":{"0":"post-18483","1":"product","2":"type-product","3":"status-publish","4":"has-post-thumbnail","6":"product_cat-mademoiselle","7":"product_cat-vestidos-de-novia","8":"product_tag-mademoiselle","10":"first","11":"instock","12":"taxable","13":"shipping-taxable","14":"product-type-simple"},"_links":{"self":[{"href":"https:\/\/silviafernandez.com\/fr\/wp-json\/wp\/v2\/product\/18483","targetHints":{"allow":["GET"]}}],"collection":[{"href":"https:\/\/silviafernandez.com\/fr\/wp-json\/wp\/v2\/product"}],"about":[{"href":"https:\/\/silviafernandez.com\/fr\/wp-json\/wp\/v2\/types\/product"}],"wp:featuredmedia":[{"embeddable":true,"href":"https:\/\/silviafernandez.com\/fr\/wp-json\/wp\/v2\/media\/20548"}],"wp:attachment":[{"href":"https:\/\/silviafernandez.com\/fr\/wp-json\/wp\/v2\/media?parent=18483"}],"wp:term":[{"taxonomy":"product_brand","embeddable":true,"href":"https:\/\/silviafernandez.com\/fr\/wp-json\/wp\/v2\/product_brand?post=18483"},{"taxonomy":"product_cat","embeddable":true,"href":"https:\/\/silviafernandez.com\/fr\/wp-json\/wp\/v2\/product_cat?post=18483"},{"taxonomy":"product_tag","embeddable":true,"href":"https:\/\/silviafernandez.com\/fr\/wp-json\/wp\/v2\/product_tag?post=18483"}],"curies":[{"name":"wp","href":"https:\/\/api.w.org\/{rel}","templated":true}]}}