{"id":18481,"date":"2023-05-02T12:36:08","date_gmt":"2023-05-02T10:36:08","guid":{"rendered":"https:\/\/silviafernandez.com\/?post_type=product&#038;p=18481"},"modified":"2025-12-03T12:24:13","modified_gmt":"2025-12-03T11:24:13","slug":"maya","status":"publish","type":"product","link":"https:\/\/silviafernandez.com\/fr\/vestidos-de-novia\/mademoiselle\/maya\/","title":{"rendered":"Maya"},"content":{"rendered":"<p>Vestido crepe con onda de guipour en manga y cintura<\/p>","protected":false},"excerpt":{"rendered":"<p>Notre robe de mari\u00e9e Maya sera le choix id\u00e9al pour les mari\u00e9es simples et \u00e9l\u00e9gantes. R\u00e9alis\u00e9e en cr\u00eape associ\u00e9 \u00e0 une charmante vague de guipour au niveau des manches et de la taille et encadrant le dos en V, la longue tra\u00eene boutonn\u00e9e ajoute une touche de distinction, mais sans aucun doute, vous tomberez amoureuse de ses manches bouffantes d\u00e9tachables qui vous permettront de porter deux looks diff\u00e9rents.<\/p>","protected":false},"featured_media":20538,"template":"","meta":[],"product_brand":[],"product_cat":[671,20],"product_tag":[746],"class_list":{"0":"post-18481","1":"product","2":"type-product","3":"status-publish","4":"has-post-thumbnail","6":"product_cat-mademoiselle","7":"product_cat-vestidos-de-novia","8":"product_tag-mademoiselle","10":"first","11":"instock","12":"taxable","13":"shipping-taxable","14":"product-type-simple"},"_links":{"self":[{"href":"https:\/\/silviafernandez.com\/fr\/wp-json\/wp\/v2\/product\/18481","targetHints":{"allow":["GET"]}}],"collection":[{"href":"https:\/\/silviafernandez.com\/fr\/wp-json\/wp\/v2\/product"}],"about":[{"href":"https:\/\/silviafernandez.com\/fr\/wp-json\/wp\/v2\/types\/product"}],"wp:featuredmedia":[{"embeddable":true,"href":"https:\/\/silviafernandez.com\/fr\/wp-json\/wp\/v2\/media\/20538"}],"wp:attachment":[{"href":"https:\/\/silviafernandez.com\/fr\/wp-json\/wp\/v2\/media?parent=18481"}],"wp:term":[{"taxonomy":"product_brand","embeddable":true,"href":"https:\/\/silviafernandez.com\/fr\/wp-json\/wp\/v2\/product_brand?post=18481"},{"taxonomy":"product_cat","embeddable":true,"href":"https:\/\/silviafernandez.com\/fr\/wp-json\/wp\/v2\/product_cat?post=18481"},{"taxonomy":"product_tag","embeddable":true,"href":"https:\/\/silviafernandez.com\/fr\/wp-json\/wp\/v2\/product_tag?post=18481"}],"curies":[{"name":"wp","href":"https:\/\/api.w.org\/{rel}","templated":true}]}}