{"id":18467,"date":"2023-05-02T12:35:26","date_gmt":"2023-05-02T10:35:26","guid":{"rendered":"https:\/\/silviafernandez.com\/?post_type=product&#038;p=18467"},"modified":"2025-12-03T12:24:13","modified_gmt":"2025-12-03T11:24:13","slug":"merlo","status":"publish","type":"product","link":"https:\/\/silviafernandez.com\/fr\/vestidos-de-novia\/mademoiselle\/merlo\/","title":{"rendered":"Merlo"},"content":{"rendered":"<p>Vestido crepe<\/p>","protected":false},"excerpt":{"rendered":"<p>Merlo est une robe de mari\u00e9e romantique et tr\u00e8s flatteuse, n\u00e9e de la combinaison exquise de cr\u00eape, de tulle brod\u00e9 et de mousseline de soie dans les diff\u00e9rentes parties qui la composent. La jupe droite et lisse en cr\u00eape se fond avec un buste de la m\u00eame mati\u00e8re mais doubl\u00e9 d'un d\u00e9licat tulle brod\u00e9 qui se poursuit derri\u00e8re, r\u00e9v\u00e9lant subtilement la peau du dos. Le point de fluidit\u00e9 est assur\u00e9 par la mousseline de soie, protagoniste de ses longues manches bouffantes termin\u00e9es aux poignets par le m\u00eame tulle brod\u00e9, mais surtout par la longue cape, \u00e9galement finie en tulle brod\u00e9, que l'on peut facilement retirer pour plus de confort.<\/p>","protected":false},"featured_media":20528,"template":"","meta":[],"product_brand":[],"product_cat":[671,20],"product_tag":[746],"class_list":{"0":"post-18467","1":"product","2":"type-product","3":"status-publish","4":"has-post-thumbnail","6":"product_cat-mademoiselle","7":"product_cat-vestidos-de-novia","8":"product_tag-mademoiselle","10":"first","11":"instock","12":"taxable","13":"shipping-taxable","14":"product-type-simple"},"_links":{"self":[{"href":"https:\/\/silviafernandez.com\/fr\/wp-json\/wp\/v2\/product\/18467","targetHints":{"allow":["GET"]}}],"collection":[{"href":"https:\/\/silviafernandez.com\/fr\/wp-json\/wp\/v2\/product"}],"about":[{"href":"https:\/\/silviafernandez.com\/fr\/wp-json\/wp\/v2\/types\/product"}],"wp:featuredmedia":[{"embeddable":true,"href":"https:\/\/silviafernandez.com\/fr\/wp-json\/wp\/v2\/media\/20528"}],"wp:attachment":[{"href":"https:\/\/silviafernandez.com\/fr\/wp-json\/wp\/v2\/media?parent=18467"}],"wp:term":[{"taxonomy":"product_brand","embeddable":true,"href":"https:\/\/silviafernandez.com\/fr\/wp-json\/wp\/v2\/product_brand?post=18467"},{"taxonomy":"product_cat","embeddable":true,"href":"https:\/\/silviafernandez.com\/fr\/wp-json\/wp\/v2\/product_cat?post=18467"},{"taxonomy":"product_tag","embeddable":true,"href":"https:\/\/silviafernandez.com\/fr\/wp-json\/wp\/v2\/product_tag?post=18467"}],"curies":[{"name":"wp","href":"https:\/\/api.w.org\/{rel}","templated":true}]}}