{"id":18466,"date":"2023-05-02T12:35:26","date_gmt":"2023-05-02T10:35:26","guid":{"rendered":"https:\/\/silviafernandez.com\/?post_type=product&#038;p=18466"},"modified":"2025-12-03T12:24:13","modified_gmt":"2025-12-03T11:24:13","slug":"marrakech","status":"publish","type":"product","link":"https:\/\/silviafernandez.com\/fr\/vestidos-de-novia\/mademoiselle\/marrakech\/","title":{"rendered":"Marrakech"},"content":{"rendered":"<p>Vestido cuerpo drapeado crepe fino y falda tul 3D<\/p>","protected":false},"excerpt":{"rendered":"<p>Marrakech allie le charme classique de la silhouette en ligne A \u00e0 l'originalit\u00e9 d'une jupe r\u00e9alis\u00e9e dans un tissu unique, un tulle floral \u00e0 effet 3D, avec une fente lat\u00e9rale pour plus de confort. La partie sup\u00e9rieure de cette robe de mari\u00e9e est faite de cr\u00eape drap\u00e9 sans manches, soulignant sensuellement le buste dans un d\u00e9collet\u00e9 en V plongeant, \u00e0 la fois sur le devant et dans le dos.<\/p>","protected":false},"featured_media":20531,"template":"","meta":[],"product_brand":[],"product_cat":[671,20],"product_tag":[746],"class_list":{"0":"post-18466","1":"product","2":"type-product","3":"status-publish","4":"has-post-thumbnail","6":"product_cat-mademoiselle","7":"product_cat-vestidos-de-novia","8":"product_tag-mademoiselle","10":"first","11":"instock","12":"taxable","13":"shipping-taxable","14":"product-type-simple"},"_links":{"self":[{"href":"https:\/\/silviafernandez.com\/fr\/wp-json\/wp\/v2\/product\/18466","targetHints":{"allow":["GET"]}}],"collection":[{"href":"https:\/\/silviafernandez.com\/fr\/wp-json\/wp\/v2\/product"}],"about":[{"href":"https:\/\/silviafernandez.com\/fr\/wp-json\/wp\/v2\/types\/product"}],"wp:featuredmedia":[{"embeddable":true,"href":"https:\/\/silviafernandez.com\/fr\/wp-json\/wp\/v2\/media\/20531"}],"wp:attachment":[{"href":"https:\/\/silviafernandez.com\/fr\/wp-json\/wp\/v2\/media?parent=18466"}],"wp:term":[{"taxonomy":"product_brand","embeddable":true,"href":"https:\/\/silviafernandez.com\/fr\/wp-json\/wp\/v2\/product_brand?post=18466"},{"taxonomy":"product_cat","embeddable":true,"href":"https:\/\/silviafernandez.com\/fr\/wp-json\/wp\/v2\/product_cat?post=18466"},{"taxonomy":"product_tag","embeddable":true,"href":"https:\/\/silviafernandez.com\/fr\/wp-json\/wp\/v2\/product_tag?post=18466"}],"curies":[{"name":"wp","href":"https:\/\/api.w.org\/{rel}","templated":true}]}}