{"id":18465,"date":"2023-05-02T12:35:25","date_gmt":"2023-05-02T10:35:25","guid":{"rendered":"https:\/\/silviafernandez.com\/?post_type=product&#038;p=18465"},"modified":"2025-12-03T12:24:14","modified_gmt":"2025-12-03T11:24:14","slug":"maitane","status":"publish","type":"product","link":"https:\/\/silviafernandez.com\/fr\/vestidos-de-novia\/mademoiselle\/maitane\/","title":{"rendered":"Maitane"},"content":{"rendered":"<p>Vestido crepe<\/p>","protected":false},"excerpt":{"rendered":"<p>Notre robe de mari\u00e9e Maitane allie sobri\u00e9t\u00e9 et \u00e9l\u00e9gance dans une coupe droite flatteuse en cr\u00eape avec un d\u00e9collet\u00e9 en V et des manches courtes bouffantes. Elle incorpore juste ce qu'il faut de d\u00e9tails avec ses boutons et sa ceinture de perles, et vous offre la possibilit\u00e9 de porter deux looks gr\u00e2ce \u00e0 sa surjupe en satin avec boutonnage au dos.<\/p>","protected":false},"featured_media":20519,"template":"","meta":[],"product_brand":[],"product_cat":[671,20],"product_tag":[746],"class_list":{"0":"post-18465","1":"product","2":"type-product","3":"status-publish","4":"has-post-thumbnail","6":"product_cat-mademoiselle","7":"product_cat-vestidos-de-novia","8":"product_tag-mademoiselle","10":"first","11":"instock","12":"taxable","13":"shipping-taxable","14":"product-type-simple"},"_links":{"self":[{"href":"https:\/\/silviafernandez.com\/fr\/wp-json\/wp\/v2\/product\/18465","targetHints":{"allow":["GET"]}}],"collection":[{"href":"https:\/\/silviafernandez.com\/fr\/wp-json\/wp\/v2\/product"}],"about":[{"href":"https:\/\/silviafernandez.com\/fr\/wp-json\/wp\/v2\/types\/product"}],"wp:featuredmedia":[{"embeddable":true,"href":"https:\/\/silviafernandez.com\/fr\/wp-json\/wp\/v2\/media\/20519"}],"wp:attachment":[{"href":"https:\/\/silviafernandez.com\/fr\/wp-json\/wp\/v2\/media?parent=18465"}],"wp:term":[{"taxonomy":"product_brand","embeddable":true,"href":"https:\/\/silviafernandez.com\/fr\/wp-json\/wp\/v2\/product_brand?post=18465"},{"taxonomy":"product_cat","embeddable":true,"href":"https:\/\/silviafernandez.com\/fr\/wp-json\/wp\/v2\/product_cat?post=18465"},{"taxonomy":"product_tag","embeddable":true,"href":"https:\/\/silviafernandez.com\/fr\/wp-json\/wp\/v2\/product_tag?post=18465"}],"curies":[{"name":"wp","href":"https:\/\/api.w.org\/{rel}","templated":true}]}}