{"id":18463,"date":"2023-05-02T12:35:25","date_gmt":"2023-05-02T10:35:25","guid":{"rendered":"https:\/\/silviafernandez.com\/?post_type=product&#038;p=18463"},"modified":"2025-12-03T12:24:14","modified_gmt":"2025-12-03T11:24:14","slug":"madeline","status":"publish","type":"product","link":"https:\/\/silviafernandez.com\/fr\/vestidos-de-novia\/mademoiselle\/madeline\/","title":{"rendered":"Madeline"},"content":{"rendered":"<p>Vestido de organza con cuerpo drapeado<\/p>","protected":false},"excerpt":{"rendered":"<p>Notre robe de mari\u00e9e Madeline est le mod\u00e8le id\u00e9al pour les mari\u00e9es modernes qui ne veulent pas renoncer \u00e0 un style romantique et r\u00eaveur. R\u00e9alis\u00e9e en organza, avec une silhouette en ligne A, son corsage drap\u00e9 ajust\u00e9 \u00e0 la taille et son encolure asym\u00e9trique flattent toutes les silhouettes, et son grand n\u0153ud en organza sur l'\u00e9paule est le d\u00e9tail charmant qui attirera tous les regards.<\/p>","protected":false},"featured_media":20525,"template":"","meta":[],"product_brand":[],"product_cat":[671,20],"product_tag":[746],"class_list":{"0":"post-18463","1":"product","2":"type-product","3":"status-publish","4":"has-post-thumbnail","6":"product_cat-mademoiselle","7":"product_cat-vestidos-de-novia","8":"product_tag-mademoiselle","10":"first","11":"instock","12":"taxable","13":"shipping-taxable","14":"product-type-simple"},"_links":{"self":[{"href":"https:\/\/silviafernandez.com\/fr\/wp-json\/wp\/v2\/product\/18463","targetHints":{"allow":["GET"]}}],"collection":[{"href":"https:\/\/silviafernandez.com\/fr\/wp-json\/wp\/v2\/product"}],"about":[{"href":"https:\/\/silviafernandez.com\/fr\/wp-json\/wp\/v2\/types\/product"}],"wp:featuredmedia":[{"embeddable":true,"href":"https:\/\/silviafernandez.com\/fr\/wp-json\/wp\/v2\/media\/20525"}],"wp:attachment":[{"href":"https:\/\/silviafernandez.com\/fr\/wp-json\/wp\/v2\/media?parent=18463"}],"wp:term":[{"taxonomy":"product_brand","embeddable":true,"href":"https:\/\/silviafernandez.com\/fr\/wp-json\/wp\/v2\/product_brand?post=18463"},{"taxonomy":"product_cat","embeddable":true,"href":"https:\/\/silviafernandez.com\/fr\/wp-json\/wp\/v2\/product_cat?post=18463"},{"taxonomy":"product_tag","embeddable":true,"href":"https:\/\/silviafernandez.com\/fr\/wp-json\/wp\/v2\/product_tag?post=18463"}],"curies":[{"name":"wp","href":"https:\/\/api.w.org\/{rel}","templated":true}]}}