{"id":18460,"date":"2023-05-02T12:35:25","date_gmt":"2023-05-02T10:35:25","guid":{"rendered":"https:\/\/silviafernandez.com\/?post_type=product&#038;p=18460"},"modified":"2025-12-03T12:24:14","modified_gmt":"2025-12-03T11:24:14","slug":"magali","status":"publish","type":"product","link":"https:\/\/silviafernandez.com\/fr\/vestidos-de-novia\/mademoiselle\/magali\/","title":{"rendered":"Magali"},"content":{"rendered":"<p>Vestido con cuerpo crepe, falda tafeta y bot\u00f3n joya en manga<\/p>","protected":false},"excerpt":{"rendered":"<p>Notre robe de mari\u00e9e Magali allie parfaitement l'\u00e9l\u00e9gance classique la plus sobre aux d\u00e9tails les plus flatteurs, tels que le d\u00e9collet\u00e9 en V sur le devant, la fente dans le dos et les boutons orn\u00e9s de bijoux. Silhouette A-line, corps en cr\u00eape, jupe et ceinture en taffetas, poches et manches fran\u00e7aises. L'option id\u00e9ale qui allie confort, simplicit\u00e9 et \u00e9l\u00e9gance.<\/p>","protected":false},"featured_media":20513,"template":"","meta":[],"product_brand":[],"product_cat":[671,20],"product_tag":[746],"class_list":{"0":"post-18460","1":"product","2":"type-product","3":"status-publish","4":"has-post-thumbnail","6":"product_cat-mademoiselle","7":"product_cat-vestidos-de-novia","8":"product_tag-mademoiselle","10":"first","11":"instock","12":"taxable","13":"shipping-taxable","14":"product-type-simple"},"_links":{"self":[{"href":"https:\/\/silviafernandez.com\/fr\/wp-json\/wp\/v2\/product\/18460","targetHints":{"allow":["GET"]}}],"collection":[{"href":"https:\/\/silviafernandez.com\/fr\/wp-json\/wp\/v2\/product"}],"about":[{"href":"https:\/\/silviafernandez.com\/fr\/wp-json\/wp\/v2\/types\/product"}],"wp:featuredmedia":[{"embeddable":true,"href":"https:\/\/silviafernandez.com\/fr\/wp-json\/wp\/v2\/media\/20513"}],"wp:attachment":[{"href":"https:\/\/silviafernandez.com\/fr\/wp-json\/wp\/v2\/media?parent=18460"}],"wp:term":[{"taxonomy":"product_brand","embeddable":true,"href":"https:\/\/silviafernandez.com\/fr\/wp-json\/wp\/v2\/product_brand?post=18460"},{"taxonomy":"product_cat","embeddable":true,"href":"https:\/\/silviafernandez.com\/fr\/wp-json\/wp\/v2\/product_cat?post=18460"},{"taxonomy":"product_tag","embeddable":true,"href":"https:\/\/silviafernandez.com\/fr\/wp-json\/wp\/v2\/product_tag?post=18460"}],"curies":[{"name":"wp","href":"https:\/\/api.w.org\/{rel}","templated":true}]}}