{"id":18458,"date":"2023-05-02T12:35:24","date_gmt":"2023-05-02T10:35:24","guid":{"rendered":"https:\/\/silviafernandez.com\/?post_type=product&#038;p=18458"},"modified":"2025-12-03T12:24:14","modified_gmt":"2025-12-03T11:24:14","slug":"melany","status":"publish","type":"product","link":"https:\/\/silviafernandez.com\/fr\/vestidos-de-novia\/mademoiselle\/melany\/","title":{"rendered":"Melany"},"content":{"rendered":"<p>Vestido gasa con mangas y fajin tul bordado<\/p>","protected":false},"excerpt":{"rendered":"<p>Notre robe de mari\u00e9e Melany respire le romantisme et la d\u00e9licatesse. La robe de r\u00eave pour les mari\u00e9es qui veulent \u00eatre \u00e9l\u00e9gantes et romantiques sans perdre une once de confort. Elle est r\u00e9alis\u00e9e en mousseline de soie, avec une longue tra\u00eene qui volera et bougera avec vous. Son buste drap\u00e9 \u00e0 encolure en V est tr\u00e8s flatteur, tandis que les manches fran\u00e7aises et la ceinture de tulle brod\u00e9e de motifs floraux ajoutent une touche de douceur. La touche finale est apport\u00e9e par un drap\u00e9 de mousseline de soie dans le dos, que vous pouvez enlever ou remettre \u00e0 votre guise.<\/p>","protected":false},"featured_media":20534,"template":"","meta":[],"product_brand":[],"product_cat":[671,20],"product_tag":[746],"class_list":{"0":"post-18458","1":"product","2":"type-product","3":"status-publish","4":"has-post-thumbnail","6":"product_cat-mademoiselle","7":"product_cat-vestidos-de-novia","8":"product_tag-mademoiselle","10":"first","11":"instock","12":"taxable","13":"shipping-taxable","14":"product-type-simple"},"_links":{"self":[{"href":"https:\/\/silviafernandez.com\/fr\/wp-json\/wp\/v2\/product\/18458","targetHints":{"allow":["GET"]}}],"collection":[{"href":"https:\/\/silviafernandez.com\/fr\/wp-json\/wp\/v2\/product"}],"about":[{"href":"https:\/\/silviafernandez.com\/fr\/wp-json\/wp\/v2\/types\/product"}],"wp:featuredmedia":[{"embeddable":true,"href":"https:\/\/silviafernandez.com\/fr\/wp-json\/wp\/v2\/media\/20534"}],"wp:attachment":[{"href":"https:\/\/silviafernandez.com\/fr\/wp-json\/wp\/v2\/media?parent=18458"}],"wp:term":[{"taxonomy":"product_brand","embeddable":true,"href":"https:\/\/silviafernandez.com\/fr\/wp-json\/wp\/v2\/product_brand?post=18458"},{"taxonomy":"product_cat","embeddable":true,"href":"https:\/\/silviafernandez.com\/fr\/wp-json\/wp\/v2\/product_cat?post=18458"},{"taxonomy":"product_tag","embeddable":true,"href":"https:\/\/silviafernandez.com\/fr\/wp-json\/wp\/v2\/product_tag?post=18458"}],"curies":[{"name":"wp","href":"https:\/\/api.w.org\/{rel}","templated":true}]}}