{"id":18455,"date":"2023-05-02T12:35:24","date_gmt":"2023-05-02T10:35:24","guid":{"rendered":"https:\/\/silviafernandez.com\/?post_type=product&#038;p=18455"},"modified":"2025-12-03T12:24:14","modified_gmt":"2025-12-03T11:24:14","slug":"mencia","status":"publish","type":"product","link":"https:\/\/silviafernandez.com\/fr\/vestidos-de-novia\/mademoiselle\/mencia\/","title":{"rendered":"Mencia"},"content":{"rendered":"<p>Vestido camisero tafeta<\/p>","protected":false},"excerpt":{"rendered":"<p>Mencia, une robe de mari\u00e9e informelle mais \u00e9l\u00e9gante, de style chemise, enti\u00e8rement r\u00e9alis\u00e9e en taffetas, avec une ceinture et un n\u0153ud \u00e0 la taille de la m\u00eame mati\u00e8re, qui divise visuellement la silhouette. Des manches fran\u00e7aises et une fente dans la jupe, qui comporte \u00e9galement une tra\u00eene, compl\u00e8tent l'ensemble.<\/p>","protected":false},"featured_media":20505,"template":"","meta":[],"product_brand":[],"product_cat":[671,20],"product_tag":[746],"class_list":{"0":"post-18455","1":"product","2":"type-product","3":"status-publish","4":"has-post-thumbnail","6":"product_cat-mademoiselle","7":"product_cat-vestidos-de-novia","8":"product_tag-mademoiselle","10":"first","11":"instock","12":"taxable","13":"shipping-taxable","14":"product-type-simple"},"_links":{"self":[{"href":"https:\/\/silviafernandez.com\/fr\/wp-json\/wp\/v2\/product\/18455","targetHints":{"allow":["GET"]}}],"collection":[{"href":"https:\/\/silviafernandez.com\/fr\/wp-json\/wp\/v2\/product"}],"about":[{"href":"https:\/\/silviafernandez.com\/fr\/wp-json\/wp\/v2\/types\/product"}],"wp:featuredmedia":[{"embeddable":true,"href":"https:\/\/silviafernandez.com\/fr\/wp-json\/wp\/v2\/media\/20505"}],"wp:attachment":[{"href":"https:\/\/silviafernandez.com\/fr\/wp-json\/wp\/v2\/media?parent=18455"}],"wp:term":[{"taxonomy":"product_brand","embeddable":true,"href":"https:\/\/silviafernandez.com\/fr\/wp-json\/wp\/v2\/product_brand?post=18455"},{"taxonomy":"product_cat","embeddable":true,"href":"https:\/\/silviafernandez.com\/fr\/wp-json\/wp\/v2\/product_cat?post=18455"},{"taxonomy":"product_tag","embeddable":true,"href":"https:\/\/silviafernandez.com\/fr\/wp-json\/wp\/v2\/product_tag?post=18455"}],"curies":[{"name":"wp","href":"https:\/\/api.w.org\/{rel}","templated":true}]}}