{"id":18454,"date":"2023-05-02T12:35:23","date_gmt":"2023-05-02T10:35:23","guid":{"rendered":"https:\/\/silviafernandez.com\/?post_type=product&#038;p=18454"},"modified":"2025-12-03T12:24:15","modified_gmt":"2025-12-03T11:24:15","slug":"marbella","status":"publish","type":"product","link":"https:\/\/silviafernandez.com\/fr\/vestidos-de-novia\/mademoiselle\/marbella\/","title":{"rendered":"Marbella"},"content":{"rendered":"<p>Vestido crepe fino<\/p>","protected":false},"excerpt":{"rendered":"<p>La combinaison originale d'un gilet en guipure et d'une robe en cr\u00eape \u00e0 manches cape fait de notre robe de mari\u00e9e Marbella le choix id\u00e9al pour les mari\u00e9es qui souhaitent porter deux styles lors de leur mariage. Sa ceinture en cr\u00eape divise visuellement le corsage \u00e0 coupe droite en deux, et une fois le gilet enlev\u00e9, vous aurez un dos en V ouvert flatteur.<\/p>","protected":false},"featured_media":20486,"template":"","meta":[],"product_brand":[],"product_cat":[671,20],"product_tag":[746],"class_list":{"0":"post-18454","1":"product","2":"type-product","3":"status-publish","4":"has-post-thumbnail","6":"product_cat-mademoiselle","7":"product_cat-vestidos-de-novia","8":"product_tag-mademoiselle","10":"first","11":"instock","12":"taxable","13":"shipping-taxable","14":"product-type-simple"},"_links":{"self":[{"href":"https:\/\/silviafernandez.com\/fr\/wp-json\/wp\/v2\/product\/18454","targetHints":{"allow":["GET"]}}],"collection":[{"href":"https:\/\/silviafernandez.com\/fr\/wp-json\/wp\/v2\/product"}],"about":[{"href":"https:\/\/silviafernandez.com\/fr\/wp-json\/wp\/v2\/types\/product"}],"wp:featuredmedia":[{"embeddable":true,"href":"https:\/\/silviafernandez.com\/fr\/wp-json\/wp\/v2\/media\/20486"}],"wp:attachment":[{"href":"https:\/\/silviafernandez.com\/fr\/wp-json\/wp\/v2\/media?parent=18454"}],"wp:term":[{"taxonomy":"product_brand","embeddable":true,"href":"https:\/\/silviafernandez.com\/fr\/wp-json\/wp\/v2\/product_brand?post=18454"},{"taxonomy":"product_cat","embeddable":true,"href":"https:\/\/silviafernandez.com\/fr\/wp-json\/wp\/v2\/product_cat?post=18454"},{"taxonomy":"product_tag","embeddable":true,"href":"https:\/\/silviafernandez.com\/fr\/wp-json\/wp\/v2\/product_tag?post=18454"}],"curies":[{"name":"wp","href":"https:\/\/api.w.org\/{rel}","templated":true}]}}