{"id":18452,"date":"2023-05-02T12:35:23","date_gmt":"2023-05-02T10:35:23","guid":{"rendered":"https:\/\/silviafernandez.com\/?post_type=product&#038;p=18452"},"modified":"2025-12-03T12:24:15","modified_gmt":"2025-12-03T11:24:15","slug":"malva","status":"publish","type":"product","link":"https:\/\/silviafernandez.com\/fr\/vestidos-de-novia\/mademoiselle\/malva\/","title":{"rendered":"Malva"},"content":{"rendered":"<p>Vestido crepe con volante y lazo con flor de tafeta<\/p>","protected":false},"excerpt":{"rendered":"<p>Notre robe de mari\u00e9e Malva ravira les mari\u00e9es les plus douces. R\u00e9alis\u00e9e en cr\u00eape avec une maxi garniture en taffetas floral qui attirera tous les regards, elle pr\u00e9sente une fente lat\u00e9rale sur la jupe pour offrir une plus grande libert\u00e9 de mouvement. Les volants sur les \u00e9paules se croisent dans le dos jusqu'au d\u00e9but d'une \u00e9l\u00e9gante patte de boutonnage qui marque le d\u00e9but d'une longue tra\u00eene dans une combinaison r\u00e9ussie de simplicit\u00e9 et d'\u00e9l\u00e9gance.<\/p>","protected":false},"featured_media":20493,"template":"","meta":[],"product_brand":[],"product_cat":[671,20],"product_tag":[746],"class_list":{"0":"post-18452","1":"product","2":"type-product","3":"status-publish","4":"has-post-thumbnail","6":"product_cat-mademoiselle","7":"product_cat-vestidos-de-novia","8":"product_tag-mademoiselle","10":"first","11":"instock","12":"taxable","13":"shipping-taxable","14":"product-type-simple"},"_links":{"self":[{"href":"https:\/\/silviafernandez.com\/fr\/wp-json\/wp\/v2\/product\/18452","targetHints":{"allow":["GET"]}}],"collection":[{"href":"https:\/\/silviafernandez.com\/fr\/wp-json\/wp\/v2\/product"}],"about":[{"href":"https:\/\/silviafernandez.com\/fr\/wp-json\/wp\/v2\/types\/product"}],"wp:featuredmedia":[{"embeddable":true,"href":"https:\/\/silviafernandez.com\/fr\/wp-json\/wp\/v2\/media\/20493"}],"wp:attachment":[{"href":"https:\/\/silviafernandez.com\/fr\/wp-json\/wp\/v2\/media?parent=18452"}],"wp:term":[{"taxonomy":"product_brand","embeddable":true,"href":"https:\/\/silviafernandez.com\/fr\/wp-json\/wp\/v2\/product_brand?post=18452"},{"taxonomy":"product_cat","embeddable":true,"href":"https:\/\/silviafernandez.com\/fr\/wp-json\/wp\/v2\/product_cat?post=18452"},{"taxonomy":"product_tag","embeddable":true,"href":"https:\/\/silviafernandez.com\/fr\/wp-json\/wp\/v2\/product_tag?post=18452"}],"curies":[{"name":"wp","href":"https:\/\/api.w.org\/{rel}","templated":true}]}}