{"id":18447,"date":"2023-05-02T12:35:22","date_gmt":"2023-05-02T10:35:22","guid":{"rendered":"https:\/\/silviafernandez.com\/?post_type=product&#038;p=18447"},"modified":"2025-12-03T12:24:15","modified_gmt":"2025-12-03T11:24:15","slug":"melilla","status":"publish","type":"product","link":"https:\/\/silviafernandez.com\/fr\/vestidos-de-novia\/mademoiselle\/melilla\/","title":{"rendered":"Melilla"},"content":{"rendered":"<p>Vestido crepe<\/p>","protected":false},"excerpt":{"rendered":"<p>Notre mod\u00e8le Melilla est un deux-pi\u00e8ces qui combine une robe de base simple et minimaliste avec une cape spectaculaire que vous pouvez confortablement enlever. Il fusionne avec go\u00fbt le cr\u00eape lisse et le tulle brod\u00e9, tant dans la cape que dans les extr\u00e9mit\u00e9s des manches et l'encadrement du dos qui se d\u00e9couvre lorsque la cape est enlev\u00e9e. Un autre d\u00e9tail exquis sera la longue patte de boutonnage qui s'\u00e9tend du d\u00e9but \u00e0 la fin de la jupe droite.<\/p>","protected":false},"featured_media":20474,"template":"","meta":[],"product_brand":[],"product_cat":[671,20],"product_tag":[746],"class_list":{"0":"post-18447","1":"product","2":"type-product","3":"status-publish","4":"has-post-thumbnail","6":"product_cat-mademoiselle","7":"product_cat-vestidos-de-novia","8":"product_tag-mademoiselle","10":"first","11":"instock","12":"taxable","13":"shipping-taxable","14":"product-type-simple"},"_links":{"self":[{"href":"https:\/\/silviafernandez.com\/fr\/wp-json\/wp\/v2\/product\/18447","targetHints":{"allow":["GET"]}}],"collection":[{"href":"https:\/\/silviafernandez.com\/fr\/wp-json\/wp\/v2\/product"}],"about":[{"href":"https:\/\/silviafernandez.com\/fr\/wp-json\/wp\/v2\/types\/product"}],"wp:featuredmedia":[{"embeddable":true,"href":"https:\/\/silviafernandez.com\/fr\/wp-json\/wp\/v2\/media\/20474"}],"wp:attachment":[{"href":"https:\/\/silviafernandez.com\/fr\/wp-json\/wp\/v2\/media?parent=18447"}],"wp:term":[{"taxonomy":"product_brand","embeddable":true,"href":"https:\/\/silviafernandez.com\/fr\/wp-json\/wp\/v2\/product_brand?post=18447"},{"taxonomy":"product_cat","embeddable":true,"href":"https:\/\/silviafernandez.com\/fr\/wp-json\/wp\/v2\/product_cat?post=18447"},{"taxonomy":"product_tag","embeddable":true,"href":"https:\/\/silviafernandez.com\/fr\/wp-json\/wp\/v2\/product_tag?post=18447"}],"curies":[{"name":"wp","href":"https:\/\/api.w.org\/{rel}","templated":true}]}}