{"id":18441,"date":"2023-05-02T12:35:20","date_gmt":"2023-05-02T10:35:20","guid":{"rendered":"https:\/\/silviafernandez.com\/?post_type=product&#038;p=18441"},"modified":"2025-12-03T12:24:16","modified_gmt":"2025-12-03T11:24:16","slug":"merida","status":"publish","type":"product","link":"https:\/\/silviafernandez.com\/fr\/vestidos-de-novia\/mademoiselle\/merida\/","title":{"rendered":"Merida"},"content":{"rendered":"<p>Vestido crepe con perlas en hombro, lazo y caidas tul en espalda<\/p>","protected":false},"excerpt":{"rendered":"<p>Notre mod\u00e8le Merida, une robe de mari\u00e9e \u00e9l\u00e9gante et sophistiqu\u00e9e qui met en valeur la silhouette comme une seconde peau. Les d\u00e9tails perl\u00e9s sur les \u00e9paules et la taille compl\u00e8tent parfaitement sa fabrication en cr\u00eape, mais son principal protagoniste est sans aucun doute le maxi n\u0153ud dans le dos, avec un drap\u00e9 de tulle que vous pouvez facilement enlever si vous le souhaitez, laissant un d\u00e9collet\u00e9 en V assorti au devant.<\/p>","protected":false},"featured_media":20459,"template":"","meta":[],"product_brand":[],"product_cat":[671,20],"product_tag":[746],"class_list":{"0":"post-18441","1":"product","2":"type-product","3":"status-publish","4":"has-post-thumbnail","6":"product_cat-mademoiselle","7":"product_cat-vestidos-de-novia","8":"product_tag-mademoiselle","10":"first","11":"instock","12":"taxable","13":"shipping-taxable","14":"product-type-simple"},"_links":{"self":[{"href":"https:\/\/silviafernandez.com\/fr\/wp-json\/wp\/v2\/product\/18441","targetHints":{"allow":["GET"]}}],"collection":[{"href":"https:\/\/silviafernandez.com\/fr\/wp-json\/wp\/v2\/product"}],"about":[{"href":"https:\/\/silviafernandez.com\/fr\/wp-json\/wp\/v2\/types\/product"}],"wp:featuredmedia":[{"embeddable":true,"href":"https:\/\/silviafernandez.com\/fr\/wp-json\/wp\/v2\/media\/20459"}],"wp:attachment":[{"href":"https:\/\/silviafernandez.com\/fr\/wp-json\/wp\/v2\/media?parent=18441"}],"wp:term":[{"taxonomy":"product_brand","embeddable":true,"href":"https:\/\/silviafernandez.com\/fr\/wp-json\/wp\/v2\/product_brand?post=18441"},{"taxonomy":"product_cat","embeddable":true,"href":"https:\/\/silviafernandez.com\/fr\/wp-json\/wp\/v2\/product_cat?post=18441"},{"taxonomy":"product_tag","embeddable":true,"href":"https:\/\/silviafernandez.com\/fr\/wp-json\/wp\/v2\/product_tag?post=18441"}],"curies":[{"name":"wp","href":"https:\/\/api.w.org\/{rel}","templated":true}]}}