{"id":36618,"date":"2025-08-27T10:55:40","date_gmt":"2025-08-27T08:55:40","guid":{"rendered":"https:\/\/silviafernandez.com\/?page_id=36618"},"modified":"2025-10-10T08:47:28","modified_gmt":"2025-10-10T06:47:28","slug":"citas-con-silvia","status":"publish","type":"page","link":"https:\/\/silviafernandez.com\/fr\/citas-con-silvia\/","title":{"rendered":"Citas con Silvia"},"content":{"rendered":"<div data-elementor-type=\"wp-page\" data-elementor-id=\"36618\" class=\"elementor elementor-36618\" data-elementor-post-type=\"page\">\n\t\t\t\t<div class=\"elementor-element elementor-element-770fd21 e-con-full e-flex e-con e-parent\" data-id=\"770fd21\" data-element_type=\"container\" data-e-type=\"container\" data-settings=\"{&quot;jet_parallax_layout_list&quot;:[]}\">\n\t\t<div class=\"elementor-element elementor-element-1c2d230 e-con-full e-flex e-con e-child\" data-id=\"1c2d230\" data-element_type=\"container\" data-e-type=\"container\" data-settings=\"{&quot;jet_parallax_layout_list&quot;:[]}\">\n\t\t<div class=\"elementor-element elementor-element-fc25894 e-flex e-con-boxed e-con e-child\" data-id=\"fc25894\" data-element_type=\"container\" data-e-type=\"container\" data-settings=\"{&quot;jet_parallax_layout_list&quot;:[]}\">\n\t\t\t\t\t<div class=\"e-con-inner\">\n\t\t\t\t<div class=\"elementor-element elementor-element-e8a279a elementor-widget elementor-widget-heading\" data-id=\"e8a279a\" data-element_type=\"widget\" data-e-type=\"widget\" data-widget_type=\"heading.default\">\n\t\t\t\t\t<h1 class=\"elementor-heading-title elementor-size-default\">Citas con Silvia Fern\u00e1ndez<\/h1>\t\t\t\t<\/div>\n\t\t\t\t<div class=\"elementor-element elementor-element-dcf1beb elementor-widget elementor-widget-text-editor\" data-id=\"dcf1beb\" data-element_type=\"widget\" data-e-type=\"widget\" data-widget_type=\"text-editor.default\">\n\t\t\t\t\t\t\t\t\t<p>En Silvia Fern\u00e1ndez Atelier ofrecemos una experiencia de alta costura nupcial totalmente personalizada para aquellas novias que sue\u00f1an con un vestido \u00fanico distinto a cualquier pieza de la colecci\u00f3n, dise\u00f1ado a medida desde cero.<\/p><p>Durante la primera reuni\u00f3n, Silvia trabaja personalmente en la conceptualizaci\u00f3n del vestido, creando un boceto inicial que refleja la esencia y el estilo de la novia de forma totalmente personalizada.<\/p><p>La reserva de cita con Silvia lleva consigo una dedicaci\u00f3n exclusiva y creativa para cada novia.<\/p>\t\t\t\t\t\t\t\t<\/div>\n\t\t\t\t\t<\/div>\n\t\t\t\t<\/div>\n\t\t\t\t<\/div>\n\t\t<div class=\"elementor-element elementor-element-f0778b1 e-con-full e-flex e-con e-child\" data-id=\"f0778b1\" data-element_type=\"container\" data-e-type=\"container\" data-settings=\"{&quot;background_background&quot;:&quot;classic&quot;,&quot;jet_parallax_layout_list&quot;:[]}\">\n\t\t\t\t<\/div>\n\t\t\t\t<\/div>\n\t\t\t\t<\/div>","protected":false},"excerpt":{"rendered":"<p>Citas con Silvia Fern\u00e1ndez En Silvia Fern\u00e1ndez Atelier ofrecemos una experiencia de alta costura nupcial totalmente personalizada para aquellas novias que sue\u00f1an con un vestido \u00fanico distinto a cualquier pieza de la colecci\u00f3n, dise\u00f1ado a medida desde cero. Durante la primera reuni\u00f3n, Silvia trabaja personalmente en la conceptualizaci\u00f3n del vestido, creando un boceto inicial que [&hellip;]<\/p>\n","protected":false},"author":229,"featured_media":0,"parent":0,"menu_order":0,"comment_status":"closed","ping_status":"closed","template":"","meta":{"footnotes":""},"class_list":["post-36618","page","type-page","status-publish","hentry"],"_links":{"self":[{"href":"https:\/\/silviafernandez.com\/fr\/wp-json\/wp\/v2\/pages\/36618","targetHints":{"allow":["GET"]}}],"collection":[{"href":"https:\/\/silviafernandez.com\/fr\/wp-json\/wp\/v2\/pages"}],"about":[{"href":"https:\/\/silviafernandez.com\/fr\/wp-json\/wp\/v2\/types\/page"}],"author":[{"embeddable":true,"href":"https:\/\/silviafernandez.com\/fr\/wp-json\/wp\/v2\/users\/229"}],"replies":[{"embeddable":true,"href":"https:\/\/silviafernandez.com\/fr\/wp-json\/wp\/v2\/comments?post=36618"}],"version-history":[{"count":10,"href":"https:\/\/silviafernandez.com\/fr\/wp-json\/wp\/v2\/pages\/36618\/revisions"}],"predecessor-version":[{"id":37349,"href":"https:\/\/silviafernandez.com\/fr\/wp-json\/wp\/v2\/pages\/36618\/revisions\/37349"}],"wp:attachment":[{"href":"https:\/\/silviafernandez.com\/fr\/wp-json\/wp\/v2\/media?parent=36618"}],"curies":[{"name":"wp","href":"https:\/\/api.w.org\/{rel}","templated":true}]}}