{"id":36342,"date":"2025-07-15T13:45:30","date_gmt":"2025-07-15T11:45:30","guid":{"rendered":"https:\/\/silviafernandez.com\/?page_id=36342"},"modified":"2025-07-15T15:10:30","modified_gmt":"2025-07-15T13:10:30","slug":"2025-fiesta","status":"publish","type":"page","link":"https:\/\/silviafernandez.com\/fr\/2025-fiesta\/","title":{"rendered":"2025 Fiesta"},"content":{"rendered":"\t\t<div data-elementor-type=\"wp-page\" data-elementor-id=\"36342\" class=\"elementor elementor-36342\" data-elementor-post-type=\"page\">\n\t\t\t\t<div class=\"elementor-element elementor-element-a6c7d9f e-con-full e-flex e-con e-parent\" data-id=\"a6c7d9f\" data-element_type=\"container\" data-e-type=\"container\" data-settings=\"{&quot;jet_parallax_layout_list&quot;:[]}\">\n\t\t\t\t<div class=\"elementor-element elementor-element-76ea404 elementor-widget elementor-widget-image\" data-id=\"76ea404\" data-element_type=\"widget\" data-e-type=\"widget\" data-widget_type=\"image.default\">\n\t\t\t\t\t\t\t\t\t\t\t\t\t\t\t<img fetchpriority=\"high\" decoding=\"async\" width=\"2560\" height=\"1707\" src=\"https:\/\/silviafernandez.com\/wp-content\/uploads\/2025\/07\/37-briana-3-EDITADA-scaled.webp\" class=\"attachment-full size-full wp-image-36346\" alt=\"Briana (3) Editada\" srcset=\"https:\/\/silviafernandez.com\/wp-content\/uploads\/2025\/07\/37-briana-3-EDITADA-scaled.webp 2560w, https:\/\/silviafernandez.com\/wp-content\/uploads\/2025\/07\/37-briana-3-EDITADA-300x200.webp 300w, https:\/\/silviafernandez.com\/wp-content\/uploads\/2025\/07\/37-briana-3-EDITADA-1024x683.webp 1024w, https:\/\/silviafernandez.com\/wp-content\/uploads\/2025\/07\/37-briana-3-EDITADA-768x512.webp 768w, https:\/\/silviafernandez.com\/wp-content\/uploads\/2025\/07\/37-briana-3-EDITADA-1536x1024.webp 1536w, https:\/\/silviafernandez.com\/wp-content\/uploads\/2025\/07\/37-briana-3-EDITADA-2048x1365.webp 2048w, https:\/\/silviafernandez.com\/wp-content\/uploads\/2025\/07\/37-briana-3-EDITADA-18x12.webp 18w, https:\/\/silviafernandez.com\/wp-content\/uploads\/2025\/07\/37-briana-3-EDITADA-400x267.webp 400w, https:\/\/silviafernandez.com\/wp-content\/uploads\/2025\/07\/37-briana-3-EDITADA-500x333.webp 500w, https:\/\/silviafernandez.com\/wp-content\/uploads\/2025\/07\/37-briana-3-EDITADA-900x600.webp 900w\" sizes=\"(max-width: 2560px) 100vw, 2560px\" \/>\t\t\t\t\t\t\t\t\t\t\t\t\t\t\t<\/div>\n\t\t\t\t<div class=\"elementor-element elementor-element-a763148 elementor-widget__width-inherit elementor-absolute elementor-view-default elementor-invisible elementor-widget elementor-widget-icon\" data-id=\"a763148\" data-element_type=\"widget\" data-e-type=\"widget\" data-settings=\"{&quot;_position&quot;:&quot;absolute&quot;,&quot;motion_fx_motion_fx_scrolling&quot;:&quot;yes&quot;,&quot;motion_fx_translateY_effect&quot;:&quot;yes&quot;,&quot;motion_fx_translateY_speed&quot;:{&quot;unit&quot;:&quot;px&quot;,&quot;size&quot;:30,&quot;sizes&quot;:[]},&quot;motion_fx_opacity_effect&quot;:&quot;yes&quot;,&quot;motion_fx_opacity_direction&quot;:&quot;in-out&quot;,&quot;motion_fx_opacity_level&quot;:{&quot;unit&quot;:&quot;px&quot;,&quot;size&quot;:20,&quot;sizes&quot;:[]},&quot;motion_fx_opacity_range&quot;:{&quot;unit&quot;:&quot;%&quot;,&quot;size&quot;:&quot;&quot;,&quot;sizes&quot;:{&quot;start&quot;:50,&quot;end&quot;:85}},&quot;_animation&quot;:&quot;fadeInUp&quot;,&quot;_animation_delay&quot;:500,&quot;motion_fx_translateY_affectedRange&quot;:{&quot;unit&quot;:&quot;%&quot;,&quot;size&quot;:&quot;&quot;,&quot;sizes&quot;:{&quot;start&quot;:22,&quot;end&quot;:100}},&quot;motion_fx_devices&quot;:[&quot;desktop&quot;,&quot;tablet&quot;,&quot;mobile&quot;]}\" data-widget_type=\"icon.default\">\n\t\t\t\t\t\t\t<div class=\"elementor-icon-wrapper\">\n\t\t\t<div class=\"elementor-icon\">\n\t\t\t<svg xmlns=\"http:\/\/www.w3.org\/2000\/svg\" width=\"1601.56\" height=\"92.37\" viewBox=\"0 0 1601.56 92.37\"><g id=\"Capa_2\" data-name=\"Capa 2\"><g id=\"Capa_1-2\" data-name=\"Capa 1\"><path d=\"M49.29,71.12c0,10.9-8.78,21.12-23.5,21.12-12.21,0-20.08-5.4-25.79-12.4l10.73-8.49c3.53,6,8.9,9.41,15.06,9.41,6.5,0,10.83-4.24,10.83-9.41,0-6.09-7-7.91-14.37-10.33C13.13,58.15,3,54.48,3,41.39c0-11.14,9.35-19.52,22.23-19.52,11,0,17.69,4.37,22.94,10.44L38.22,39.9a14.63,14.63,0,0,0-12.88-7.24c-5.94,0-9.94,3.57-9.94,8.28,0,5.84,6.62,7.68,14.26,10.21C38.8,54,49.29,58,49.29,71.12m68.58-48.21H105.55V91.33h12.32ZM227,79.5H201.28V22.91H189.07V91.33H227ZM316.86,73l-16.65-50H287.43l23,68.42h12.66l22.94-68.42H333.3Zm109.57-50H414.1V91.33h12.33Zm87.15,0-24.3,68.42h12.43l18-51.55,17.91,51.55H550.2L525.79,22.91Zm651,1-24.3,68.42h12.43l18-51.53,17.9,51.53h12.56L1176.77,24ZM707.8,92.37h12.1V63.79h17V52.31h-17V35.43h26.46V24H707.8Zm106.06,0h40.61V80.78H826v-17h19V52.31H826V35.43h28.52V24H813.86ZM971.23,46.69c0-12.63-9.47-22.74-24.64-22.74H924.23V92.37h12.2v-57h9.36c8.79,0,12.89,4.47,12.89,11.48,0,5.74-4.45,11.94-13.23,11.94h-6.73l19.85,33.63h14.14L957.08,67.12c9.25-3.33,14.15-11.48,14.15-20.43m107.23,24.79L1047.21,24h-13.35V92.37H1046V43.58l32.17,48.79h12.44V24h-12.1Zm209,0L1256.2,24h-13.35V92.37h12.09V43.58l32.17,48.79h12.44V24h-12.09Zm123.87-13.32c0,19.52-14.84,34.21-35.14,34.21h-19.74V24h19.4c21.56,0,35.48,14.82,35.48,34.21m-12.33,0c0-13.08-8.55-22.84-24-22.84h-6.51V80.9h6.85c14.14,0,23.61-9.88,23.61-22.74m62.57,34.21h40.61V80.78h-28.51v-17h19V52.31h-19V35.43h28.51V24h-40.61Zm140-68.42h-44.15V35.43h29.76L1556.61,81V92.37h45V80.78h-30.8l30.8-45.68Zm-414.33-14-3-9.94-24.7,7.65,3,9.94Z\" fill=\"#fff\"><\/path><\/g><\/g><\/svg>\t\t\t<\/div>\n\t\t<\/div>\n\t\t\t\t\t\t<\/div>\n\t\t\t\t<\/div>\n\t\t<div class=\"elementor-element elementor-element-d559fd4 e-con-full e-flex e-con e-parent\" data-id=\"d559fd4\" data-element_type=\"container\" data-e-type=\"container\" data-settings=\"{&quot;jet_parallax_layout_list&quot;:[]}\">\n\t\t<div class=\"elementor-element elementor-element-3664a02 e-con-full e-flex e-con e-child\" data-id=\"3664a02\" data-element_type=\"container\" data-e-type=\"container\" data-settings=\"{&quot;jet_parallax_layout_list&quot;:[]}\">\n\t\t\t\t<div class=\"elementor-element elementor-element-ea68940 elementor-widget elementor-widget-image\" data-id=\"ea68940\" data-element_type=\"widget\" data-e-type=\"widget\" data-widget_type=\"image.default\">\n\t\t\t\t\t\t\t\t\t\t\t\t\t\t\t<img decoding=\"async\" src=\"https:\/\/silviafernandez.com\/wp-content\/uploads\/2025\/07\/SILVIA-FERNANDEZ-FIESTA_002-BONITA_0246-scaled.webp\" title=\"\" alt=\"\" loading=\"lazy\" \/>\t\t\t\t\t\t\t\t\t\t\t\t\t\t\t<\/div>\n\t\t\t\t<\/div>\n\t\t<div class=\"elementor-element elementor-element-6b9d502 e-con-full e-flex e-con e-child\" data-id=\"6b9d502\" data-element_type=\"container\" data-e-type=\"container\" data-settings=\"{&quot;jet_parallax_layout_list&quot;:[]}\">\n\t\t\t\t<div class=\"elementor-element elementor-element-9a67a22 elementor-widget elementor-widget-image\" data-id=\"9a67a22\" data-element_type=\"widget\" data-e-type=\"widget\" data-widget_type=\"image.default\">\n\t\t\t\t\t\t\t\t\t\t\t\t\t\t\t<img decoding=\"async\" width=\"1707\" height=\"2560\" src=\"https:\/\/silviafernandez.com\/wp-content\/uploads\/2025\/07\/26-boiro-2-editada-scaled.webp\" class=\"attachment-full size-full wp-image-36348\" alt=\"Boiro (2) Editada\" srcset=\"https:\/\/silviafernandez.com\/wp-content\/uploads\/2025\/07\/26-boiro-2-editada-scaled.webp 1707w, https:\/\/silviafernandez.com\/wp-content\/uploads\/2025\/07\/26-boiro-2-editada-200x300.webp 200w, https:\/\/silviafernandez.com\/wp-content\/uploads\/2025\/07\/26-boiro-2-editada-683x1024.webp 683w, https:\/\/silviafernandez.com\/wp-content\/uploads\/2025\/07\/26-boiro-2-editada-768x1152.webp 768w, https:\/\/silviafernandez.com\/wp-content\/uploads\/2025\/07\/26-boiro-2-editada-1024x1536.webp 1024w, https:\/\/silviafernandez.com\/wp-content\/uploads\/2025\/07\/26-boiro-2-editada-1365x2048.webp 1365w, https:\/\/silviafernandez.com\/wp-content\/uploads\/2025\/07\/26-boiro-2-editada-8x12.webp 8w, https:\/\/silviafernandez.com\/wp-content\/uploads\/2025\/07\/26-boiro-2-editada-400x600.webp 400w, https:\/\/silviafernandez.com\/wp-content\/uploads\/2025\/07\/26-boiro-2-editada-500x750.webp 500w, https:\/\/silviafernandez.com\/wp-content\/uploads\/2025\/07\/26-boiro-2-editada-900x1350.webp 900w\" sizes=\"(max-width: 1707px) 100vw, 1707px\" \/>\t\t\t\t\t\t\t\t\t\t\t\t\t\t\t<\/div>\n\t\t\t\t<\/div>\n\t\t\t\t<\/div>\n\t\t<div class=\"elementor-element elementor-element-e529cc2 e-flex e-con-boxed e-con e-parent\" data-id=\"e529cc2\" data-element_type=\"container\" data-e-type=\"container\" data-settings=\"{&quot;jet_parallax_layout_list&quot;:[]}\">\n\t\t\t\t\t<div class=\"e-con-inner\">\n\t\t<div class=\"elementor-element elementor-element-2140b05 e-flex e-con-boxed e-con e-child\" data-id=\"2140b05\" data-element_type=\"container\" data-e-type=\"container\" data-settings=\"{&quot;jet_parallax_layout_list&quot;:[]}\">\n\t\t\t\t\t<div class=\"e-con-inner\">\n\t\t\t\t<div class=\"elementor-element elementor-element-6f20e75 elementor-widget elementor-widget-image\" data-id=\"6f20e75\" data-element_type=\"widget\" data-e-type=\"widget\" data-widget_type=\"image.default\">\n\t\t\t\t\t\t\t\t\t\t\t\t\t\t\t<img decoding=\"async\" width=\"2560\" height=\"1707\" src=\"https:\/\/silviafernandez.com\/wp-content\/uploads\/2025\/07\/15-berlin-EDITADA-scaled.webp\" class=\"attachment-full size-full wp-image-36350\" alt=\"Berlin Editada\" srcset=\"https:\/\/silviafernandez.com\/wp-content\/uploads\/2025\/07\/15-berlin-EDITADA-scaled.webp 2560w, https:\/\/silviafernandez.com\/wp-content\/uploads\/2025\/07\/15-berlin-EDITADA-300x200.webp 300w, https:\/\/silviafernandez.com\/wp-content\/uploads\/2025\/07\/15-berlin-EDITADA-1024x683.webp 1024w, https:\/\/silviafernandez.com\/wp-content\/uploads\/2025\/07\/15-berlin-EDITADA-768x512.webp 768w, https:\/\/silviafernandez.com\/wp-content\/uploads\/2025\/07\/15-berlin-EDITADA-1536x1024.webp 1536w, https:\/\/silviafernandez.com\/wp-content\/uploads\/2025\/07\/15-berlin-EDITADA-2048x1365.webp 2048w, https:\/\/silviafernandez.com\/wp-content\/uploads\/2025\/07\/15-berlin-EDITADA-18x12.webp 18w, https:\/\/silviafernandez.com\/wp-content\/uploads\/2025\/07\/15-berlin-EDITADA-400x267.webp 400w, https:\/\/silviafernandez.com\/wp-content\/uploads\/2025\/07\/15-berlin-EDITADA-500x333.webp 500w, https:\/\/silviafernandez.com\/wp-content\/uploads\/2025\/07\/15-berlin-EDITADA-900x600.webp 900w\" sizes=\"(max-width: 2560px) 100vw, 2560px\" \/>\t\t\t\t\t\t\t\t\t\t\t\t\t\t\t<\/div>\n\t\t\t\t\t<\/div>\n\t\t\t\t<\/div>\n\t\t<div class=\"elementor-element elementor-element-5b4d122 e-flex e-con-boxed e-con e-child\" data-id=\"5b4d122\" data-element_type=\"container\" data-e-type=\"container\" data-settings=\"{&quot;jet_parallax_layout_list&quot;:[]}\">\n\t\t\t\t\t<div class=\"e-con-inner\">\n\t\t\t\t<div class=\"elementor-element elementor-element-af9ec13 elementor-widget elementor-widget-image\" data-id=\"af9ec13\" data-element_type=\"widget\" data-e-type=\"widget\" data-widget_type=\"image.default\">\n\t\t\t\t\t\t\t\t\t\t\t\t\t\t\t<img loading=\"lazy\" decoding=\"async\" width=\"1707\" height=\"2560\" src=\"https:\/\/silviafernandez.com\/wp-content\/uploads\/2025\/07\/SILVIA-FERNANDEZ-FIESTA_043-BERLIN_7455-scaled.webp\" class=\"attachment-full size-full wp-image-36351\" alt=\"Silvia Fernandez &#8211; Fiesta 043 Berlin\" srcset=\"https:\/\/silviafernandez.com\/wp-content\/uploads\/2025\/07\/SILVIA-FERNANDEZ-FIESTA_043-BERLIN_7455-scaled.webp 1707w, https:\/\/silviafernandez.com\/wp-content\/uploads\/2025\/07\/SILVIA-FERNANDEZ-FIESTA_043-BERLIN_7455-200x300.webp 200w, https:\/\/silviafernandez.com\/wp-content\/uploads\/2025\/07\/SILVIA-FERNANDEZ-FIESTA_043-BERLIN_7455-683x1024.webp 683w, https:\/\/silviafernandez.com\/wp-content\/uploads\/2025\/07\/SILVIA-FERNANDEZ-FIESTA_043-BERLIN_7455-768x1152.webp 768w, https:\/\/silviafernandez.com\/wp-content\/uploads\/2025\/07\/SILVIA-FERNANDEZ-FIESTA_043-BERLIN_7455-1024x1536.webp 1024w, https:\/\/silviafernandez.com\/wp-content\/uploads\/2025\/07\/SILVIA-FERNANDEZ-FIESTA_043-BERLIN_7455-1365x2048.webp 1365w, https:\/\/silviafernandez.com\/wp-content\/uploads\/2025\/07\/SILVIA-FERNANDEZ-FIESTA_043-BERLIN_7455-8x12.webp 8w, https:\/\/silviafernandez.com\/wp-content\/uploads\/2025\/07\/SILVIA-FERNANDEZ-FIESTA_043-BERLIN_7455-400x600.webp 400w, https:\/\/silviafernandez.com\/wp-content\/uploads\/2025\/07\/SILVIA-FERNANDEZ-FIESTA_043-BERLIN_7455-500x750.webp 500w, https:\/\/silviafernandez.com\/wp-content\/uploads\/2025\/07\/SILVIA-FERNANDEZ-FIESTA_043-BERLIN_7455-900x1350.webp 900w\" sizes=\"(max-width: 1707px) 100vw, 1707px\" \/>\t\t\t\t\t\t\t\t\t\t\t\t\t\t\t<\/div>\n\t\t\t\t<div class=\"elementor-element elementor-element-3a7e00c elementor-widget__width-initial elementor-widget-tablet__width-initial elementor-widget elementor-widget-heading\" data-id=\"3a7e00c\" data-element_type=\"widget\" data-e-type=\"widget\" data-widget_type=\"heading.default\">\n\t\t\t\t\t<div class=\"elementor-heading-title elementor-size-default\">En Silvia Fern\u00e1ndez cosemos vestidos y creamos piezas con alma. Cada dise\u00f1o es un viaje a tus ra\u00edces, a tus sue\u00f1os, a lo que te hace \u00fanica.<br>\n\nDeslumbra con nuestra colecci\u00f3n, musas, el dise\u00f1o ideal para cualquier ocasi\u00f3n.<\/div>\t\t\t\t<\/div>\n\t\t\t\t\t<\/div>\n\t\t\t\t<\/div>\n\t\t\t\t\t<\/div>\n\t\t\t\t<\/div>\n\t\t<div class=\"elementor-element elementor-element-1fbdd89 e-con-full e-flex e-con e-parent\" data-id=\"1fbdd89\" data-element_type=\"container\" data-e-type=\"container\" data-settings=\"{&quot;jet_parallax_layout_list&quot;:[]}\">\n\t\t\t\t<div class=\"elementor-element elementor-element-078ef49 elementor-widget elementor-widget-image\" data-id=\"078ef49\" data-element_type=\"widget\" data-e-type=\"widget\" data-widget_type=\"image.default\">\n\t\t\t\t\t\t\t\t\t\t\t\t\t\t\t<img loading=\"lazy\" decoding=\"async\" width=\"2560\" height=\"1707\" src=\"https:\/\/silviafernandez.com\/wp-content\/uploads\/2025\/07\/6-barbara-2-EDITADA-scaled.webp\" class=\"attachment-full size-full wp-image-36352\" alt=\"Barbara 2 Editada\" srcset=\"https:\/\/silviafernandez.com\/wp-content\/uploads\/2025\/07\/6-barbara-2-EDITADA-scaled.webp 2560w, https:\/\/silviafernandez.com\/wp-content\/uploads\/2025\/07\/6-barbara-2-EDITADA-300x200.webp 300w, https:\/\/silviafernandez.com\/wp-content\/uploads\/2025\/07\/6-barbara-2-EDITADA-1024x683.webp 1024w, https:\/\/silviafernandez.com\/wp-content\/uploads\/2025\/07\/6-barbara-2-EDITADA-768x512.webp 768w, https:\/\/silviafernandez.com\/wp-content\/uploads\/2025\/07\/6-barbara-2-EDITADA-1536x1024.webp 1536w, https:\/\/silviafernandez.com\/wp-content\/uploads\/2025\/07\/6-barbara-2-EDITADA-2048x1365.webp 2048w, https:\/\/silviafernandez.com\/wp-content\/uploads\/2025\/07\/6-barbara-2-EDITADA-18x12.webp 18w, https:\/\/silviafernandez.com\/wp-content\/uploads\/2025\/07\/6-barbara-2-EDITADA-400x267.webp 400w, https:\/\/silviafernandez.com\/wp-content\/uploads\/2025\/07\/6-barbara-2-EDITADA-500x333.webp 500w, https:\/\/silviafernandez.com\/wp-content\/uploads\/2025\/07\/6-barbara-2-EDITADA-900x600.webp 900w\" sizes=\"(max-width: 2560px) 100vw, 2560px\" \/>\t\t\t\t\t\t\t\t\t\t\t\t\t\t\t<\/div>\n\t\t\t\t<div class=\"elementor-element elementor-element-0c52214 elementor-absolute elementor-invisible elementor-widget elementor-widget-heading\" data-id=\"0c52214\" data-element_type=\"widget\" data-e-type=\"widget\" data-settings=\"{&quot;_position&quot;:&quot;absolute&quot;,&quot;_animation&quot;:&quot;fadeInUp&quot;,&quot;_animation_delay&quot;:500}\" data-widget_type=\"heading.default\">\n\t\t\t\t\t<div class=\"elementor-heading-title elementor-size-default\">Los colores que marcan<br>tendencia en eventos<\/div>\t\t\t\t<\/div>\n\t\t\t\t<\/div>\n\t\t<div class=\"elementor-element elementor-element-914b546 e-con-full e-flex e-con e-parent\" data-id=\"914b546\" data-element_type=\"container\" data-e-type=\"container\" data-settings=\"{&quot;jet_parallax_layout_list&quot;:[]}\">\n\t\t<div class=\"elementor-element elementor-element-b4ffa46 e-con-full e-flex e-con e-child\" data-id=\"b4ffa46\" data-element_type=\"container\" data-e-type=\"container\" data-settings=\"{&quot;jet_parallax_layout_list&quot;:[]}\">\n\t\t\t\t<div class=\"elementor-element elementor-element-a0eb710 elementor-widget elementor-widget-image\" data-id=\"a0eb710\" data-element_type=\"widget\" data-e-type=\"widget\" data-widget_type=\"image.default\">\n\t\t\t\t\t\t\t\t\t\t\t\t\t\t\t<img loading=\"lazy\" decoding=\"async\" width=\"1707\" height=\"2560\" src=\"https:\/\/silviafernandez.com\/wp-content\/uploads\/2025\/07\/14-berlanga-2-editada-OK-scaled.webp\" class=\"attachment-full size-full wp-image-36353\" alt=\"Berlanga (2) Editada Ok\" srcset=\"https:\/\/silviafernandez.com\/wp-content\/uploads\/2025\/07\/14-berlanga-2-editada-OK-scaled.webp 1707w, https:\/\/silviafernandez.com\/wp-content\/uploads\/2025\/07\/14-berlanga-2-editada-OK-200x300.webp 200w, https:\/\/silviafernandez.com\/wp-content\/uploads\/2025\/07\/14-berlanga-2-editada-OK-683x1024.webp 683w, https:\/\/silviafernandez.com\/wp-content\/uploads\/2025\/07\/14-berlanga-2-editada-OK-768x1152.webp 768w, https:\/\/silviafernandez.com\/wp-content\/uploads\/2025\/07\/14-berlanga-2-editada-OK-1024x1536.webp 1024w, https:\/\/silviafernandez.com\/wp-content\/uploads\/2025\/07\/14-berlanga-2-editada-OK-1365x2048.webp 1365w, https:\/\/silviafernandez.com\/wp-content\/uploads\/2025\/07\/14-berlanga-2-editada-OK-8x12.webp 8w, https:\/\/silviafernandez.com\/wp-content\/uploads\/2025\/07\/14-berlanga-2-editada-OK-400x600.webp 400w, https:\/\/silviafernandez.com\/wp-content\/uploads\/2025\/07\/14-berlanga-2-editada-OK-500x750.webp 500w, https:\/\/silviafernandez.com\/wp-content\/uploads\/2025\/07\/14-berlanga-2-editada-OK-900x1350.webp 900w\" sizes=\"(max-width: 1707px) 100vw, 1707px\" \/>\t\t\t\t\t\t\t\t\t\t\t\t\t\t\t<\/div>\n\t\t\t\t<\/div>\n\t\t<div class=\"elementor-element elementor-element-e1715fe e-con-full e-flex e-con e-child\" data-id=\"e1715fe\" data-element_type=\"container\" data-e-type=\"container\" data-settings=\"{&quot;jet_parallax_layout_list&quot;:[]}\">\n\t\t\t\t<div class=\"elementor-element elementor-element-bb23b3f elementor-widget elementor-widget-image\" data-id=\"bb23b3f\" data-element_type=\"widget\" data-e-type=\"widget\" data-widget_type=\"image.default\">\n\t\t\t\t\t\t\t\t\t\t\t\t\t\t\t<img loading=\"lazy\" decoding=\"async\" width=\"1707\" height=\"2560\" src=\"https:\/\/silviafernandez.com\/wp-content\/uploads\/2025\/07\/19-bianca-3-editada-scaled.webp\" class=\"attachment-full size-full wp-image-36354\" alt=\"Bianca (3) Editada\" srcset=\"https:\/\/silviafernandez.com\/wp-content\/uploads\/2025\/07\/19-bianca-3-editada-scaled.webp 1707w, https:\/\/silviafernandez.com\/wp-content\/uploads\/2025\/07\/19-bianca-3-editada-200x300.webp 200w, https:\/\/silviafernandez.com\/wp-content\/uploads\/2025\/07\/19-bianca-3-editada-683x1024.webp 683w, https:\/\/silviafernandez.com\/wp-content\/uploads\/2025\/07\/19-bianca-3-editada-768x1152.webp 768w, https:\/\/silviafernandez.com\/wp-content\/uploads\/2025\/07\/19-bianca-3-editada-1024x1536.webp 1024w, https:\/\/silviafernandez.com\/wp-content\/uploads\/2025\/07\/19-bianca-3-editada-1365x2048.webp 1365w, https:\/\/silviafernandez.com\/wp-content\/uploads\/2025\/07\/19-bianca-3-editada-8x12.webp 8w, https:\/\/silviafernandez.com\/wp-content\/uploads\/2025\/07\/19-bianca-3-editada-400x600.webp 400w, https:\/\/silviafernandez.com\/wp-content\/uploads\/2025\/07\/19-bianca-3-editada-500x750.webp 500w, https:\/\/silviafernandez.com\/wp-content\/uploads\/2025\/07\/19-bianca-3-editada-900x1350.webp 900w\" sizes=\"(max-width: 1707px) 100vw, 1707px\" \/>\t\t\t\t\t\t\t\t\t\t\t\t\t\t\t<\/div>\n\t\t\t\t<\/div>\n\t\t\t\t<\/div>\n\t\t<div class=\"elementor-element elementor-element-c80b3d3 e-flex e-con-boxed e-con e-parent\" data-id=\"c80b3d3\" data-element_type=\"container\" data-e-type=\"container\" data-settings=\"{&quot;background_background&quot;:&quot;classic&quot;,&quot;jet_parallax_layout_list&quot;:[]}\">\n\t\t\t\t\t<div class=\"e-con-inner\">\n\t\t<div class=\"elementor-element elementor-element-02b2c93 e-flex e-con-boxed e-con e-child\" data-id=\"02b2c93\" data-element_type=\"container\" data-e-type=\"container\" data-settings=\"{&quot;jet_parallax_layout_list&quot;:[]}\">\n\t\t\t\t\t<div class=\"e-con-inner\">\n\t\t<div class=\"elementor-element elementor-element-61be775 e-con-full animated-fast e-flex elementor-invisible e-con e-child\" data-id=\"61be775\" data-element_type=\"container\" data-e-type=\"container\" data-settings=\"{&quot;animation&quot;:&quot;fadeIn&quot;,&quot;animation_delay&quot;:500,&quot;jet_parallax_layout_list&quot;:[]}\">\n\t\t\t\t<div class=\"elementor-element elementor-element-46d0b2a elementor-widget elementor-widget-heading\" data-id=\"46d0b2a\" data-element_type=\"widget\" data-e-type=\"widget\" data-widget_type=\"heading.default\">\n\t\t\t\t\t<div class=\"elementor-heading-title elementor-size-default\">ELEGANCIA\nATEMPORAL<\/div>\t\t\t\t<\/div>\n\t\t\t\t<div class=\"elementor-element elementor-element-1c6c445 elementor-widget elementor-widget-heading\" data-id=\"1c6c445\" data-element_type=\"widget\" data-e-type=\"widget\" data-widget_type=\"heading.default\">\n\t\t\t\t\t<p class=\"elementor-heading-title elementor-size-default\">D\u00e9jate envolver por tejidos et\u00e9reos, cortes impecables y detalles que transforman cada vestido en un sue\u00f1o. <br><br>\n\nMangas extra\u00edbles, espaldas que seducen y capas que dejan huella en cada paso. <br>\nDescubre el poder de sentirte una aut\u00e9ntica musa.<\/p>\t\t\t\t<\/div>\n\t\t\t\t<div class=\"elementor-element elementor-element-cbfd1b2 elementor-widget elementor-widget-image\" data-id=\"cbfd1b2\" data-element_type=\"widget\" data-e-type=\"widget\" data-widget_type=\"image.default\">\n\t\t\t\t\t\t\t\t\t\t\t\t\t\t\t<img decoding=\"async\" src=\"https:\/\/silviafernandez.com\/wp-content\/uploads\/2025\/07\/SILVIA-FERNANDEZ-FIESTA_007-BELLA_1178-scaled.webp\" title=\"\" alt=\"\" loading=\"lazy\" \/>\t\t\t\t\t\t\t\t\t\t\t\t\t\t\t<\/div>\n\t\t\t\t<\/div>\n\t\t<div class=\"elementor-element elementor-element-029be3a e-con-full animated-fast e-flex elementor-invisible e-con e-child\" data-id=\"029be3a\" data-element_type=\"container\" data-e-type=\"container\" data-settings=\"{&quot;animation&quot;:&quot;fadeIn&quot;,&quot;animation_delay&quot;:750,&quot;jet_parallax_layout_list&quot;:[]}\">\n\t\t\t\t<div class=\"elementor-element elementor-element-51b7b93 elementor-widget elementor-widget-image\" data-id=\"51b7b93\" data-element_type=\"widget\" data-e-type=\"widget\" data-widget_type=\"image.default\">\n\t\t\t\t\t\t\t\t\t\t\t\t\t\t\t<img loading=\"lazy\" decoding=\"async\" width=\"683\" height=\"1024\" src=\"https:\/\/silviafernandez.com\/wp-content\/uploads\/2025\/07\/18-beso-2-EDITADA-683x1024.webp\" class=\"attachment-large size-large wp-image-36355\" alt=\"Beso (2) Editada\" srcset=\"https:\/\/silviafernandez.com\/wp-content\/uploads\/2025\/07\/18-beso-2-EDITADA-683x1024.webp 683w, https:\/\/silviafernandez.com\/wp-content\/uploads\/2025\/07\/18-beso-2-EDITADA-200x300.webp 200w, https:\/\/silviafernandez.com\/wp-content\/uploads\/2025\/07\/18-beso-2-EDITADA-768x1152.webp 768w, https:\/\/silviafernandez.com\/wp-content\/uploads\/2025\/07\/18-beso-2-EDITADA-1024x1536.webp 1024w, https:\/\/silviafernandez.com\/wp-content\/uploads\/2025\/07\/18-beso-2-EDITADA-1365x2048.webp 1365w, https:\/\/silviafernandez.com\/wp-content\/uploads\/2025\/07\/18-beso-2-EDITADA-8x12.webp 8w, https:\/\/silviafernandez.com\/wp-content\/uploads\/2025\/07\/18-beso-2-EDITADA-400x600.webp 400w, https:\/\/silviafernandez.com\/wp-content\/uploads\/2025\/07\/18-beso-2-EDITADA-500x750.webp 500w, https:\/\/silviafernandez.com\/wp-content\/uploads\/2025\/07\/18-beso-2-EDITADA-900x1350.webp 900w, https:\/\/silviafernandez.com\/wp-content\/uploads\/2025\/07\/18-beso-2-EDITADA-scaled.webp 1707w\" sizes=\"(max-width: 683px) 100vw, 683px\" \/>\t\t\t\t\t\t\t\t\t\t\t\t\t\t\t<\/div>\n\t\t\t\t<\/div>\n\t\t\t\t\t<\/div>\n\t\t\t\t<\/div>\n\t\t\t\t\t<\/div>\n\t\t\t\t<\/div>\n\t\t<div class=\"elementor-element elementor-element-1436a2b e-con-full e-flex e-con e-parent\" data-id=\"1436a2b\" data-element_type=\"container\" data-e-type=\"container\" data-settings=\"{&quot;jet_parallax_layout_list&quot;:[],&quot;background_background&quot;:&quot;video&quot;}\">\n\t\t\t\t<div class=\"elementor-element elementor-element-b7a3113 elementor-widget elementor-widget-jet-video\" data-id=\"b7a3113\" data-element_type=\"widget\" data-e-type=\"widget\" data-widget_type=\"jet-video.default\">\n\t\t\t\t<div class=\"elementor-widget-container\">\n\t\t\t\t\t<div class=\"elementor-jet-video jet-elements\">\n<div class=\"jet-video jet-video--fa5-compat\" data-settings=\"{&quot;lightbox&quot;:false,&quot;autoplay&quot;:false}\"><video class=\"jet-video-player jet-video-html5-player jet-video-custom-play-button\" src=\"https:\/\/pruebas.silviafernandez.com\/musas-fiesta.mp4\" loop=\"\" playsinline=\"\" muted=\"\" poster=\"https:\/\/silviafernandez.com\/wp-content\/uploads\/2025\/07\/portada-musas-video-scaled.webp\"><\/video>\n<div class=\"jet-video__overlay\">\n<div class=\"jet-video__play-button\" role=\"button\" tabindex=\"0\" aria-label=\"Video play button\"><span class=\"jet-elements-icon jet-video__play-button-icon\"><svg aria-hidden=\"true\" class=\"e-font-icon-svg e-fas-play\" viewBox=\"0 0 448 512\" xmlns=\"http:\/\/www.w3.org\/2000\/svg\"><path d=\"M424.4 214.7L72.4 6.6C43.8-10.3 0 6.1 0 47.9V464c0 37.5 40.7 60.1 72.4 41.3l352-208c31.4-18.5 31.5-64.1 0-82.6z\"><\/path><\/svg><\/span>\t<span class=\"elementor-screen-only\">Play Video<\/span>\n<\/div>\n<\/div>\n<\/div>\n<\/div>\t\t\t\t<\/div>\n\t\t\t\t<\/div>\n\t\t\t\t<\/div>\n\t\t\t\t<\/div>\n\t\t","protected":false},"excerpt":{"rendered":"<p>En Silvia Fern\u00e1ndez cosemos vestidos y creamos piezas con alma. Cada dise\u00f1o es un viaje a tus ra\u00edces, a tus sue\u00f1os, a lo que te hace \u00fanica. Deslumbra con nuestra colecci\u00f3n, musas, el dise\u00f1o ideal para cualquier ocasi\u00f3n. Los colores que marcantendencia en eventos ELEGANCIA ATEMPORAL D\u00e9jate envolver por tejidos et\u00e9reos, cortes impecables y detalles [&hellip;]<\/p>\n","protected":false},"author":229,"featured_media":0,"parent":0,"menu_order":0,"comment_status":"closed","ping_status":"closed","template":"","meta":{"footnotes":""},"class_list":["post-36342","page","type-page","status-publish","hentry"],"_links":{"self":[{"href":"https:\/\/silviafernandez.com\/fr\/wp-json\/wp\/v2\/pages\/36342","targetHints":{"allow":["GET"]}}],"collection":[{"href":"https:\/\/silviafernandez.com\/fr\/wp-json\/wp\/v2\/pages"}],"about":[{"href":"https:\/\/silviafernandez.com\/fr\/wp-json\/wp\/v2\/types\/page"}],"author":[{"embeddable":true,"href":"https:\/\/silviafernandez.com\/fr\/wp-json\/wp\/v2\/users\/229"}],"replies":[{"embeddable":true,"href":"https:\/\/silviafernandez.com\/fr\/wp-json\/wp\/v2\/comments?post=36342"}],"version-history":[{"count":3,"href":"https:\/\/silviafernandez.com\/fr\/wp-json\/wp\/v2\/pages\/36342\/revisions"}],"predecessor-version":[{"id":36367,"href":"https:\/\/silviafernandez.com\/fr\/wp-json\/wp\/v2\/pages\/36342\/revisions\/36367"}],"wp:attachment":[{"href":"https:\/\/silviafernandez.com\/fr\/wp-json\/wp\/v2\/media?parent=36342"}],"curies":[{"name":"wp","href":"https:\/\/api.w.org\/{rel}","templated":true}]}}