{"id":301,"date":"2020-02-19T18:11:49","date_gmt":"2020-02-19T17:11:49","guid":{"rendered":"https:\/\/silviafernandez.com\/?page_id=301"},"modified":"2026-01-08T15:00:55","modified_gmt":"2026-01-08T14:00:55","slug":"atelier","status":"publish","type":"page","link":"https:\/\/silviafernandez.com\/fr\/atelier\/","title":{"rendered":"Atelier"},"content":{"rendered":"<div data-elementor-type=\"wp-page\" data-elementor-id=\"301\" class=\"elementor elementor-301\" data-elementor-post-type=\"page\">\n\t\t\t\t<div class=\"elementor-element elementor-element-d292dd3 e-flex e-con-boxed e-con e-parent\" data-id=\"d292dd3\" data-element_type=\"container\" data-e-type=\"container\" data-settings=\"{&quot;jet_parallax_layout_list&quot;:[]}\">\n\t\t\t\t\t<div class=\"e-con-inner\">\n\t\t<div class=\"elementor-element elementor-element-b9de00b e-con-full e-flex e-con e-child\" data-id=\"b9de00b\" data-element_type=\"container\" data-e-type=\"container\" data-settings=\"{&quot;background_background&quot;:&quot;classic&quot;,&quot;jet_parallax_layout_list&quot;:[]}\">\n\t\t\t\t<div class=\"elementor-element elementor-element-a357850 elementor-widget elementor-widget-heading\" data-id=\"a357850\" data-element_type=\"widget\" data-e-type=\"widget\" data-widget_type=\"heading.default\">\n\t\t\t\t\t<h1 class=\"elementor-heading-title elementor-size-default\">Atelier Silvia Fern\u00e1ndez<\/h1>\t\t\t\t<\/div>\n\t\t\t\t<div class=\"elementor-element elementor-element-7a5899e elementor-widget elementor-widget-heading\" data-id=\"7a5899e\" data-element_type=\"widget\" data-e-type=\"widget\" data-widget_type=\"heading.default\">\n\t\t\t\t\t<h2 class=\"elementor-heading-title elementor-size-default\">Artesan\u00eda, alma y prop\u00f3sito en cada puntada<\/h2>\t\t\t\t<\/div>\n\t\t\t\t<\/div>\n\t\t\t\t\t<\/div>\n\t\t\t\t<\/div>\n\t\t<div class=\"elementor-element elementor-element-67c6604 e-flex e-con-boxed e-con e-parent\" data-id=\"67c6604\" data-element_type=\"container\" data-e-type=\"container\" data-settings=\"{&quot;jet_parallax_layout_list&quot;:[]}\">\n\t\t\t\t\t<div class=\"e-con-inner\">\n\t\t<div class=\"elementor-element elementor-element-f420575 e-con-full e-flex e-con e-child\" data-id=\"f420575\" data-element_type=\"container\" data-e-type=\"container\" data-settings=\"{&quot;jet_parallax_layout_list&quot;:[]}\">\n\t\t\t\t<div class=\"elementor-element elementor-element-397f76e elementor-widget elementor-widget-image\" data-id=\"397f76e\" data-element_type=\"widget\" data-e-type=\"widget\" data-widget_type=\"image.default\">\n\t\t\t\t\t\t\t\t\t\t\t\t\t\t\t<img fetchpriority=\"high\" decoding=\"async\" width=\"400\" height=\"500\" src=\"https:\/\/silviafernandez.com\/wp-content\/uploads\/2026\/01\/1-1-scaled-400x500.webp\" class=\"attachment-vista-categoria-400x0 size-vista-categoria-400x0 wp-image-40479\" alt=\"(1)\" srcset=\"https:\/\/silviafernandez.com\/wp-content\/uploads\/2026\/01\/1-1-scaled-400x500.webp 400w, https:\/\/silviafernandez.com\/wp-content\/uploads\/2026\/01\/1-1-scaled-240x300.webp 240w, https:\/\/silviafernandez.com\/wp-content\/uploads\/2026\/01\/1-1-scaled-768x960.webp 768w, https:\/\/silviafernandez.com\/wp-content\/uploads\/2026\/01\/1-1-scaled-819x1024.webp 819w, https:\/\/silviafernandez.com\/wp-content\/uploads\/2026\/01\/1-1-scaled-1229x1536.webp 1229w, https:\/\/silviafernandez.com\/wp-content\/uploads\/2026\/01\/1-1-scaled-1638x2048.webp 1638w, https:\/\/silviafernandez.com\/wp-content\/uploads\/2026\/01\/1-1-scaled-10x12.webp 10w, https:\/\/silviafernandez.com\/wp-content\/uploads\/2026\/01\/1-1-scaled-500x625.webp 500w, https:\/\/silviafernandez.com\/wp-content\/uploads\/2026\/01\/1-1-scaled-900x1125.webp 900w, https:\/\/silviafernandez.com\/wp-content\/uploads\/2026\/01\/1-1-scaled.webp 2048w\" sizes=\"(max-width: 400px) 100vw, 400px\" \/>\t\t\t\t\t\t\t\t\t\t\t\t\t\t\t<\/div>\n\t\t\t\t<\/div>\n\t\t<div class=\"elementor-element elementor-element-1ea96c8 e-con-full e-flex e-con e-child\" data-id=\"1ea96c8\" data-element_type=\"container\" data-e-type=\"container\" data-settings=\"{&quot;jet_parallax_layout_list&quot;:[]}\">\n\t\t\t\t<div class=\"elementor-element elementor-element-6c9f466 elementor-widget elementor-widget-heading\" data-id=\"6c9f466\" data-element_type=\"widget\" data-e-type=\"widget\" data-widget_type=\"heading.default\">\n\t\t\t\t\t<h2 class=\"elementor-heading-title elementor-size-default\">Exclusividad y personalizaci\u00f3n<\/h2>\t\t\t\t<\/div>\n\t\t\t\t<div class=\"elementor-element elementor-element-f0c261a elementor-widget elementor-widget-heading\" data-id=\"f0c261a\" data-element_type=\"widget\" data-e-type=\"widget\" data-widget_type=\"heading.default\">\n\t\t\t\t\t<h3 class=\"elementor-heading-title elementor-size-default\">Lo que nos diferencia<\/h3>\t\t\t\t<\/div>\n\t\t\t\t<div class=\"elementor-element elementor-element-e8683b3 elementor-widget elementor-widget-text-editor\" data-id=\"e8683b3\" data-element_type=\"widget\" data-e-type=\"widget\" data-widget_type=\"text-editor.default\">\n\t\t\t\t\t\t\t\t\t<p class=\"cvGsUA direction-ltr align-justify para-style-body\"><span class=\"a_GcMg font-feature-liga-off font-feature-clig-off font-feature-calt-off text-decoration-none text-strikethrough-none\">Cada dise\u00f1o de Silvia Fern\u00e1ndez nace de un proceso \u00edntimo, donde la escucha, la sensibilidad y el detalle son esenciales. Creemos que cada mujer merece un vestido que hable de ella, por eso ofrecemos la posibilidad de crear su dise\u00f1o desde cero o personalizar cualquiera de los modelos de la colecci\u00f3n hasta hacerlo completamente suyo.<\/span><\/p><p class=\"cvGsUA direction-ltr align-justify para-style-body\"><span class=\"a_GcMg font-feature-liga-off font-feature-clig-off font-feature-calt-off text-decoration-none text-strikethrough-none\">La exclusividad no reside solo en el resultado final, sino en la experiencia: desde la primera cita en el atelier hasta la \u00faltima prueba, cada decisi\u00f3n, cada tejido y cada acabado forman parte de un proceso \u00fanico que culmina en una creaci\u00f3n verdaderamente personal.<\/span><\/p>\t\t\t\t\t\t\t\t<\/div>\n\t\t\t\t<\/div>\n\t\t\t\t\t<\/div>\n\t\t\t\t<\/div>\n\t\t<div class=\"elementor-element elementor-element-15b2381 e-flex e-con-boxed e-con e-parent\" data-id=\"15b2381\" data-element_type=\"container\" data-e-type=\"container\" data-settings=\"{&quot;jet_parallax_layout_list&quot;:[],&quot;background_background&quot;:&quot;classic&quot;}\">\n\t\t\t\t\t<div class=\"e-con-inner\">\n\t\t<div class=\"elementor-element elementor-element-f5e3b9a e-con-full e-flex e-con e-child\" data-id=\"f5e3b9a\" data-element_type=\"container\" data-e-type=\"container\" data-settings=\"{&quot;jet_parallax_layout_list&quot;:[]}\">\n\t\t\t\t<div class=\"elementor-element elementor-element-35fbcd2 elementor-widget elementor-widget-image\" data-id=\"35fbcd2\" data-element_type=\"widget\" data-e-type=\"widget\" data-widget_type=\"image.default\">\n\t\t\t\t\t\t\t\t\t\t\t\t\t\t\t<img decoding=\"async\" width=\"400\" height=\"500\" src=\"https:\/\/silviafernandez.com\/wp-content\/uploads\/2026\/01\/silviafernandez-atelier-02-scaled-400x500.webp\" class=\"attachment-vista-categoria-400x0 size-vista-categoria-400x0 wp-image-40492\" alt=\"Silviafernandez Atelier\" srcset=\"https:\/\/silviafernandez.com\/wp-content\/uploads\/2026\/01\/silviafernandez-atelier-02-scaled-400x500.webp 400w, https:\/\/silviafernandez.com\/wp-content\/uploads\/2026\/01\/silviafernandez-atelier-02-scaled-240x300.webp 240w, https:\/\/silviafernandez.com\/wp-content\/uploads\/2026\/01\/silviafernandez-atelier-02-scaled-768x960.webp 768w, https:\/\/silviafernandez.com\/wp-content\/uploads\/2026\/01\/silviafernandez-atelier-02-scaled-819x1024.webp 819w, https:\/\/silviafernandez.com\/wp-content\/uploads\/2026\/01\/silviafernandez-atelier-02-scaled-1229x1536.webp 1229w, https:\/\/silviafernandez.com\/wp-content\/uploads\/2026\/01\/silviafernandez-atelier-02-scaled-1638x2048.webp 1638w, https:\/\/silviafernandez.com\/wp-content\/uploads\/2026\/01\/silviafernandez-atelier-02-scaled-10x12.webp 10w, https:\/\/silviafernandez.com\/wp-content\/uploads\/2026\/01\/silviafernandez-atelier-02-scaled-500x625.webp 500w, https:\/\/silviafernandez.com\/wp-content\/uploads\/2026\/01\/silviafernandez-atelier-02-scaled-900x1125.webp 900w, https:\/\/silviafernandez.com\/wp-content\/uploads\/2026\/01\/silviafernandez-atelier-02-scaled.webp 2048w\" sizes=\"(max-width: 400px) 100vw, 400px\" \/>\t\t\t\t\t\t\t\t\t\t\t\t\t\t\t<\/div>\n\t\t\t\t<\/div>\n\t\t<div class=\"elementor-element elementor-element-390e21c e-con-full e-flex e-con e-child\" data-id=\"390e21c\" data-element_type=\"container\" data-e-type=\"container\" data-settings=\"{&quot;jet_parallax_layout_list&quot;:[]}\">\n\t\t\t\t<div class=\"elementor-element elementor-element-1db291a elementor-widget elementor-widget-heading\" data-id=\"1db291a\" data-element_type=\"widget\" data-e-type=\"widget\" data-widget_type=\"heading.default\">\n\t\t\t\t\t<h2 class=\"elementor-heading-title elementor-size-default\">Artesan\u00eda y tradici\u00f3n<\/h2>\t\t\t\t<\/div>\n\t\t\t\t<div class=\"elementor-element elementor-element-361626e elementor-widget elementor-widget-heading\" data-id=\"361626e\" data-element_type=\"widget\" data-e-type=\"widget\" data-widget_type=\"heading.default\">\n\t\t\t\t\t<h3 class=\"elementor-heading-title elementor-size-default\">El alma de nuestra firma.<\/h3>\t\t\t\t<\/div>\n\t\t\t\t<div class=\"elementor-element elementor-element-d037e9a elementor-widget elementor-widget-text-editor\" data-id=\"d037e9a\" data-element_type=\"widget\" data-e-type=\"widget\" data-widget_type=\"text-editor.default\">\n\t\t\t\t\t\t\t\t\t<p class=\"cvGsUA direction-ltr align-justify para-style-body\"><span class=\"a_GcMg font-feature-liga-off font-feature-clig-off font-feature-calt-off text-decoration-none text-strikethrough-none\">Nuestra historia est\u00e1 unida a la costura artesanal. Cada puntada, cada corte y cada tejido reflejan un legado transmitido con dedicaci\u00f3n y respeto por el oficio. En un mundo acelerado, reivindicamos la pausa, el valor de las manos que crean y la emoci\u00f3n que solo transmite lo hecho con alma.<\/span><\/p><p class=\"cvGsUA direction-ltr align-justify para-style-body\"><span class=\"a_GcMg font-feature-liga-off font-feature-clig-off font-feature-calt-off text-decoration-none text-strikethrough-none\">ada vestido de Silvia Fern\u00e1ndez est\u00e1 hecho a mano, pieza a pieza, en nuestros talleres, donde la t\u00e9cnica y la pasi\u00f3n se entrelazan para dar vida a creaciones \u00fanicas.<\/span><\/p><p class=\"cvGsUA direction-ltr align-justify para-style-body\"><span class=\"a_GcMg font-feature-liga-off font-feature-clig-off font-feature-calt-off text-decoration-none text-strikethrough-none\">La tradici\u00f3n no nos ancla al pasado: nos impulsa a crear desde la esencia, con la mirada puesta en el futuro.<\/span><\/p>\t\t\t\t\t\t\t\t<\/div>\n\t\t\t\t<\/div>\n\t\t\t\t\t<\/div>\n\t\t\t\t<\/div>\n\t\t<div class=\"elementor-element elementor-element-fb1ced9 e-flex e-con-boxed e-con e-parent\" data-id=\"fb1ced9\" data-element_type=\"container\" data-e-type=\"container\" data-settings=\"{&quot;jet_parallax_layout_list&quot;:[]}\">\n\t\t\t\t\t<div class=\"e-con-inner\">\n\t\t<div class=\"elementor-element elementor-element-00deb91 e-con-full e-flex e-con e-child\" data-id=\"00deb91\" data-element_type=\"container\" data-e-type=\"container\" data-settings=\"{&quot;jet_parallax_layout_list&quot;:[]}\">\n\t\t\t\t<div class=\"elementor-element elementor-element-13595fe elementor-widget elementor-widget-image\" data-id=\"13595fe\" data-element_type=\"widget\" data-e-type=\"widget\" data-widget_type=\"image.default\">\n\t\t\t\t\t\t\t\t\t\t\t\t\t\t\t<img decoding=\"async\" width=\"400\" height=\"500\" src=\"https:\/\/silviafernandez.com\/wp-content\/uploads\/2026\/01\/silviafernandez-atelier-03-scaled-400x500.webp\" class=\"attachment-vista-categoria-400x0 size-vista-categoria-400x0 wp-image-40494\" alt=\"Silviafernandez Atelier\" srcset=\"https:\/\/silviafernandez.com\/wp-content\/uploads\/2026\/01\/silviafernandez-atelier-03-scaled-400x500.webp 400w, https:\/\/silviafernandez.com\/wp-content\/uploads\/2026\/01\/silviafernandez-atelier-03-scaled-240x300.webp 240w, https:\/\/silviafernandez.com\/wp-content\/uploads\/2026\/01\/silviafernandez-atelier-03-scaled-768x960.webp 768w, https:\/\/silviafernandez.com\/wp-content\/uploads\/2026\/01\/silviafernandez-atelier-03-scaled-819x1024.webp 819w, https:\/\/silviafernandez.com\/wp-content\/uploads\/2026\/01\/silviafernandez-atelier-03-scaled-1229x1536.webp 1229w, https:\/\/silviafernandez.com\/wp-content\/uploads\/2026\/01\/silviafernandez-atelier-03-scaled-1638x2048.webp 1638w, https:\/\/silviafernandez.com\/wp-content\/uploads\/2026\/01\/silviafernandez-atelier-03-scaled-10x12.webp 10w, https:\/\/silviafernandez.com\/wp-content\/uploads\/2026\/01\/silviafernandez-atelier-03-scaled-500x625.webp 500w, https:\/\/silviafernandez.com\/wp-content\/uploads\/2026\/01\/silviafernandez-atelier-03-scaled-900x1125.webp 900w, https:\/\/silviafernandez.com\/wp-content\/uploads\/2026\/01\/silviafernandez-atelier-03-scaled.webp 2048w\" sizes=\"(max-width: 400px) 100vw, 400px\" \/>\t\t\t\t\t\t\t\t\t\t\t\t\t\t\t<\/div>\n\t\t\t\t<\/div>\n\t\t<div class=\"elementor-element elementor-element-3ad8937 e-con-full e-flex e-con e-child\" data-id=\"3ad8937\" data-element_type=\"container\" data-e-type=\"container\" data-settings=\"{&quot;jet_parallax_layout_list&quot;:[]}\">\n\t\t\t\t<div class=\"elementor-element elementor-element-1e29f92 elementor-widget elementor-widget-heading\" data-id=\"1e29f92\" data-element_type=\"widget\" data-e-type=\"widget\" data-widget_type=\"heading.default\">\n\t\t\t\t\t<h2 class=\"elementor-heading-title elementor-size-default\">Elegancia atemporal<\/h2>\t\t\t\t<\/div>\n\t\t\t\t<div class=\"elementor-element elementor-element-429222b elementor-widget elementor-widget-heading\" data-id=\"429222b\" data-element_type=\"widget\" data-e-type=\"widget\" data-widget_type=\"heading.default\">\n\t\t\t\t\t<h3 class=\"elementor-heading-title elementor-size-default\">La belleza que perdura en el tiempo.<\/h3>\t\t\t\t<\/div>\n\t\t\t\t<div class=\"elementor-element elementor-element-aaabecc elementor-widget elementor-widget-text-editor\" data-id=\"aaabecc\" data-element_type=\"widget\" data-e-type=\"widget\" data-widget_type=\"text-editor.default\">\n\t\t\t\t\t\t\t\t\t<p class=\"cvGsUA direction-ltr align-justify para-style-body\"><span class=\"a_GcMg font-feature-liga-off font-feature-clig-off font-feature-calt-off text-decoration-none text-strikethrough-none\">La elegancia para nosotros no sigue modas: se siente, se transmite, permanece. Dise\u00f1amos para mujeres que buscan belleza m\u00e1s all\u00e1 de la tendencia, para quienes entienden que lo verdaderamente sofisticado es aquello que no necesita gritar para destacar.<\/span><\/p><p class=\"cvGsUA direction-ltr align-justify para-style-body\"><span class=\"a_GcMg font-feature-liga-off font-feature-clig-off font-feature-calt-off text-decoration-none text-strikethrough-none\">En nuestros dise\u00f1os, valoramos la elegancia y la sencillez, la armon\u00eda de las formas y la pureza de los detalles.<\/span><\/p><p class=\"cvGsUA direction-ltr align-justify para-style-body\"><span class=\"a_GcMg font-feature-liga-off font-feature-clig-off font-feature-calt-off text-decoration-none text-strikethrough-none\">Cada vestido de Silvia Fern\u00e1ndez aspira a trascender el tiempo, combinando l\u00edneas depuradas, equilibrio en los vol\u00famenes y la sutileza de lo eterno.<\/span><\/p>\t\t\t\t\t\t\t\t<\/div>\n\t\t\t\t<\/div>\n\t\t\t\t\t<\/div>\n\t\t\t\t<\/div>\n\t\t<div class=\"elementor-element elementor-element-4362d23 e-flex e-con-boxed e-con e-parent\" data-id=\"4362d23\" data-element_type=\"container\" data-e-type=\"container\" data-settings=\"{&quot;jet_parallax_layout_list&quot;:[],&quot;background_background&quot;:&quot;classic&quot;}\">\n\t\t\t\t\t<div class=\"e-con-inner\">\n\t\t<div class=\"elementor-element elementor-element-a3250d0 e-con-full e-flex e-con e-child\" data-id=\"a3250d0\" data-element_type=\"container\" data-e-type=\"container\" data-settings=\"{&quot;jet_parallax_layout_list&quot;:[]}\">\n\t\t\t\t<div class=\"elementor-element elementor-element-d809cae elementor-widget elementor-widget-image\" data-id=\"d809cae\" data-element_type=\"widget\" data-e-type=\"widget\" data-widget_type=\"image.default\">\n\t\t\t\t\t\t\t\t\t\t\t\t\t\t\t<img loading=\"lazy\" decoding=\"async\" width=\"400\" height=\"500\" src=\"https:\/\/silviafernandez.com\/wp-content\/uploads\/2026\/01\/silviafernandez-atelier-04-scaled-400x500.webp\" class=\"attachment-vista-categoria-400x0 size-vista-categoria-400x0 wp-image-40495\" alt=\"Silviafernandez Atelier\" srcset=\"https:\/\/silviafernandez.com\/wp-content\/uploads\/2026\/01\/silviafernandez-atelier-04-scaled-400x500.webp 400w, https:\/\/silviafernandez.com\/wp-content\/uploads\/2026\/01\/silviafernandez-atelier-04-scaled-240x300.webp 240w, https:\/\/silviafernandez.com\/wp-content\/uploads\/2026\/01\/silviafernandez-atelier-04-scaled-768x960.webp 768w, https:\/\/silviafernandez.com\/wp-content\/uploads\/2026\/01\/silviafernandez-atelier-04-scaled-819x1024.webp 819w, https:\/\/silviafernandez.com\/wp-content\/uploads\/2026\/01\/silviafernandez-atelier-04-scaled-1229x1536.webp 1229w, https:\/\/silviafernandez.com\/wp-content\/uploads\/2026\/01\/silviafernandez-atelier-04-scaled-1638x2048.webp 1638w, https:\/\/silviafernandez.com\/wp-content\/uploads\/2026\/01\/silviafernandez-atelier-04-scaled-10x12.webp 10w, https:\/\/silviafernandez.com\/wp-content\/uploads\/2026\/01\/silviafernandez-atelier-04-scaled-500x625.webp 500w, https:\/\/silviafernandez.com\/wp-content\/uploads\/2026\/01\/silviafernandez-atelier-04-scaled-900x1125.webp 900w, https:\/\/silviafernandez.com\/wp-content\/uploads\/2026\/01\/silviafernandez-atelier-04-scaled.webp 2048w\" sizes=\"(max-width: 400px) 100vw, 400px\" \/>\t\t\t\t\t\t\t\t\t\t\t\t\t\t\t<\/div>\n\t\t\t\t<\/div>\n\t\t<div class=\"elementor-element elementor-element-9af67c9 e-con-full e-flex e-con e-child\" data-id=\"9af67c9\" data-element_type=\"container\" data-e-type=\"container\" data-settings=\"{&quot;jet_parallax_layout_list&quot;:[]}\">\n\t\t\t\t<div class=\"elementor-element elementor-element-c51fce0 elementor-widget elementor-widget-heading\" data-id=\"c51fce0\" data-element_type=\"widget\" data-e-type=\"widget\" data-widget_type=\"heading.default\">\n\t\t\t\t\t<h2 class=\"elementor-heading-title elementor-size-default\">Emoci\u00f3n y autenticidad<\/h2>\t\t\t\t<\/div>\n\t\t\t\t<div class=\"elementor-element elementor-element-7876e76 elementor-widget elementor-widget-heading\" data-id=\"7876e76\" data-element_type=\"widget\" data-e-type=\"widget\" data-widget_type=\"heading.default\">\n\t\t\t\t\t<h3 class=\"elementor-heading-title elementor-size-default\">Un viaje compartido con cada novia.<\/h3>\t\t\t\t<\/div>\n\t\t\t\t<div class=\"elementor-element elementor-element-3f7e950 elementor-widget elementor-widget-text-editor\" data-id=\"3f7e950\" data-element_type=\"widget\" data-e-type=\"widget\" data-widget_type=\"text-editor.default\">\n\t\t\t\t\t\t\t\t\t<p class=\"cvGsUA direction-ltr align-justify para-style-body\"><span class=\"a_GcMg font-feature-liga-off font-feature-clig-off font-feature-calt-off text-decoration-none text-strikethrough-none\">Cada novia vive un momento \u00fanico, y en Silvia Fern\u00e1ndez lo entendemos como un viaje compartido. Acompa\u00f1amos a cada mujer con cercan\u00eda, ilusi\u00f3n y empat\u00eda, gui\u00e1ndola paso a paso en un proceso tan emocionante como personal.<\/span><\/p><p class=\"cvGsUA direction-ltr align-justify para-style-body\"><span class=\"a_GcMg font-feature-liga-off font-feature-clig-off font-feature-calt-off text-decoration-none text-strikethrough-none\">Creemos en la importancia de escuchar, de entender lo que siente y de convertir esa conexi\u00f3n en un vestido que refleje su historia.<\/span><\/p><p class=\"cvGsUA direction-ltr align-justify para-style-body\"><span class=\"a_GcMg font-feature-liga-off font-feature-clig-off font-feature-calt-off text-decoration-none text-strikethrough-none\">Nuestra forma de trabajar nace del alma: aut\u00e9ntica, sincera y profundamente humana. Porque detr\u00e1s de cada dise\u00f1o hay una emoci\u00f3n, y detr\u00e1s de cada emoci\u00f3n, una novia que conf\u00eda en nosotros.<\/span><\/p>\t\t\t\t\t\t\t\t<\/div>\n\t\t\t\t<\/div>\n\t\t\t\t\t<\/div>\n\t\t\t\t<\/div>\n\t\t<div class=\"elementor-element elementor-element-9b0b7d5 e-flex e-con-boxed e-con e-parent\" data-id=\"9b0b7d5\" data-element_type=\"container\" data-e-type=\"container\" data-settings=\"{&quot;jet_parallax_layout_list&quot;:[]}\">\n\t\t\t\t\t<div class=\"e-con-inner\">\n\t\t<div class=\"elementor-element elementor-element-9389188 e-con-full e-flex e-con e-child\" data-id=\"9389188\" data-element_type=\"container\" data-e-type=\"container\" data-settings=\"{&quot;jet_parallax_layout_list&quot;:[]}\">\n\t\t\t\t<div class=\"elementor-element elementor-element-90222b0 elementor-widget elementor-widget-image\" data-id=\"90222b0\" data-element_type=\"widget\" data-e-type=\"widget\" data-widget_type=\"image.default\">\n\t\t\t\t\t\t\t\t\t\t\t\t\t\t\t<img loading=\"lazy\" decoding=\"async\" width=\"400\" height=\"500\" src=\"https:\/\/silviafernandez.com\/wp-content\/uploads\/2026\/01\/silviafernandez-atelier-05-scaled-400x500.webp\" class=\"attachment-vista-categoria-400x0 size-vista-categoria-400x0 wp-image-40496\" alt=\"Silviafernandez Atelier\" srcset=\"https:\/\/silviafernandez.com\/wp-content\/uploads\/2026\/01\/silviafernandez-atelier-05-scaled-400x500.webp 400w, https:\/\/silviafernandez.com\/wp-content\/uploads\/2026\/01\/silviafernandez-atelier-05-scaled-240x300.webp 240w, https:\/\/silviafernandez.com\/wp-content\/uploads\/2026\/01\/silviafernandez-atelier-05-scaled-768x960.webp 768w, https:\/\/silviafernandez.com\/wp-content\/uploads\/2026\/01\/silviafernandez-atelier-05-scaled-819x1024.webp 819w, https:\/\/silviafernandez.com\/wp-content\/uploads\/2026\/01\/silviafernandez-atelier-05-scaled-1229x1536.webp 1229w, https:\/\/silviafernandez.com\/wp-content\/uploads\/2026\/01\/silviafernandez-atelier-05-scaled-1638x2048.webp 1638w, https:\/\/silviafernandez.com\/wp-content\/uploads\/2026\/01\/silviafernandez-atelier-05-scaled-10x12.webp 10w, https:\/\/silviafernandez.com\/wp-content\/uploads\/2026\/01\/silviafernandez-atelier-05-scaled-500x625.webp 500w, https:\/\/silviafernandez.com\/wp-content\/uploads\/2026\/01\/silviafernandez-atelier-05-scaled-900x1125.webp 900w, https:\/\/silviafernandez.com\/wp-content\/uploads\/2026\/01\/silviafernandez-atelier-05-scaled.webp 2048w\" sizes=\"(max-width: 400px) 100vw, 400px\" \/>\t\t\t\t\t\t\t\t\t\t\t\t\t\t\t<\/div>\n\t\t\t\t<\/div>\n\t\t<div class=\"elementor-element elementor-element-2c865bd e-con-full e-flex e-con e-child\" data-id=\"2c865bd\" data-element_type=\"container\" data-e-type=\"container\" data-settings=\"{&quot;jet_parallax_layout_list&quot;:[]}\">\n\t\t\t\t<div class=\"elementor-element elementor-element-1cf2df0 elementor-widget elementor-widget-heading\" data-id=\"1cf2df0\" data-element_type=\"widget\" data-e-type=\"widget\" data-widget_type=\"heading.default\">\n\t\t\t\t\t<h2 class=\"elementor-heading-title elementor-size-default\"><span class=\"a_GcMg font-feature-liga-off font-feature-clig-off font-feature-calt-off text-decoration-none text-strikethrough-none\" style=\"--Ys-XuQ: none\">Compromiso con la calidad<\/span><\/h2>\t\t\t\t<\/div>\n\t\t\t\t<div class=\"elementor-element elementor-element-720c7ef elementor-widget elementor-widget-heading\" data-id=\"720c7ef\" data-element_type=\"widget\" data-e-type=\"widget\" data-widget_type=\"heading.default\">\n\t\t\t\t\t<h3 class=\"elementor-heading-title elementor-size-default\"><span class=\"a_GcMg font-feature-liga-off font-feature-clig-off font-feature-calt-off text-decoration-none text-strikethrough-none\" style=\"--Ys-XuQ: none\">La excelencia en cada detalle.<\/span><\/h3>\t\t\t\t<\/div>\n\t\t\t\t<div class=\"elementor-element elementor-element-ef2682c elementor-widget elementor-widget-text-editor\" data-id=\"ef2682c\" data-element_type=\"widget\" data-e-type=\"widget\" data-widget_type=\"text-editor.default\">\n\t\t\t\t\t\t\t\t\t<p class=\"cvGsUA direction-ltr align-justify para-style-body\"><span class=\"a_GcMg font-feature-liga-off font-feature-clig-off font-feature-calt-off text-decoration-none text-strikethrough-none\">La excelencia es un principio innegociable. Seleccionamos materiales de primera calidad y trabajamos a mano en nuestro atelier con<\/span> <span class=\"a_GcMg font-feature-liga-off font-feature-clig-off font-feature-calt-off text-decoration-none text-strikethrough-none\">un equipo de mujeres profesionales para garantizar la perfecci\u00f3n en cada detalle.<\/span><\/p><p class=\"cvGsUA direction-ltr align-justify para-style-body\"><span class=\"a_GcMg font-feature-liga-off font-feature-clig-off font-feature-calt-off text-decoration-none text-strikethrough-none\">Nuestro compromiso con la calidad no es solo t\u00e9cnico, es \u00e9tico: implica cuidar los procesos, respetar los tiempos de creaci\u00f3n y ofrecer siempre lo mejor de nosotros mismos.<\/span><\/p><p class=\"cvGsUA direction-ltr align-justify para-style-body\"><span class=\"a_GcMg font-feature-liga-off font-feature-clig-off font-feature-calt-off text-decoration-none text-strikethrough-none\">Cada vestido que lleva el nombre de Silvia Fern\u00e1ndez es una promesa de durabilidad, belleza y honestidad.<\/span><\/p>\t\t\t\t\t\t\t\t<\/div>\n\t\t\t\t<\/div>\n\t\t\t\t\t<\/div>\n\t\t\t\t<\/div>\n\t\t\t\t<\/div>","protected":false},"excerpt":{"rendered":"<p>Atelier Silvia Fern\u00e1ndez Artesan\u00eda, alma y prop\u00f3sito en cada puntada Exclusividad y personalizaci\u00f3n Lo que nos diferencia Cada dise\u00f1o de Silvia Fern\u00e1ndez nace de un proceso \u00edntimo, donde la escucha, la sensibilidad y el detalle son esenciales. Creemos que cada mujer merece un vestido que hable de ella, por eso ofrecemos la posibilidad de crear [&hellip;]<\/p>\n","protected":false},"author":1,"featured_media":0,"parent":0,"menu_order":0,"comment_status":"closed","ping_status":"closed","template":"","meta":{"footnotes":""},"class_list":["post-301","page","type-page","status-publish","hentry"],"_links":{"self":[{"href":"https:\/\/silviafernandez.com\/fr\/wp-json\/wp\/v2\/pages\/301","targetHints":{"allow":["GET"]}}],"collection":[{"href":"https:\/\/silviafernandez.com\/fr\/wp-json\/wp\/v2\/pages"}],"about":[{"href":"https:\/\/silviafernandez.com\/fr\/wp-json\/wp\/v2\/types\/page"}],"author":[{"embeddable":true,"href":"https:\/\/silviafernandez.com\/fr\/wp-json\/wp\/v2\/users\/1"}],"replies":[{"embeddable":true,"href":"https:\/\/silviafernandez.com\/fr\/wp-json\/wp\/v2\/comments?post=301"}],"version-history":[{"count":40,"href":"https:\/\/silviafernandez.com\/fr\/wp-json\/wp\/v2\/pages\/301\/revisions"}],"predecessor-version":[{"id":40537,"href":"https:\/\/silviafernandez.com\/fr\/wp-json\/wp\/v2\/pages\/301\/revisions\/40537"}],"wp:attachment":[{"href":"https:\/\/silviafernandez.com\/fr\/wp-json\/wp\/v2\/media?parent=301"}],"curies":[{"name":"wp","href":"https:\/\/api.w.org\/{rel}","templated":true}]}}