{"id":2736,"date":"2020-05-16T11:23:01","date_gmt":"2020-05-16T09:23:01","guid":{"rendered":"https:\/\/silviafernandez.com\/?page_id=2736"},"modified":"2023-04-10T12:46:04","modified_gmt":"2023-04-10T10:46:04","slug":"politica-de-cookies","status":"publish","type":"page","link":"https:\/\/silviafernandez.com\/fr\/politica-de-cookies\/","title":{"rendered":"Politique en mati\u00e8re de cookies"},"content":{"rendered":"<header>\n<h1>POL\u00cdTICA DE COOKIES<\/h1>\n<h2>DEFINICI\u00d3N DE COOKIES<\/h2>\n<\/header>\n<p>Una cookie es un fichero que se descarga en su ordenador al acceder a determinadas p\u00e1ginas web. Las cookies permiten a una p\u00e1gina web, entre otras cosas, almacenar y recuperar informaci\u00f3n sobre los h\u00e1bitos de navegaci\u00f3n de un usuario o de su equipo y, dependiendo de la informaci\u00f3n que contengan y de la forma en que utilice su equipo, pueden utilizarse para reconocer al usuario.<\/p>\n<p>La web de SILVIA FERNANDEZ, S.L. utiliza cookies propias y de terceros, todas en el dominio \u201csilviafernandez.com\u201d<\/p>\n<header>\n<h2>TIPOS DE COOKIES<\/h2>\n<\/header>\n<header>\n<h5>1.- Tipos de cookies, seg\u00fan la entidad que las gestione:<\/h5>\n<\/header>\n<p>a) Cookies Propias: Son aquellas que se env\u00edan al equipo terminal del usuario desde un equipo o dominio gestionado por el propio editor y desde que se presta el servicio solicitado por el usuario.<\/p>\n<p>b) Cookies de terceros: Son aquellas que se env\u00edan al equipo terminal del usuario desde un equipo o dominio que no es gestionado por el editor, sino por otra entidad que trata los datos obtenidos a trav\u00e9s de las cookies.<\/p>\n<header>\n<h5>2.- Tipos de cookies, seg\u00fan su finalidad:<\/h5>\n<\/header>\n<p>a) Cookies T\u00e9cnicas: Son aquellas que permiten al usuario la navegaci\u00f3n a trav\u00e9s de la p\u00e1gina web, plataforma o aplicaci\u00f3n y la utilizaci\u00f3n de las diferentes opciones o servicios que en ella existen.<\/p>\n<p>b) Cookies de An\u00e1lisis: Son aquellas que permiten al responsable de estas, el seguimiento y an\u00e1lisis del comportamiento de los usuarios de los sitios web a los que est\u00e1n vinculadas.<\/p>\n<header>\n<h5>3.-Tipos de cookies, seg\u00fan el plazo de tiempo de tiempo que permanecen activadas:<\/h5>\n<\/header>\n<p>a) Cookies de Sesi\u00f3n: Son las dise\u00f1adas para recabar y almacenar datos mientras el usuario accede a una p\u00e1gina web. Se suelen emplear para la prestaci\u00f3n del servicio solicitado por el usuario en una sola ocasi\u00f3n.<\/p>\n<p>b) Cookies Persistentes: Son las dise\u00f1adas para que los datos sigan almacenados en el terminal y pueden ser accedidos y tratados durante un periodo definido por el responsable de la cookie, y que puede ir de unos minutos a varios a\u00f1os.<\/p>\n<header>\n<h2>BLOQUEO\/ELIMINACION DE LAS COOKIES<\/h2>\n<\/header>\n<p>Puede usted permitir, bloquear o eliminar las cookies instaladas en su equipo mediante la configuraci\u00f3n de las opciones del navegador instalado en su ordenador.<\/p>\n<ul>\n<li><strong>Internet Explorer<\/strong>, desde\u00a0<a title=\"Explorer\" href=\"http:\/\/windows.microsoft.com\/es-es\/windows7\/how-to-manage-cookies-in-internet-explorer-9\" target=\"_blank\" rel=\"noopener noreferrer\">http:\/\/windows.microsoft.com\/es-es\/windows7\/how-to-manage-cookies-in-internet-explorer-9<\/a><\/li>\n<li><strong>Firefox<\/strong>, desde\u00a0<a title=\"Firefox\" href=\"http:\/\/support.mozilla.org\/es\/kb\/habilitar-y-deshabilitar-cookies-que-los-sitios-we\" target=\"_blank\" rel=\"noopener noreferrer\">http:\/\/support.mozilla.org\/es\/kb\/habilitar-y-deshabilitar-cookies-que-los-sitios-we<\/a><\/li>\n<li><strong>Chrome<\/strong>, desde\u00a0<a title=\"Chrome\" href=\"http:\/\/support.google.com\/chrome\/bin\/answer.py?hl=es&amp;answer=95647\" target=\"_blank\" rel=\"noopener noreferrer\">http:\/\/support.google.com\/chrome\/bin\/answer.py?hl=es&amp;answer=95647<\/a><\/li>\n<li><strong>Safari<\/strong>, desde\u00a0<a title=\"Safari\" href=\"http:\/\/support.apple.com\/kb\/ph5042\" target=\"_blank\" rel=\"noopener noreferrer\">http:\/\/support.apple.com\/kb\/ph5042<\/a><\/li>\n<\/ul>\n<header>\n<h2>ACCESO A DATOS<\/h2>\n<\/header>\n<p>Las cookies de nuestro sitio web son \u00fanicamente utilizadas por:<\/p>\n<ul>\n<li>\u00b7 El Titular de la p\u00e1gina SILVIA FERNANDEZ, S.L., con CIF: B-72580681 y domicilio social en: Calle Mimosas, 33 Urb. Patricia Campo-Ponferrada (24414)<\/li>\n<li>\u00b7 GOOGLE<\/li>\n<li>\u00b7 YOUTUBE<\/li>\n<\/ul>","protected":false},"excerpt":{"rendered":"<p>POL\u00cdTICA DE COOKIES DEFINICI\u00d3N DE COOKIES Una cookie es un fichero que se descarga en su ordenador al acceder a determinadas p\u00e1ginas web. Las cookies permiten a una p\u00e1gina web, entre otras cosas, almacenar y recuperar informaci\u00f3n sobre los h\u00e1bitos de navegaci\u00f3n de un usuario o de su equipo y, dependiendo de la informaci\u00f3n que [&hellip;]<\/p>\n","protected":false},"author":1,"featured_media":0,"parent":0,"menu_order":0,"comment_status":"closed","ping_status":"closed","template":"","meta":{"footnotes":""},"class_list":["post-2736","page","type-page","status-publish","hentry"],"_links":{"self":[{"href":"https:\/\/silviafernandez.com\/fr\/wp-json\/wp\/v2\/pages\/2736","targetHints":{"allow":["GET"]}}],"collection":[{"href":"https:\/\/silviafernandez.com\/fr\/wp-json\/wp\/v2\/pages"}],"about":[{"href":"https:\/\/silviafernandez.com\/fr\/wp-json\/wp\/v2\/types\/page"}],"author":[{"embeddable":true,"href":"https:\/\/silviafernandez.com\/fr\/wp-json\/wp\/v2\/users\/1"}],"replies":[{"embeddable":true,"href":"https:\/\/silviafernandez.com\/fr\/wp-json\/wp\/v2\/comments?post=2736"}],"version-history":[{"count":0,"href":"https:\/\/silviafernandez.com\/fr\/wp-json\/wp\/v2\/pages\/2736\/revisions"}],"wp:attachment":[{"href":"https:\/\/silviafernandez.com\/fr\/wp-json\/wp\/v2\/media?parent=2736"}],"curies":[{"name":"wp","href":"https:\/\/api.w.org\/{rel}","templated":true}]}}