{"id":2732,"date":"2020-05-16T11:21:10","date_gmt":"2020-05-16T09:21:10","guid":{"rendered":"https:\/\/silviafernandez.com\/?page_id=2732"},"modified":"2023-04-10T12:42:47","modified_gmt":"2023-04-10T10:42:47","slug":"politica-de-privacidad","status":"publish","type":"page","link":"https:\/\/silviafernandez.com\/fr\/politica-de-privacidad\/","title":{"rendered":"Politique de confidentialit\u00e9"},"content":{"rendered":"<header>\n<h3>POL\u00cdTICA DE PRIVACIDAD<\/h3>\n<h5>INFORMACI\u00d3N B\u00c1SICA SOBRE PROTECCI\u00d3N DE DATOS<\/h5>\n<\/header>\n<ul>\n<li><strong>Sitio Web <\/strong><a title=\"silviafernandez.com\" href=\"https:\/\/silviafernandez.com\/fr\/\">www.silviafernandez.com<\/a><\/li>\n<li><strong>Titular del sitio web<\/strong> SILVIA FERNANDEZ, S.L.<\/li>\n<li><strong>Responsable tratamiento datos <\/strong>SILVIA FERNANDEZ, S.L., en adelante \u201cla empresa\u201d<\/li>\n<li><strong>Finalidad <\/strong>Gesti\u00f3n, estudio y resoluci\u00f3n de consultas efectuadas a trav\u00e9s de la web<\/li>\n<li><strong>Legitimaci\u00f3n <\/strong>Consentimiento otorgado por el usuario<\/li>\n<li><strong>Edad legal consentimiento <\/strong>El Usuario certifica que es mayor de 14 a\u00f1os y que por lo tanto posee la capacidad legal necesaria para la prestaci\u00f3n del consentimiento en cuanto al tratamiento de sus datos de car\u00e1cter personal y todo ello, de conformidad con lo establecido en la presente Pol\u00edtica de Privacidad.<\/li>\n<li><strong>Destinatarios <\/strong>Se comunicar\u00e1n datos a terceros para poder llevar a cabo las finalidades descritas en la presente pol\u00edtica de privacidad. En ning\u00fan caso se ceder\u00e1n datos a terceros para finalidades diferentes a las descritas en este documento.<\/li>\n<li><strong>Derechos <\/strong>Acceder, rectificar y suprimir los datos, as\u00ed como otros derechos, como se explica en la informaci\u00f3n adicional.<\/li>\n<li id=\"titular\"><strong>Informaci\u00f3n adicional <\/strong>Puede consultar la informaci\u00f3n adicional y detallada sobre Protecci\u00f3n de Datos pinchando aqu\u00ed<\/li>\n<\/ul>\n<header>\n<h5>INFORMACI\u00d3N ADICIONAL SOBRE PROTECCI\u00d3N DE DATOS<\/h5>\n<\/header>\n<header>\n<h5>1.1 \u2013 \u00bfQui\u00e9n es el titular de esta web?<\/h5>\n<\/header>\n<ul>\n<li><strong>Identidad<\/strong> SILVIA FERNANDEZ, S.L. \u2013 CIF: B-72580681<\/li>\n<li><strong>Datos registrales <\/strong>Registro Mercantil de Le\u00f3n, Tomo: 1371, Folio: 51, Hoja: LE-27726<\/li>\n<li><strong>Direcci\u00f3n postal <\/strong>Calle Mimosas, 33 Urb. Patricia Campo-Ponferrada (24414)<\/li>\n<li id=\"responsable\"><strong>T\u00e9l\u00e9phone <\/strong>987 399 611<\/li>\n<li><strong>E-mail <\/strong><a href=\"mailto:admin@silviafernandez.com\" target=\"_blank\" rel=\"noopener\">admin@silviafernandez.com<\/a><\/li>\n<\/ul>\n<header>\n<h5>1.2 \u2013 \u00bfQui\u00e9n es el responsable del tratamiento de sus datos de car\u00e1cter personal?<\/h5>\n<\/header>\n<ul>\n<li><strong>Identidad<\/strong> SILVIA FERNANDEZ, S.L. \u2013 CIF: B-72580681<\/li>\n<li><strong>Datos registrales <\/strong>Registro Mercantil de Le\u00f3n, Tomo: 1371, Folio: 51, Hoja: LE-27726<\/li>\n<li><strong>Direcci\u00f3n postal <\/strong>Calle Mimosas, 33 Urb. Patricia Campo-Ponferrada (24414)<\/li>\n<li id=\"responsable\"><strong>T\u00e9l\u00e9phone <\/strong>987 399 611<\/li>\n<li><strong>E-mail <\/strong><a href=\"mailto:admin@silviafernandez.com\" target=\"_blank\" rel=\"noopener\">admin@silviafernandez.com<\/a><\/li>\n<\/ul>\n<header>\n<h5>1.3 \u2013 \u00bfCon qu\u00e9 finalidad trataremos sus datos de car\u00e1cter personal y durante cu\u00e1nto tiempo los conservaremos?<\/h5>\n<\/header>\n<p>La empresa tratar\u00e1 sus datos de car\u00e1cter personal exclusivamente para fines determinados, expl\u00edcitos y leg\u00edtimos, y no ser\u00e1n tratados de manera incompatible con dichos fines.<\/p>\n<ul>\n<li><strong>Finalidades<\/strong>\n<p id=\"legitimacion\">Finalidad 1: para todos los usuarios<\/p>\n<p>Gesti\u00f3n, estudio y resoluci\u00f3n de consultas efectuadas a trav\u00e9s de la web.<\/p>\n<p>La empresa conservar\u00e1 sus datos de car\u00e1cter personal el tiempo necesario seg\u00fan la informaci\u00f3n facilitada y los plazos de conservaci\u00f3n recogidos en normativas que sean aplicables.<\/li>\n<\/ul>\n<header>\n<h5>1.4 \u2013 \u00bfCu\u00e1l es la legitimaci\u00f3n para el tratamiento de sus datos?<\/h5>\n<\/header>\n<p>La base legal para el tratamiento de sus datos es el consentimiento que nos otorga al marcar la casilla en la que acepta nuestra pol\u00edtica de privacidad.<\/p>\n<header>\n<h5>1.5 \u2013 \u00bfA qu\u00e9 destinatarios se comunicar\u00e1n sus datos?<\/h5>\n<\/header>\n<p>No se comunicaran datos a ning\u00fan tercero.<\/p>\n<header>\n<h5>1.6 \u2013 \u00bfCu\u00e1les son sus derechos cuando nos facilita sus datos?<\/h5>\n<\/header>\n<p>Cualquier persona tiene derecho a obtener confirmaci\u00f3n sobre si en la empresa estamos tratando datos personales que les conciernan, o no.<\/p>\n<p>En concreto, puede usted dirigirse a la empresa a su direcci\u00f3n postal o bien a la direcci\u00f3n de email facilitada en el presente documento con la finalidad de ejercer los siguientes derechos:<\/p>\n<ul>\n<li>\u00b7 Derecho a solicitar el acceso a los datos personales relativos al interesado.<\/li>\n<li>\u00b7 Derecho a solicitar su rectificaci\u00f3n o supresi\u00f3n.<\/li>\n<li>\u00b7 Derecho a solicitar la limitaci\u00f3n de su tratamiento.<\/li>\n<li>\u00b7 Derecho a oponerse al tratamiento.<\/li>\n<li>\u00b7 Derecho a la portabilidad de los datos.<\/li>\n<\/ul>\n<p>Puede usted solicitar los formularios necesarios para el ejercicio de estos derechos enviando un correo electr\u00f3nico a la direcci\u00f3n de email facilitada en el presente documento.<\/p>\n<p>Dado el car\u00e1cter personal\u00edsimo del ejercicio de cualquiera de estos derechos usted deber\u00e1 adjuntar a la solicitud copia de su carnet de identidad o documento acreditativo equivalente.<\/p>\n<p>Puede usted dirigirse a la Agencia Espa\u00f1ola de protecci\u00f3n de Datos para obtener informaci\u00f3n adicional acerca de sus derechos o presentar una reclamaci\u00f3n ante la misma, especialmente cuando no haya obtenido satisfacci\u00f3n en el ejercicio de sus derechos, obteniendo toda la informaci\u00f3n necesaria para ello a trav\u00e9s de la web www.agpd.es.<\/p>","protected":false},"excerpt":{"rendered":"<p>POL\u00cdTICA DE PRIVACIDAD INFORMACI\u00d3N B\u00c1SICA SOBRE PROTECCI\u00d3N DE DATOS Sitio Web www.silviafernandez.com Titular del sitio web SILVIA FERNANDEZ, S.L. Responsable tratamiento datos SILVIA FERNANDEZ, S.L., en adelante \u201cla empresa\u201d Finalidad Gesti\u00f3n, estudio y resoluci\u00f3n de consultas efectuadas a trav\u00e9s de la web Legitimaci\u00f3n Consentimiento otorgado por el usuario Edad legal consentimiento El Usuario certifica que [&hellip;]<\/p>\n","protected":false},"author":1,"featured_media":0,"parent":0,"menu_order":0,"comment_status":"closed","ping_status":"closed","template":"","meta":{"footnotes":""},"class_list":["post-2732","page","type-page","status-publish","hentry"],"_links":{"self":[{"href":"https:\/\/silviafernandez.com\/fr\/wp-json\/wp\/v2\/pages\/2732","targetHints":{"allow":["GET"]}}],"collection":[{"href":"https:\/\/silviafernandez.com\/fr\/wp-json\/wp\/v2\/pages"}],"about":[{"href":"https:\/\/silviafernandez.com\/fr\/wp-json\/wp\/v2\/types\/page"}],"author":[{"embeddable":true,"href":"https:\/\/silviafernandez.com\/fr\/wp-json\/wp\/v2\/users\/1"}],"replies":[{"embeddable":true,"href":"https:\/\/silviafernandez.com\/fr\/wp-json\/wp\/v2\/comments?post=2732"}],"version-history":[{"count":0,"href":"https:\/\/silviafernandez.com\/fr\/wp-json\/wp\/v2\/pages\/2732\/revisions"}],"wp:attachment":[{"href":"https:\/\/silviafernandez.com\/fr\/wp-json\/wp\/v2\/media?parent=2732"}],"curies":[{"name":"wp","href":"https:\/\/api.w.org\/{rel}","templated":true}]}}