{"id":42864,"date":"2026-02-12T20:58:19","date_gmt":"2026-02-12T19:58:19","guid":{"rendered":"https:\/\/silviafernandez.com\/?post_type=product&#038;p=42864"},"modified":"2026-02-19T11:37:33","modified_gmt":"2026-02-19T10:37:33","slug":"claudia-2","status":"publish","type":"product","link":"https:\/\/silviafernandez.com\/en\/monica-cruz-x-silvia-fernandez\/claudia-2\/","title":{"rendered":"CLAUDIA"},"content":{"rendered":"","protected":false},"excerpt":{"rendered":"<p><strong>Claudia<\/strong> est\u00e1 confeccionado en seda salvaje, un tejido con cuerpo y presencia. El dise\u00f1o se define por un volante estructural en el escote, que enmarca la parte superior con una l\u00ednea potente, y una falda con volante asim\u00e9trico que aporta volumen y dinamismo. Una silueta muy marcada, donde la forma es protagonista y cada l\u00ednea est\u00e1 pensada para destacar.<\/p>","protected":false},"featured_media":43490,"template":"","meta":[],"product_brand":[],"product_cat":[1677],"product_tag":[],"class_list":{"0":"post-42864","1":"product","2":"type-product","3":"status-publish","4":"has-post-thumbnail","6":"product_cat-monica-cruz-x-silvia-fernandez","8":"first","9":"instock","10":"taxable","11":"shipping-taxable","12":"product-type-variable"},"_links":{"self":[{"href":"https:\/\/silviafernandez.com\/en\/wp-json\/wp\/v2\/product\/42864","targetHints":{"allow":["GET"]}}],"collection":[{"href":"https:\/\/silviafernandez.com\/en\/wp-json\/wp\/v2\/product"}],"about":[{"href":"https:\/\/silviafernandez.com\/en\/wp-json\/wp\/v2\/types\/product"}],"wp:featuredmedia":[{"embeddable":true,"href":"https:\/\/silviafernandez.com\/en\/wp-json\/wp\/v2\/media\/43490"}],"wp:attachment":[{"href":"https:\/\/silviafernandez.com\/en\/wp-json\/wp\/v2\/media?parent=42864"}],"wp:term":[{"taxonomy":"product_brand","embeddable":true,"href":"https:\/\/silviafernandez.com\/en\/wp-json\/wp\/v2\/product_brand?post=42864"},{"taxonomy":"product_cat","embeddable":true,"href":"https:\/\/silviafernandez.com\/en\/wp-json\/wp\/v2\/product_cat?post=42864"},{"taxonomy":"product_tag","embeddable":true,"href":"https:\/\/silviafernandez.com\/en\/wp-json\/wp\/v2\/product_tag?post=42864"}],"curies":[{"name":"wp","href":"https:\/\/api.w.org\/{rel}","templated":true}]}}