{"id":42472,"date":"2026-02-26T20:55:03","date_gmt":"2026-02-26T19:55:03","guid":{"rendered":"https:\/\/silviafernandez.com\/?post_type=product&#038;p=42472"},"modified":"2026-02-26T20:55:03","modified_gmt":"2026-02-26T19:55:03","slug":"sieira","status":"publish","type":"product","link":"https:\/\/silviafernandez.com\/en\/camelia\/sieira\/","title":{"rendered":"SIEIRA"},"content":{"rendered":"","protected":false},"excerpt":{"rendered":"<p>L\u00edneas limpias y detalle con intenci\u00f3n. Este vestido de invitada en crepe apuesta por una silueta larga y pulida, con un dise\u00f1o asim\u00e9trico que se eleva en la zona del cuello y se remata con ca\u00eddas de sat\u00e9n tipo capa, aportando movimiento y un acabado muy sofisticado.<\/p>\n<p>Un vestido de fiesta actual y elegante, donde el contraste de texturas entre crepe y sat\u00e9n lo dice todo.<\/p>","protected":false},"featured_media":42491,"template":"","meta":[],"product_brand":[],"product_cat":[810],"product_tag":[],"class_list":{"0":"post-42472","1":"product","2":"type-product","3":"status-publish","4":"has-post-thumbnail","6":"product_cat-camelia","8":"first","9":"instock","10":"taxable","11":"shipping-taxable","12":"purchasable","13":"product-type-variable"},"_links":{"self":[{"href":"https:\/\/silviafernandez.com\/en\/wp-json\/wp\/v2\/product\/42472","targetHints":{"allow":["GET"]}}],"collection":[{"href":"https:\/\/silviafernandez.com\/en\/wp-json\/wp\/v2\/product"}],"about":[{"href":"https:\/\/silviafernandez.com\/en\/wp-json\/wp\/v2\/types\/product"}],"wp:featuredmedia":[{"embeddable":true,"href":"https:\/\/silviafernandez.com\/en\/wp-json\/wp\/v2\/media\/42491"}],"wp:attachment":[{"href":"https:\/\/silviafernandez.com\/en\/wp-json\/wp\/v2\/media?parent=42472"}],"wp:term":[{"taxonomy":"product_brand","embeddable":true,"href":"https:\/\/silviafernandez.com\/en\/wp-json\/wp\/v2\/product_brand?post=42472"},{"taxonomy":"product_cat","embeddable":true,"href":"https:\/\/silviafernandez.com\/en\/wp-json\/wp\/v2\/product_cat?post=42472"},{"taxonomy":"product_tag","embeddable":true,"href":"https:\/\/silviafernandez.com\/en\/wp-json\/wp\/v2\/product_tag?post=42472"}],"curies":[{"name":"wp","href":"https:\/\/api.w.org\/{rel}","templated":true}]}}