{"id":42433,"date":"2026-02-26T20:55:04","date_gmt":"2026-02-26T19:55:04","guid":{"rendered":"https:\/\/silviafernandez.com\/?post_type=product&#038;p=42433"},"modified":"2026-02-26T20:55:04","modified_gmt":"2026-02-26T19:55:04","slug":"samil","status":"publish","type":"product","link":"https:\/\/silviafernandez.com\/en\/camelia\/samil\/","title":{"rendered":"SAMIL"},"content":{"rendered":"","protected":false},"excerpt":{"rendered":"<p>Minimal pero protagonista en el detalle. Este vestido de invitada en crepe juega con la asimetr\u00eda y una silueta larga y limpia que cae con mucha elegancia. La manga \u00fanica aporta car\u00e1cter y equilibra el conjunto sin recargar.<\/p>\n<p>La flor XL en la cintura marca el punto de foco y transforma el look con un aire sofisticado y actual. Un vestido de fiesta con presencia, pensado para destacar con un solo gesto.<\/p>","protected":false},"featured_media":42452,"template":"","meta":[],"product_brand":[],"product_cat":[810],"product_tag":[],"class_list":{"0":"post-42433","1":"product","2":"type-product","3":"status-publish","4":"has-post-thumbnail","6":"product_cat-camelia","8":"first","9":"instock","10":"taxable","11":"shipping-taxable","12":"purchasable","13":"product-type-variable"},"_links":{"self":[{"href":"https:\/\/silviafernandez.com\/en\/wp-json\/wp\/v2\/product\/42433","targetHints":{"allow":["GET"]}}],"collection":[{"href":"https:\/\/silviafernandez.com\/en\/wp-json\/wp\/v2\/product"}],"about":[{"href":"https:\/\/silviafernandez.com\/en\/wp-json\/wp\/v2\/types\/product"}],"wp:featuredmedia":[{"embeddable":true,"href":"https:\/\/silviafernandez.com\/en\/wp-json\/wp\/v2\/media\/42452"}],"wp:attachment":[{"href":"https:\/\/silviafernandez.com\/en\/wp-json\/wp\/v2\/media?parent=42433"}],"wp:term":[{"taxonomy":"product_brand","embeddable":true,"href":"https:\/\/silviafernandez.com\/en\/wp-json\/wp\/v2\/product_brand?post=42433"},{"taxonomy":"product_cat","embeddable":true,"href":"https:\/\/silviafernandez.com\/en\/wp-json\/wp\/v2\/product_cat?post=42433"},{"taxonomy":"product_tag","embeddable":true,"href":"https:\/\/silviafernandez.com\/en\/wp-json\/wp\/v2\/product_tag?post=42433"}],"curies":[{"name":"wp","href":"https:\/\/api.w.org\/{rel}","templated":true}]}}