{"id":42220,"date":"2026-02-26T20:55:05","date_gmt":"2026-02-26T19:55:05","guid":{"rendered":"https:\/\/silviafernandez.com\/?post_type=product&#038;p=42220"},"modified":"2026-02-26T20:55:05","modified_gmt":"2026-02-26T19:55:05","slug":"porto","status":"publish","type":"product","link":"https:\/\/silviafernandez.com\/en\/camelia\/porto\/","title":{"rendered":"PORTO"},"content":{"rendered":"","protected":false},"excerpt":{"rendered":"<p>Dos piezas, m\u00e1xima actitud. Este conjunto de invitada mezcla un top en crepe de l\u00edneas limpias con un pantal\u00f3n recto que alarga la silueta, y remata el look con un volante XL en tafeta con ca\u00edda y movimiento.<\/p>\n<p>El contraste entre la estructura del crepe y el volumen de la tafeta convierte este look de fiesta en una apuesta moderna, potente y muy especial.<\/p>","protected":false},"featured_media":42239,"template":"","meta":[],"product_brand":[],"product_cat":[810],"product_tag":[],"class_list":{"0":"post-42220","1":"product","2":"type-product","3":"status-publish","4":"has-post-thumbnail","6":"product_cat-camelia","8":"first","9":"instock","10":"taxable","11":"shipping-taxable","12":"purchasable","13":"product-type-variable"},"_links":{"self":[{"href":"https:\/\/silviafernandez.com\/en\/wp-json\/wp\/v2\/product\/42220","targetHints":{"allow":["GET"]}}],"collection":[{"href":"https:\/\/silviafernandez.com\/en\/wp-json\/wp\/v2\/product"}],"about":[{"href":"https:\/\/silviafernandez.com\/en\/wp-json\/wp\/v2\/types\/product"}],"wp:featuredmedia":[{"embeddable":true,"href":"https:\/\/silviafernandez.com\/en\/wp-json\/wp\/v2\/media\/42239"}],"wp:attachment":[{"href":"https:\/\/silviafernandez.com\/en\/wp-json\/wp\/v2\/media?parent=42220"}],"wp:term":[{"taxonomy":"product_brand","embeddable":true,"href":"https:\/\/silviafernandez.com\/en\/wp-json\/wp\/v2\/product_brand?post=42220"},{"taxonomy":"product_cat","embeddable":true,"href":"https:\/\/silviafernandez.com\/en\/wp-json\/wp\/v2\/product_cat?post=42220"},{"taxonomy":"product_tag","embeddable":true,"href":"https:\/\/silviafernandez.com\/en\/wp-json\/wp\/v2\/product_tag?post=42220"}],"curies":[{"name":"wp","href":"https:\/\/api.w.org\/{rel}","templated":true}]}}