{"id":41138,"date":"2026-02-26T20:55:10","date_gmt":"2026-02-26T19:55:10","guid":{"rendered":"https:\/\/silviafernandez.com\/?post_type=product&#038;p=41138"},"modified":"2026-02-26T20:55:10","modified_gmt":"2026-02-26T19:55:10","slug":"canelas","status":"publish","type":"product","link":"https:\/\/silviafernandez.com\/en\/camelia\/canelas\/","title":{"rendered":"CANELAS"},"content":{"rendered":"","protected":false},"excerpt":{"rendered":"<p>Este vestido largo de punto apuesta por una silueta muy definida con un aire contempor\u00e1neo. Las maxihombreras estructuran la parte superior y aportan presencia, mientras el frunce en la cintura dibuja la figura de forma natural y favorecedora.<\/p>\n<p>La abertura frontal alarga visualmente la pierna y a\u00f1ade movimiento, manteniendo un equilibrio perfecto entre elegancia y car\u00e1cter. Un dise\u00f1o ideal para cuando buscas un look limpio, potente y f\u00e1cil de llevar.<\/p>","protected":false},"featured_media":41166,"template":"","meta":[],"product_brand":[],"product_cat":[810],"product_tag":[],"class_list":{"0":"post-41138","1":"product","2":"type-product","3":"status-publish","4":"has-post-thumbnail","6":"product_cat-camelia","8":"first","9":"instock","10":"taxable","11":"shipping-taxable","12":"purchasable","13":"product-type-variable"},"_links":{"self":[{"href":"https:\/\/silviafernandez.com\/en\/wp-json\/wp\/v2\/product\/41138","targetHints":{"allow":["GET"]}}],"collection":[{"href":"https:\/\/silviafernandez.com\/en\/wp-json\/wp\/v2\/product"}],"about":[{"href":"https:\/\/silviafernandez.com\/en\/wp-json\/wp\/v2\/types\/product"}],"wp:featuredmedia":[{"embeddable":true,"href":"https:\/\/silviafernandez.com\/en\/wp-json\/wp\/v2\/media\/41166"}],"wp:attachment":[{"href":"https:\/\/silviafernandez.com\/en\/wp-json\/wp\/v2\/media?parent=41138"}],"wp:term":[{"taxonomy":"product_brand","embeddable":true,"href":"https:\/\/silviafernandez.com\/en\/wp-json\/wp\/v2\/product_brand?post=41138"},{"taxonomy":"product_cat","embeddable":true,"href":"https:\/\/silviafernandez.com\/en\/wp-json\/wp\/v2\/product_cat?post=41138"},{"taxonomy":"product_tag","embeddable":true,"href":"https:\/\/silviafernandez.com\/en\/wp-json\/wp\/v2\/product_tag?post=41138"}],"curies":[{"name":"wp","href":"https:\/\/api.w.org\/{rel}","templated":true}]}}