{"id":39960,"date":"2025-12-03T11:45:36","date_gmt":"2025-12-03T10:45:36","guid":{"rendered":"https:\/\/silviafernandez.com\/?post_type=product&#038;p=39960"},"modified":"2025-12-03T12:23:40","modified_gmt":"2025-12-03T11:23:40","slug":"noemi","status":"publish","type":"product","link":"https:\/\/silviafernandez.com\/en\/vestidos-de-fiesta\/lazos-fiesta\/noemi\/","title":{"rendered":"NOEMI"},"content":{"rendered":"","protected":false},"excerpt":{"rendered":"<p>El vestido de invitada Noem\u00ed combina elegancia cl\u00e1sica y detalles contempor\u00e1neos. Confeccionado en tafeta, destaca por su cuerpo camisero con cuello y pu\u00f1os adornados en pedrer\u00eda, que aportan brillo y sofisticaci\u00f3n. La falda amplia con movimiento y la lazada estructurada en la cintura estilizan la silueta, logrando un equilibrio perfecto entre volumen y feminidad.<\/p>","protected":false},"featured_media":39982,"template":"","meta":[],"product_brand":[],"product_cat":[1586,139],"product_tag":[],"class_list":{"0":"post-39960","1":"product","2":"type-product","3":"status-publish","4":"has-post-thumbnail","6":"product_cat-lazos-fiesta","7":"product_cat-vestidos-de-fiesta","9":"first","10":"instock","11":"taxable","12":"shipping-taxable","13":"purchasable","14":"product-type-variable"},"_links":{"self":[{"href":"https:\/\/silviafernandez.com\/en\/wp-json\/wp\/v2\/product\/39960","targetHints":{"allow":["GET"]}}],"collection":[{"href":"https:\/\/silviafernandez.com\/en\/wp-json\/wp\/v2\/product"}],"about":[{"href":"https:\/\/silviafernandez.com\/en\/wp-json\/wp\/v2\/types\/product"}],"wp:featuredmedia":[{"embeddable":true,"href":"https:\/\/silviafernandez.com\/en\/wp-json\/wp\/v2\/media\/39982"}],"wp:attachment":[{"href":"https:\/\/silviafernandez.com\/en\/wp-json\/wp\/v2\/media?parent=39960"}],"wp:term":[{"taxonomy":"product_brand","embeddable":true,"href":"https:\/\/silviafernandez.com\/en\/wp-json\/wp\/v2\/product_brand?post=39960"},{"taxonomy":"product_cat","embeddable":true,"href":"https:\/\/silviafernandez.com\/en\/wp-json\/wp\/v2\/product_cat?post=39960"},{"taxonomy":"product_tag","embeddable":true,"href":"https:\/\/silviafernandez.com\/en\/wp-json\/wp\/v2\/product_tag?post=39960"}],"curies":[{"name":"wp","href":"https:\/\/api.w.org\/{rel}","templated":true}]}}