{"id":36722,"date":"2025-09-01T12:00:26","date_gmt":"2025-09-01T10:00:26","guid":{"rendered":"https:\/\/silviafernandez.com\/sin%20categor\u00eda\/cruz\/"},"modified":"2025-12-03T12:23:45","modified_gmt":"2025-12-03T11:23:45","slug":"cruz","status":"publish","type":"product","link":"https:\/\/silviafernandez.com\/en\/vestidos-de-novia\/lazos\/cruz\/","title":{"rendered":"Cruz"},"content":{"rendered":"","protected":false},"excerpt":{"rendered":"<p>Vestido de novia confeccionado en crepe que destaca por su escote bardot, dejando con sutileza los hombros al descubierto. La falda l\u00e1piz con abertura trasera y delicados botones de crepe aporta sensualidad al look.<br \/>\nEl dise\u00f1o se transforma con la incorporaci\u00f3n de una sobrefalda brocada de gran volumen. Un dise\u00f1o vers\u00e1til que permite lucir dos estilos en un mismo vestido.<\/p>","protected":false},"featured_media":36997,"template":"","meta":[],"product_brand":[],"product_cat":[1478,20],"product_tag":[1515],"class_list":{"0":"post-36722","1":"product","2":"type-product","3":"status-publish","4":"has-post-thumbnail","6":"product_cat-lazos","7":"product_cat-vestidos-de-novia","8":"product_tag-2025newdes","10":"first","11":"instock","12":"taxable","13":"shipping-taxable","14":"product-type-simple"},"_links":{"self":[{"href":"https:\/\/silviafernandez.com\/en\/wp-json\/wp\/v2\/product\/36722","targetHints":{"allow":["GET"]}}],"collection":[{"href":"https:\/\/silviafernandez.com\/en\/wp-json\/wp\/v2\/product"}],"about":[{"href":"https:\/\/silviafernandez.com\/en\/wp-json\/wp\/v2\/types\/product"}],"wp:featuredmedia":[{"embeddable":true,"href":"https:\/\/silviafernandez.com\/en\/wp-json\/wp\/v2\/media\/36997"}],"wp:attachment":[{"href":"https:\/\/silviafernandez.com\/en\/wp-json\/wp\/v2\/media?parent=36722"}],"wp:term":[{"taxonomy":"product_brand","embeddable":true,"href":"https:\/\/silviafernandez.com\/en\/wp-json\/wp\/v2\/product_brand?post=36722"},{"taxonomy":"product_cat","embeddable":true,"href":"https:\/\/silviafernandez.com\/en\/wp-json\/wp\/v2\/product_cat?post=36722"},{"taxonomy":"product_tag","embeddable":true,"href":"https:\/\/silviafernandez.com\/en\/wp-json\/wp\/v2\/product_tag?post=36722"}],"curies":[{"name":"wp","href":"https:\/\/api.w.org\/{rel}","templated":true}]}}