{"id":36721,"date":"2025-09-01T12:00:26","date_gmt":"2025-09-01T10:00:26","guid":{"rendered":"https:\/\/silviafernandez.com\/sin%20categor\u00eda\/colonia\/"},"modified":"2025-12-03T12:23:45","modified_gmt":"2025-12-03T11:23:45","slug":"colonia","status":"publish","type":"product","link":"https:\/\/silviafernandez.com\/en\/vestidos-de-novia\/lazos\/colonia\/","title":{"rendered":"Colonia"},"content":{"rendered":"","protected":false},"excerpt":{"rendered":"<p>Vestido de novia de estilo rom\u00e1ntico, compuesto por 3 prendas. Confeccionado en crepe con escote cuadrado y falda de l\u00ednea A. El dise\u00f1o se complementa con un delicado bolero de tul bordado decorado con onda de guipour. Se completa con una sobrecola de crepe fino, con vaciado central de tul bordado y adornado en su contorno con onda de guipour.<\/p>","protected":false},"featured_media":36947,"template":"","meta":[],"product_brand":[],"product_cat":[1478,20],"product_tag":[1515],"class_list":{"0":"post-36721","1":"product","2":"type-product","3":"status-publish","4":"has-post-thumbnail","6":"product_cat-lazos","7":"product_cat-vestidos-de-novia","8":"product_tag-2025newdes","10":"first","11":"instock","12":"taxable","13":"shipping-taxable","14":"product-type-simple"},"_links":{"self":[{"href":"https:\/\/silviafernandez.com\/en\/wp-json\/wp\/v2\/product\/36721","targetHints":{"allow":["GET"]}}],"collection":[{"href":"https:\/\/silviafernandez.com\/en\/wp-json\/wp\/v2\/product"}],"about":[{"href":"https:\/\/silviafernandez.com\/en\/wp-json\/wp\/v2\/types\/product"}],"wp:featuredmedia":[{"embeddable":true,"href":"https:\/\/silviafernandez.com\/en\/wp-json\/wp\/v2\/media\/36947"}],"wp:attachment":[{"href":"https:\/\/silviafernandez.com\/en\/wp-json\/wp\/v2\/media?parent=36721"}],"wp:term":[{"taxonomy":"product_brand","embeddable":true,"href":"https:\/\/silviafernandez.com\/en\/wp-json\/wp\/v2\/product_brand?post=36721"},{"taxonomy":"product_cat","embeddable":true,"href":"https:\/\/silviafernandez.com\/en\/wp-json\/wp\/v2\/product_cat?post=36721"},{"taxonomy":"product_tag","embeddable":true,"href":"https:\/\/silviafernandez.com\/en\/wp-json\/wp\/v2\/product_tag?post=36721"}],"curies":[{"name":"wp","href":"https:\/\/api.w.org\/{rel}","templated":true}]}}