{"id":36717,"date":"2025-09-01T12:00:26","date_gmt":"2025-09-01T10:00:26","guid":{"rendered":"https:\/\/silviafernandez.com\/sin%20categor\u00eda\/cozumel\/"},"modified":"2025-12-03T12:23:45","modified_gmt":"2025-12-03T11:23:45","slug":"cozumel","status":"publish","type":"product","link":"https:\/\/silviafernandez.com\/en\/vestidos-de-novia\/lazos\/cozumel\/","title":{"rendered":"Cozumel"},"content":{"rendered":"","protected":false},"excerpt":{"rendered":"<p>Vestido de novia que apuesta por la delicadeza. El vestido base, confeccionado en crepe fino, se ci\u00f1e en la cintura dando paso a la falda capeada. La l\u00ednea del escote en V, se cubre con un bolero de gasa que aporta una segunda piel transl\u00facida, envolviendo los brazos en unas mangas abullonadas acabadas en pu\u00f1os de guipour bordado. Desde la cintura nace una sobrecola de gasa ligera, rematada con una exquisita onda de guipour.<\/p>","protected":false},"featured_media":36984,"template":"","meta":[],"product_brand":[],"product_cat":[1478,20],"product_tag":[1515],"class_list":{"0":"post-36717","1":"product","2":"type-product","3":"status-publish","4":"has-post-thumbnail","6":"product_cat-lazos","7":"product_cat-vestidos-de-novia","8":"product_tag-2025newdes","10":"first","11":"instock","12":"taxable","13":"shipping-taxable","14":"product-type-simple"},"_links":{"self":[{"href":"https:\/\/silviafernandez.com\/en\/wp-json\/wp\/v2\/product\/36717","targetHints":{"allow":["GET"]}}],"collection":[{"href":"https:\/\/silviafernandez.com\/en\/wp-json\/wp\/v2\/product"}],"about":[{"href":"https:\/\/silviafernandez.com\/en\/wp-json\/wp\/v2\/types\/product"}],"wp:featuredmedia":[{"embeddable":true,"href":"https:\/\/silviafernandez.com\/en\/wp-json\/wp\/v2\/media\/36984"}],"wp:attachment":[{"href":"https:\/\/silviafernandez.com\/en\/wp-json\/wp\/v2\/media?parent=36717"}],"wp:term":[{"taxonomy":"product_brand","embeddable":true,"href":"https:\/\/silviafernandez.com\/en\/wp-json\/wp\/v2\/product_brand?post=36717"},{"taxonomy":"product_cat","embeddable":true,"href":"https:\/\/silviafernandez.com\/en\/wp-json\/wp\/v2\/product_cat?post=36717"},{"taxonomy":"product_tag","embeddable":true,"href":"https:\/\/silviafernandez.com\/en\/wp-json\/wp\/v2\/product_tag?post=36717"}],"curies":[{"name":"wp","href":"https:\/\/api.w.org\/{rel}","templated":true}]}}