{"id":35516,"date":"2025-04-03T18:00:23","date_gmt":"2025-04-03T16:00:23","guid":{"rendered":"https:\/\/silviafernandez.com\/?post_type=product&#038;p=35516"},"modified":"2025-12-03T12:23:50","modified_gmt":"2025-12-03T11:23:50","slug":"corcega","status":"publish","type":"product","link":"https:\/\/silviafernandez.com\/en\/vestidos-de-novia\/lazos\/corcega\/","title":{"rendered":"Corcega"},"content":{"rendered":"","protected":false},"excerpt":{"rendered":"<p>Vestido mini de novia que combina un cuerpo entallado con una falda de grandes volantes en tafeta. La parte superior, confeccionada en crepe, destaca por su escote cuadrado, su espalda abierta en forma de rombo y unas hombreras que definen la figura.<\/p>\n<p>El dise\u00f1o se complementa con una sobrefalda desmontable, distinguida por su construcci\u00f3n escalonada, con volantes de tafeta que aumentan en tama\u00f1o hacia el bajo, aportando movimiento y presencia en cada paso. Este dise\u00f1o est\u00e1 pensado para novias que desean dos looks en uno.<\/p>","protected":false},"featured_media":35617,"template":"","meta":[],"product_brand":[],"product_cat":[1478,20],"product_tag":[1515],"class_list":{"0":"post-35516","1":"product","2":"type-product","3":"status-publish","4":"has-post-thumbnail","6":"product_cat-lazos","7":"product_cat-vestidos-de-novia","8":"product_tag-2025newdes","10":"first","11":"instock","12":"taxable","13":"shipping-taxable","14":"product-type-simple"},"_links":{"self":[{"href":"https:\/\/silviafernandez.com\/en\/wp-json\/wp\/v2\/product\/35516","targetHints":{"allow":["GET"]}}],"collection":[{"href":"https:\/\/silviafernandez.com\/en\/wp-json\/wp\/v2\/product"}],"about":[{"href":"https:\/\/silviafernandez.com\/en\/wp-json\/wp\/v2\/types\/product"}],"wp:featuredmedia":[{"embeddable":true,"href":"https:\/\/silviafernandez.com\/en\/wp-json\/wp\/v2\/media\/35617"}],"wp:attachment":[{"href":"https:\/\/silviafernandez.com\/en\/wp-json\/wp\/v2\/media?parent=35516"}],"wp:term":[{"taxonomy":"product_brand","embeddable":true,"href":"https:\/\/silviafernandez.com\/en\/wp-json\/wp\/v2\/product_brand?post=35516"},{"taxonomy":"product_cat","embeddable":true,"href":"https:\/\/silviafernandez.com\/en\/wp-json\/wp\/v2\/product_cat?post=35516"},{"taxonomy":"product_tag","embeddable":true,"href":"https:\/\/silviafernandez.com\/en\/wp-json\/wp\/v2\/product_tag?post=35516"}],"curies":[{"name":"wp","href":"https:\/\/api.w.org\/{rel}","templated":true}]}}