{"id":35510,"date":"2025-04-03T18:00:40","date_gmt":"2025-04-03T16:00:40","guid":{"rendered":"https:\/\/silviafernandez.com\/?post_type=product&#038;p=35510"},"modified":"2025-12-03T12:23:49","modified_gmt":"2025-12-03T11:23:49","slug":"casandra","status":"publish","type":"product","link":"https:\/\/silviafernandez.com\/en\/vestidos-de-novia\/lazos\/casandra\/","title":{"rendered":"Casandra"},"content":{"rendered":"","protected":false},"excerpt":{"rendered":"<p>Vestido de novia de aire bohemio, confeccionado en gasa y de escote en pico. Las mangas largas con volumen y semitransparentes terminan en pu\u00f1os bordados. Un detalle que le aporta sofisticaci\u00f3n al dise\u00f1o, es la delicada franja de encaje que marca sutilmente la cintura y separa visualmente el cuerpo de la falda.<\/p>\n<p>La falda, de gran ligereza y movimiento, est\u00e1 formada por capas de volantes fruncidos que se van superponiendo desde la cadera hasta la cola, creando una silueta fluida y rom\u00e1ntica.<\/p>","protected":false},"featured_media":35564,"template":"","meta":[],"product_brand":[],"product_cat":[1478,20],"product_tag":[1515],"class_list":{"0":"post-35510","1":"product","2":"type-product","3":"status-publish","4":"has-post-thumbnail","6":"product_cat-lazos","7":"product_cat-vestidos-de-novia","8":"product_tag-2025newdes","10":"first","11":"instock","12":"taxable","13":"shipping-taxable","14":"product-type-simple"},"_links":{"self":[{"href":"https:\/\/silviafernandez.com\/en\/wp-json\/wp\/v2\/product\/35510","targetHints":{"allow":["GET"]}}],"collection":[{"href":"https:\/\/silviafernandez.com\/en\/wp-json\/wp\/v2\/product"}],"about":[{"href":"https:\/\/silviafernandez.com\/en\/wp-json\/wp\/v2\/types\/product"}],"wp:featuredmedia":[{"embeddable":true,"href":"https:\/\/silviafernandez.com\/en\/wp-json\/wp\/v2\/media\/35564"}],"wp:attachment":[{"href":"https:\/\/silviafernandez.com\/en\/wp-json\/wp\/v2\/media?parent=35510"}],"wp:term":[{"taxonomy":"product_brand","embeddable":true,"href":"https:\/\/silviafernandez.com\/en\/wp-json\/wp\/v2\/product_brand?post=35510"},{"taxonomy":"product_cat","embeddable":true,"href":"https:\/\/silviafernandez.com\/en\/wp-json\/wp\/v2\/product_cat?post=35510"},{"taxonomy":"product_tag","embeddable":true,"href":"https:\/\/silviafernandez.com\/en\/wp-json\/wp\/v2\/product_tag?post=35510"}],"curies":[{"name":"wp","href":"https:\/\/api.w.org\/{rel}","templated":true}]}}