{"id":35508,"date":"2025-04-03T18:00:13","date_gmt":"2025-04-03T16:00:13","guid":{"rendered":"https:\/\/silviafernandez.com\/?post_type=product&#038;p=35508"},"modified":"2025-12-03T12:23:51","modified_gmt":"2025-12-03T11:23:51","slug":"carla","status":"publish","type":"product","link":"https:\/\/silviafernandez.com\/en\/vestidos-de-novia\/lazos\/carla\/","title":{"rendered":"Carla"},"content":{"rendered":"","protected":false},"excerpt":{"rendered":"<p>Vestido mini de novia al que se le a\u00f1ade una sobrefalda, con estructura y volumen, pensado para novias que buscan marcar la diferencia y una silueta imponente. Confeccionado en crepe, con cuello cerrado y manga larga, el dise\u00f1o incorpora un faj\u00edn de tul drapeado que marca la cintura. La parte superior destaca por su escote en la espalda, en forma de l\u00e1grima, que a\u00f1ade sensualidad al dise\u00f1o.<\/p>\n<p>La falda es desmontable y est\u00e1 compuesta por varios volantes de tul en diferentes capas, que aportan movimiento, textura y ligereza. Un vestido con car\u00e1cter para hacerte sentir \u00fanica.<\/p>\n<p>&nbsp;<\/p>","protected":false},"featured_media":35636,"template":"","meta":[],"product_brand":[],"product_cat":[1478,20],"product_tag":[1515],"class_list":{"0":"post-35508","1":"product","2":"type-product","3":"status-publish","4":"has-post-thumbnail","6":"product_cat-lazos","7":"product_cat-vestidos-de-novia","8":"product_tag-2025newdes","10":"first","11":"instock","12":"taxable","13":"shipping-taxable","14":"product-type-simple"},"_links":{"self":[{"href":"https:\/\/silviafernandez.com\/en\/wp-json\/wp\/v2\/product\/35508","targetHints":{"allow":["GET"]}}],"collection":[{"href":"https:\/\/silviafernandez.com\/en\/wp-json\/wp\/v2\/product"}],"about":[{"href":"https:\/\/silviafernandez.com\/en\/wp-json\/wp\/v2\/types\/product"}],"wp:featuredmedia":[{"embeddable":true,"href":"https:\/\/silviafernandez.com\/en\/wp-json\/wp\/v2\/media\/35636"}],"wp:attachment":[{"href":"https:\/\/silviafernandez.com\/en\/wp-json\/wp\/v2\/media?parent=35508"}],"wp:term":[{"taxonomy":"product_brand","embeddable":true,"href":"https:\/\/silviafernandez.com\/en\/wp-json\/wp\/v2\/product_brand?post=35508"},{"taxonomy":"product_cat","embeddable":true,"href":"https:\/\/silviafernandez.com\/en\/wp-json\/wp\/v2\/product_cat?post=35508"},{"taxonomy":"product_tag","embeddable":true,"href":"https:\/\/silviafernandez.com\/en\/wp-json\/wp\/v2\/product_tag?post=35508"}],"curies":[{"name":"wp","href":"https:\/\/api.w.org\/{rel}","templated":true}]}}