{"id":35500,"date":"2025-04-03T18:00:40","date_gmt":"2025-04-03T16:00:40","guid":{"rendered":"https:\/\/silviafernandez.com\/?post_type=product&#038;p=35500"},"modified":"2025-12-03T12:23:50","modified_gmt":"2025-12-03T11:23:50","slug":"colombia","status":"publish","type":"product","link":"https:\/\/silviafernandez.com\/en\/vestidos-de-novia\/lazos\/colombia\/","title":{"rendered":"Colombia"},"content":{"rendered":"","protected":false},"excerpt":{"rendered":"<p>Vestido de novia que destaca por su estilo cl\u00e1sico, la delicadeza de sus detalles y la majestuosidad de su ca\u00edda. Confeccionado en crepe, este vestido destaca por su elegante faj\u00edn drapeado y sus mangas largas con volumen, realzadas con encaje bordado.<\/p>\n<p>La espalda, con cierre de botones y ondas bordadas, aporta un aire rom\u00e1ntico y refinado. El broche perfecto al dise\u00f1o es su sobrecola, elaborada en crepe y tul flocado, rematada con ondas de guipur.<\/p>","protected":false},"featured_media":35557,"template":"","meta":[],"product_brand":[],"product_cat":[1478,20],"product_tag":[1515],"class_list":{"0":"post-35500","1":"product","2":"type-product","3":"status-publish","4":"has-post-thumbnail","6":"product_cat-lazos","7":"product_cat-vestidos-de-novia","8":"product_tag-2025newdes","10":"first","11":"instock","12":"taxable","13":"shipping-taxable","14":"product-type-simple"},"_links":{"self":[{"href":"https:\/\/silviafernandez.com\/en\/wp-json\/wp\/v2\/product\/35500","targetHints":{"allow":["GET"]}}],"collection":[{"href":"https:\/\/silviafernandez.com\/en\/wp-json\/wp\/v2\/product"}],"about":[{"href":"https:\/\/silviafernandez.com\/en\/wp-json\/wp\/v2\/types\/product"}],"wp:featuredmedia":[{"embeddable":true,"href":"https:\/\/silviafernandez.com\/en\/wp-json\/wp\/v2\/media\/35557"}],"wp:attachment":[{"href":"https:\/\/silviafernandez.com\/en\/wp-json\/wp\/v2\/media?parent=35500"}],"wp:term":[{"taxonomy":"product_brand","embeddable":true,"href":"https:\/\/silviafernandez.com\/en\/wp-json\/wp\/v2\/product_brand?post=35500"},{"taxonomy":"product_cat","embeddable":true,"href":"https:\/\/silviafernandez.com\/en\/wp-json\/wp\/v2\/product_cat?post=35500"},{"taxonomy":"product_tag","embeddable":true,"href":"https:\/\/silviafernandez.com\/en\/wp-json\/wp\/v2\/product_tag?post=35500"}],"curies":[{"name":"wp","href":"https:\/\/api.w.org\/{rel}","templated":true}]}}