{"id":35498,"date":"2025-04-03T18:00:25","date_gmt":"2025-04-03T16:00:25","guid":{"rendered":"https:\/\/silviafernandez.com\/?post_type=product&#038;p=35498"},"modified":"2025-12-03T12:23:50","modified_gmt":"2025-12-03T11:23:50","slug":"cleopatra","status":"publish","type":"product","link":"https:\/\/silviafernandez.com\/en\/vestidos-de-novia\/lazos\/cleopatra\/","title":{"rendered":"Cleopatra"},"content":{"rendered":"","protected":false},"excerpt":{"rendered":"<p>Vestido de novia que une elegancia y distinci\u00f3n en un dise\u00f1o majestuoso confeccionado en crepe y chantilly. Su silueta femenina se adorna con un sofisticado faj\u00edn triangular que enmarca la cintura, mientras que el delicado encaje chantilly cubre el cuerpo, las mangas y la falda, aportando un aire rom\u00e1ntico.<\/p>\n<p>El detalle m\u00e1s ic\u00f3nico es su choker bordado en guipur, unido a unas ca\u00eddas de gasa desmontables que completan el look con una ca\u00edda \u00fanica. Cleopatra es la elecci\u00f3n perfecta para novias que buscan impactar con seguridad y una esencia atemporal.<\/p>","protected":false},"featured_media":35605,"template":"","meta":[],"product_brand":[],"product_cat":[1478,20],"product_tag":[1515],"class_list":{"0":"post-35498","1":"product","2":"type-product","3":"status-publish","4":"has-post-thumbnail","6":"product_cat-lazos","7":"product_cat-vestidos-de-novia","8":"product_tag-2025newdes","10":"first","11":"instock","12":"taxable","13":"shipping-taxable","14":"product-type-simple"},"_links":{"self":[{"href":"https:\/\/silviafernandez.com\/en\/wp-json\/wp\/v2\/product\/35498","targetHints":{"allow":["GET"]}}],"collection":[{"href":"https:\/\/silviafernandez.com\/en\/wp-json\/wp\/v2\/product"}],"about":[{"href":"https:\/\/silviafernandez.com\/en\/wp-json\/wp\/v2\/types\/product"}],"wp:featuredmedia":[{"embeddable":true,"href":"https:\/\/silviafernandez.com\/en\/wp-json\/wp\/v2\/media\/35605"}],"wp:attachment":[{"href":"https:\/\/silviafernandez.com\/en\/wp-json\/wp\/v2\/media?parent=35498"}],"wp:term":[{"taxonomy":"product_brand","embeddable":true,"href":"https:\/\/silviafernandez.com\/en\/wp-json\/wp\/v2\/product_brand?post=35498"},{"taxonomy":"product_cat","embeddable":true,"href":"https:\/\/silviafernandez.com\/en\/wp-json\/wp\/v2\/product_cat?post=35498"},{"taxonomy":"product_tag","embeddable":true,"href":"https:\/\/silviafernandez.com\/en\/wp-json\/wp\/v2\/product_tag?post=35498"}],"curies":[{"name":"wp","href":"https:\/\/api.w.org\/{rel}","templated":true}]}}