{"id":35497,"date":"2025-04-03T18:00:33","date_gmt":"2025-04-03T16:00:33","guid":{"rendered":"https:\/\/silviafernandez.com\/?post_type=product&#038;p=35497"},"modified":"2025-12-03T12:23:50","modified_gmt":"2025-12-03T11:23:50","slug":"celeste","status":"publish","type":"product","link":"https:\/\/silviafernandez.com\/en\/vestidos-de-novia\/lazos\/celeste\/","title":{"rendered":"Celeste"},"content":{"rendered":"","protected":false},"excerpt":{"rendered":"<p>Vestido de novia de perfecto ajuste al cuerpo, estructurado con cuello halter que realza el rostro. Su cors\u00e9 interior es confeccionado en un delicado encaje de chantilly que define la silueta sin perder comodidad.<\/p>\n<p>La falda elaborada en crepe, destaca por ser entallada y se complementa con una sobrefalda de chantilly que cae con ligereza y permite adaptar el dise\u00f1o seg\u00fan el estilo de cada novia. Un vestido para quienes buscan un dise\u00f1o limpio con acabados artesanales.<\/p>","protected":false},"featured_media":35581,"template":"","meta":[],"product_brand":[],"product_cat":[1478,20],"product_tag":[1515],"class_list":{"0":"post-35497","1":"product","2":"type-product","3":"status-publish","4":"has-post-thumbnail","6":"product_cat-lazos","7":"product_cat-vestidos-de-novia","8":"product_tag-2025newdes","10":"first","11":"instock","12":"taxable","13":"shipping-taxable","14":"product-type-simple"},"_links":{"self":[{"href":"https:\/\/silviafernandez.com\/en\/wp-json\/wp\/v2\/product\/35497","targetHints":{"allow":["GET"]}}],"collection":[{"href":"https:\/\/silviafernandez.com\/en\/wp-json\/wp\/v2\/product"}],"about":[{"href":"https:\/\/silviafernandez.com\/en\/wp-json\/wp\/v2\/types\/product"}],"wp:featuredmedia":[{"embeddable":true,"href":"https:\/\/silviafernandez.com\/en\/wp-json\/wp\/v2\/media\/35581"}],"wp:attachment":[{"href":"https:\/\/silviafernandez.com\/en\/wp-json\/wp\/v2\/media?parent=35497"}],"wp:term":[{"taxonomy":"product_brand","embeddable":true,"href":"https:\/\/silviafernandez.com\/en\/wp-json\/wp\/v2\/product_brand?post=35497"},{"taxonomy":"product_cat","embeddable":true,"href":"https:\/\/silviafernandez.com\/en\/wp-json\/wp\/v2\/product_cat?post=35497"},{"taxonomy":"product_tag","embeddable":true,"href":"https:\/\/silviafernandez.com\/en\/wp-json\/wp\/v2\/product_tag?post=35497"}],"curies":[{"name":"wp","href":"https:\/\/api.w.org\/{rel}","templated":true}]}}