{"id":35485,"date":"2025-04-03T18:00:28","date_gmt":"2025-04-03T16:00:28","guid":{"rendered":"https:\/\/silviafernandez.com\/?post_type=product&#038;p=35485"},"modified":"2025-12-03T12:23:50","modified_gmt":"2025-12-03T11:23:50","slug":"camila","status":"publish","type":"product","link":"https:\/\/silviafernandez.com\/en\/vestidos-de-novia\/lazos\/camila\/","title":{"rendered":"Camila"},"content":{"rendered":"","protected":false},"excerpt":{"rendered":"<p>Vestido de novia que combina estructura y movimiento con una confecci\u00f3n cuidada: costuras pespunteadas con precisi\u00f3n, acabados limpios que dan lugar a un dise\u00f1o con elegancia contempor\u00e1nea.<\/p>\n<p>Elaborado en crepe, su silueta ajustada realza la figura. El vestido a\u00f1ade un toque de elegancia y sofisticaci\u00f3n con su escote bardot y el drapeado que cae suavemente sobre los hombros.<\/p>\n<p>La cintura destaca por el faj\u00edn en crepe drapeado que da paso a una falda larga. En la parte trasera, una hilera de botones forrados recorre la espalda desde el escote hasta el final de la cola dejando un acabado impecable.<\/p>","protected":false},"featured_media":35597,"template":"","meta":[],"product_brand":[],"product_cat":[1478,20],"product_tag":[1515],"class_list":{"0":"post-35485","1":"product","2":"type-product","3":"status-publish","4":"has-post-thumbnail","6":"product_cat-lazos","7":"product_cat-vestidos-de-novia","8":"product_tag-2025newdes","10":"first","11":"instock","12":"taxable","13":"shipping-taxable","14":"product-type-simple"},"_links":{"self":[{"href":"https:\/\/silviafernandez.com\/en\/wp-json\/wp\/v2\/product\/35485","targetHints":{"allow":["GET"]}}],"collection":[{"href":"https:\/\/silviafernandez.com\/en\/wp-json\/wp\/v2\/product"}],"about":[{"href":"https:\/\/silviafernandez.com\/en\/wp-json\/wp\/v2\/types\/product"}],"wp:featuredmedia":[{"embeddable":true,"href":"https:\/\/silviafernandez.com\/en\/wp-json\/wp\/v2\/media\/35597"}],"wp:attachment":[{"href":"https:\/\/silviafernandez.com\/en\/wp-json\/wp\/v2\/media?parent=35485"}],"wp:term":[{"taxonomy":"product_brand","embeddable":true,"href":"https:\/\/silviafernandez.com\/en\/wp-json\/wp\/v2\/product_brand?post=35485"},{"taxonomy":"product_cat","embeddable":true,"href":"https:\/\/silviafernandez.com\/en\/wp-json\/wp\/v2\/product_cat?post=35485"},{"taxonomy":"product_tag","embeddable":true,"href":"https:\/\/silviafernandez.com\/en\/wp-json\/wp\/v2\/product_tag?post=35485"}],"curies":[{"name":"wp","href":"https:\/\/api.w.org\/{rel}","templated":true}]}}