{"id":34057,"date":"2025-02-05T15:51:48","date_gmt":"2025-02-05T14:51:48","guid":{"rendered":"https:\/\/silviafernandez.com\/?post_type=product&#038;p=34057"},"modified":"2025-12-03T12:23:53","modified_gmt":"2025-12-03T11:23:53","slug":"carmela","status":"publish","type":"product","link":"https:\/\/silviafernandez.com\/en\/camelia\/carmela\/","title":{"rendered":"CARMELA"},"content":{"rendered":"","protected":false},"excerpt":{"rendered":"<p>Conjunto midi de top y falda l\u00e1piz en crepe, la definici\u00f3n de sofisticaci\u00f3n y estilo. Los botones joya recorren de forma elegante desde el escote hasta la cintura. Presenta un escote redondo y unos lazos de tafeta en el top que completan el dise\u00f1o.<\/p>","protected":false},"featured_media":34033,"template":"","meta":[],"product_brand":[],"product_cat":[810],"product_tag":[],"class_list":{"0":"post-34057","1":"product","2":"type-product","3":"status-publish","4":"has-post-thumbnail","6":"product_cat-camelia","8":"first","9":"instock","10":"taxable","11":"shipping-taxable","12":"purchasable","13":"product-type-variable"},"_links":{"self":[{"href":"https:\/\/silviafernandez.com\/en\/wp-json\/wp\/v2\/product\/34057","targetHints":{"allow":["GET"]}}],"collection":[{"href":"https:\/\/silviafernandez.com\/en\/wp-json\/wp\/v2\/product"}],"about":[{"href":"https:\/\/silviafernandez.com\/en\/wp-json\/wp\/v2\/types\/product"}],"wp:featuredmedia":[{"embeddable":true,"href":"https:\/\/silviafernandez.com\/en\/wp-json\/wp\/v2\/media\/34033"}],"wp:attachment":[{"href":"https:\/\/silviafernandez.com\/en\/wp-json\/wp\/v2\/media?parent=34057"}],"wp:term":[{"taxonomy":"product_brand","embeddable":true,"href":"https:\/\/silviafernandez.com\/en\/wp-json\/wp\/v2\/product_brand?post=34057"},{"taxonomy":"product_cat","embeddable":true,"href":"https:\/\/silviafernandez.com\/en\/wp-json\/wp\/v2\/product_cat?post=34057"},{"taxonomy":"product_tag","embeddable":true,"href":"https:\/\/silviafernandez.com\/en\/wp-json\/wp\/v2\/product_tag?post=34057"}],"curies":[{"name":"wp","href":"https:\/\/api.w.org\/{rel}","templated":true}]}}