{"id":33965,"date":"2025-02-05T15:00:29","date_gmt":"2025-02-05T14:00:29","guid":{"rendered":"https:\/\/silviafernandez.com\/?post_type=product&#038;p=33965"},"modified":"2025-12-03T12:23:53","modified_gmt":"2025-12-03T11:23:53","slug":"sainza","status":"publish","type":"product","link":"https:\/\/silviafernandez.com\/en\/camelia\/sainza\/","title":{"rendered":"SAINZA"},"content":{"rendered":"","protected":false},"excerpt":{"rendered":"<p>Vestido midi con escote cuadrado y mangas francesas que aportan un aire sofisticado. La falda en forma de tulip\u00e1n, a\u00f1ade fluidez al dise\u00f1o y el adorno de flores en la cintura hace resaltar la silueta delicadamente.<\/p>","protected":false},"featured_media":34012,"template":"","meta":[],"product_brand":[],"product_cat":[810],"product_tag":[],"class_list":{"0":"post-33965","1":"product","2":"type-product","3":"status-publish","4":"has-post-thumbnail","6":"product_cat-camelia","8":"first","9":"instock","10":"taxable","11":"shipping-taxable","12":"purchasable","13":"product-type-variable"},"_links":{"self":[{"href":"https:\/\/silviafernandez.com\/en\/wp-json\/wp\/v2\/product\/33965","targetHints":{"allow":["GET"]}}],"collection":[{"href":"https:\/\/silviafernandez.com\/en\/wp-json\/wp\/v2\/product"}],"about":[{"href":"https:\/\/silviafernandez.com\/en\/wp-json\/wp\/v2\/types\/product"}],"wp:featuredmedia":[{"embeddable":true,"href":"https:\/\/silviafernandez.com\/en\/wp-json\/wp\/v2\/media\/34012"}],"wp:attachment":[{"href":"https:\/\/silviafernandez.com\/en\/wp-json\/wp\/v2\/media?parent=33965"}],"wp:term":[{"taxonomy":"product_brand","embeddable":true,"href":"https:\/\/silviafernandez.com\/en\/wp-json\/wp\/v2\/product_brand?post=33965"},{"taxonomy":"product_cat","embeddable":true,"href":"https:\/\/silviafernandez.com\/en\/wp-json\/wp\/v2\/product_cat?post=33965"},{"taxonomy":"product_tag","embeddable":true,"href":"https:\/\/silviafernandez.com\/en\/wp-json\/wp\/v2\/product_tag?post=33965"}],"curies":[{"name":"wp","href":"https:\/\/api.w.org\/{rel}","templated":true}]}}