{"id":31418,"date":"2024-12-10T12:00:48","date_gmt":"2024-12-10T11:00:48","guid":{"rendered":"https:\/\/silviafernandez.com\/?post_type=product&#038;p=31418"},"modified":"2025-12-03T12:52:40","modified_gmt":"2025-12-03T11:52:40","slug":"briana","status":"publish","type":"product","link":"https:\/\/silviafernandez.com\/en\/vestidos-de-fiesta\/musas-fiesta\/briana\/","title":{"rendered":"BRIANA"},"content":{"rendered":"","protected":false},"excerpt":{"rendered":"<p>Vestido con cuerpo entallado en crepe, que realza la silueta, combinado con una falda midi de tul flocado que aporta movimiento y romanticismo. La confecci\u00f3n del tul a\u00f1ade textura y volumen al vestido, creando una pieza elegante y moderna.<\/p>\n<div dir=\"ltr\">\n<div>\n<p>El escote delantero conocido como bardot, deja al descubierto los hombros agregando un toque sensual y sofisticado. En la parte trasera, el escote contin\u00faa con la l\u00ednea bardot, manteniendo la simetr\u00eda y el estilo cl\u00e1sico que caracteriza al dise\u00f1o. Estos detalles hacen que sea un vestido atemporal perfecto para cualquier tipo de evento.<\/p>\n<\/div>\n<\/div>","protected":false},"featured_media":31823,"template":"","meta":[],"product_brand":[],"product_cat":[1633,139],"product_tag":[],"class_list":{"0":"post-31418","1":"product","2":"type-product","3":"status-publish","4":"has-post-thumbnail","6":"product_cat-musas-fiesta","7":"product_cat-vestidos-de-fiesta","9":"first","10":"instock","11":"taxable","12":"shipping-taxable","13":"purchasable","14":"product-type-variable"},"_links":{"self":[{"href":"https:\/\/silviafernandez.com\/en\/wp-json\/wp\/v2\/product\/31418","targetHints":{"allow":["GET"]}}],"collection":[{"href":"https:\/\/silviafernandez.com\/en\/wp-json\/wp\/v2\/product"}],"about":[{"href":"https:\/\/silviafernandez.com\/en\/wp-json\/wp\/v2\/types\/product"}],"wp:featuredmedia":[{"embeddable":true,"href":"https:\/\/silviafernandez.com\/en\/wp-json\/wp\/v2\/media\/31823"}],"wp:attachment":[{"href":"https:\/\/silviafernandez.com\/en\/wp-json\/wp\/v2\/media?parent=31418"}],"wp:term":[{"taxonomy":"product_brand","embeddable":true,"href":"https:\/\/silviafernandez.com\/en\/wp-json\/wp\/v2\/product_brand?post=31418"},{"taxonomy":"product_cat","embeddable":true,"href":"https:\/\/silviafernandez.com\/en\/wp-json\/wp\/v2\/product_cat?post=31418"},{"taxonomy":"product_tag","embeddable":true,"href":"https:\/\/silviafernandez.com\/en\/wp-json\/wp\/v2\/product_tag?post=31418"}],"curies":[{"name":"wp","href":"https:\/\/api.w.org\/{rel}","templated":true}]}}