{"id":31416,"date":"2024-12-10T12:00:48","date_gmt":"2024-12-10T11:00:48","guid":{"rendered":"https:\/\/silviafernandez.com\/?post_type=product&#038;p=31416"},"modified":"2025-12-03T12:52:40","modified_gmt":"2025-12-03T11:52:40","slug":"brasil","status":"publish","type":"product","link":"https:\/\/silviafernandez.com\/en\/vestidos-de-fiesta\/musas-fiesta\/brasil\/","title":{"rendered":"BRASIL"},"content":{"rendered":"","protected":false},"excerpt":{"rendered":"<p>Vestido largo otom\u00e1n de corte princesa, caracter\u00edstico por ajustarse al cuerpo en la parte superior, definiendo la cintura y acabar con una silueta acampanada. Ideal para quienes buscan una combinaci\u00f3n de modernidad y glamour.<\/p>\n<div dir=\"ltr\">\n<div>\n<p>El escote del vestido es en forma de V tanto delantero como trasero, est\u00e1 dise\u00f1ado para complementar las voluminosas hombreras. El dise\u00f1o destaca por la aplicaci\u00f3n joya en la cintura que a\u00f1ade un toque \u00fanico y convierte el vestido en el centro de todas las miradas.<\/p>\n<\/div>\n<\/div>","protected":false},"featured_media":31856,"template":"","meta":[],"product_brand":[],"product_cat":[1633,139],"product_tag":[],"class_list":{"0":"post-31416","1":"product","2":"type-product","3":"status-publish","4":"has-post-thumbnail","6":"product_cat-musas-fiesta","7":"product_cat-vestidos-de-fiesta","9":"first","10":"instock","11":"taxable","12":"shipping-taxable","13":"purchasable","14":"product-type-variable"},"_links":{"self":[{"href":"https:\/\/silviafernandez.com\/en\/wp-json\/wp\/v2\/product\/31416","targetHints":{"allow":["GET"]}}],"collection":[{"href":"https:\/\/silviafernandez.com\/en\/wp-json\/wp\/v2\/product"}],"about":[{"href":"https:\/\/silviafernandez.com\/en\/wp-json\/wp\/v2\/types\/product"}],"wp:featuredmedia":[{"embeddable":true,"href":"https:\/\/silviafernandez.com\/en\/wp-json\/wp\/v2\/media\/31856"}],"wp:attachment":[{"href":"https:\/\/silviafernandez.com\/en\/wp-json\/wp\/v2\/media?parent=31416"}],"wp:term":[{"taxonomy":"product_brand","embeddable":true,"href":"https:\/\/silviafernandez.com\/en\/wp-json\/wp\/v2\/product_brand?post=31416"},{"taxonomy":"product_cat","embeddable":true,"href":"https:\/\/silviafernandez.com\/en\/wp-json\/wp\/v2\/product_cat?post=31416"},{"taxonomy":"product_tag","embeddable":true,"href":"https:\/\/silviafernandez.com\/en\/wp-json\/wp\/v2\/product_tag?post=31416"}],"curies":[{"name":"wp","href":"https:\/\/api.w.org\/{rel}","templated":true}]}}