{"id":31414,"date":"2024-12-10T12:00:47","date_gmt":"2024-12-10T11:00:47","guid":{"rendered":"https:\/\/silviafernandez.com\/?post_type=product&#038;p=31414"},"modified":"2025-12-03T12:52:41","modified_gmt":"2025-12-03T11:52:41","slug":"bosco","status":"publish","type":"product","link":"https:\/\/silviafernandez.com\/en\/vestidos-de-fiesta\/musas-fiesta\/bosco\/","title":{"rendered":"BOSCO"},"content":{"rendered":"","protected":false},"excerpt":{"rendered":"<p>Vestido largo que combina la fluidez del crepe con la delicadeza del tul bordado, ideal para eventos especiales. Su escote delantero tipo barco, resalta los hombros de manera sutil aportando estilo y elegancia cl\u00e1sica. Las mangas francesas de tul transparente con bordados florales a\u00f1aden romanticismo al dise\u00f1o, mientras que el corte del vestido estiliza la figura, ofreciendo comodidad y movimiento.<\/p>\n<div dir=\"ltr\">\n<div>\n<p>El escote trasero presenta una delicada abertura en forma de l\u00e1grima, un detalle \u00fanico y sofisticado. Este vestido es perfecto para cualquier ocasi\u00f3n en la que quieras deslumbrar.<\/p>\n<\/div>\n<\/div>","protected":false},"featured_media":31908,"template":"","meta":[],"product_brand":[],"product_cat":[1633,139],"product_tag":[],"class_list":{"0":"post-31414","1":"product","2":"type-product","3":"status-publish","4":"has-post-thumbnail","6":"product_cat-musas-fiesta","7":"product_cat-vestidos-de-fiesta","9":"first","10":"instock","11":"taxable","12":"shipping-taxable","13":"purchasable","14":"product-type-variable"},"_links":{"self":[{"href":"https:\/\/silviafernandez.com\/en\/wp-json\/wp\/v2\/product\/31414","targetHints":{"allow":["GET"]}}],"collection":[{"href":"https:\/\/silviafernandez.com\/en\/wp-json\/wp\/v2\/product"}],"about":[{"href":"https:\/\/silviafernandez.com\/en\/wp-json\/wp\/v2\/types\/product"}],"wp:featuredmedia":[{"embeddable":true,"href":"https:\/\/silviafernandez.com\/en\/wp-json\/wp\/v2\/media\/31908"}],"wp:attachment":[{"href":"https:\/\/silviafernandez.com\/en\/wp-json\/wp\/v2\/media?parent=31414"}],"wp:term":[{"taxonomy":"product_brand","embeddable":true,"href":"https:\/\/silviafernandez.com\/en\/wp-json\/wp\/v2\/product_brand?post=31414"},{"taxonomy":"product_cat","embeddable":true,"href":"https:\/\/silviafernandez.com\/en\/wp-json\/wp\/v2\/product_cat?post=31414"},{"taxonomy":"product_tag","embeddable":true,"href":"https:\/\/silviafernandez.com\/en\/wp-json\/wp\/v2\/product_tag?post=31414"}],"curies":[{"name":"wp","href":"https:\/\/api.w.org\/{rel}","templated":true}]}}