{"id":31412,"date":"2024-12-10T12:00:43","date_gmt":"2024-12-10T11:00:43","guid":{"rendered":"https:\/\/silviafernandez.com\/?post_type=product&#038;p=31412"},"modified":"2025-12-03T12:52:41","modified_gmt":"2025-12-03T11:52:41","slug":"bonsai","status":"publish","type":"product","link":"https:\/\/silviafernandez.com\/en\/vestidos-de-fiesta\/musas-fiesta\/bonsai\/","title":{"rendered":"BONSAI"},"content":{"rendered":"","protected":false},"excerpt":{"rendered":"<p>Vestido largo de guipour y crepe con mangas francesas. El cuerpo, confeccionado en delicado guipour troquelado, aporta textura y detalles exquisitos que capturan todas las miradas. Su escote delantero tipo barco es perfecto para resaltar los hombros con delicadeza.<\/p>\n<div dir=\"ltr\">\n<div>\n<p>Por la parte trasera, el dise\u00f1o incluye un escote en forma de V que a\u00f1ade un toque de modernidad y realza la figura. La falda de crepe, destaca por su ca\u00edda fluida y natural. Este vestido fusiona calidad artesanal con sofisticaci\u00f3n, convirti\u00e9ndose en una opci\u00f3n \u00fanica.<\/p>\n<\/div>\n<\/div>","protected":false},"featured_media":31943,"template":"","meta":[],"product_brand":[],"product_cat":[1633,139],"product_tag":[],"class_list":{"0":"post-31412","1":"product","2":"type-product","3":"status-publish","4":"has-post-thumbnail","6":"product_cat-musas-fiesta","7":"product_cat-vestidos-de-fiesta","9":"first","10":"instock","11":"taxable","12":"shipping-taxable","13":"purchasable","14":"product-type-variable"},"_links":{"self":[{"href":"https:\/\/silviafernandez.com\/en\/wp-json\/wp\/v2\/product\/31412","targetHints":{"allow":["GET"]}}],"collection":[{"href":"https:\/\/silviafernandez.com\/en\/wp-json\/wp\/v2\/product"}],"about":[{"href":"https:\/\/silviafernandez.com\/en\/wp-json\/wp\/v2\/types\/product"}],"wp:featuredmedia":[{"embeddable":true,"href":"https:\/\/silviafernandez.com\/en\/wp-json\/wp\/v2\/media\/31943"}],"wp:attachment":[{"href":"https:\/\/silviafernandez.com\/en\/wp-json\/wp\/v2\/media?parent=31412"}],"wp:term":[{"taxonomy":"product_brand","embeddable":true,"href":"https:\/\/silviafernandez.com\/en\/wp-json\/wp\/v2\/product_brand?post=31412"},{"taxonomy":"product_cat","embeddable":true,"href":"https:\/\/silviafernandez.com\/en\/wp-json\/wp\/v2\/product_cat?post=31412"},{"taxonomy":"product_tag","embeddable":true,"href":"https:\/\/silviafernandez.com\/en\/wp-json\/wp\/v2\/product_tag?post=31412"}],"curies":[{"name":"wp","href":"https:\/\/api.w.org\/{rel}","templated":true}]}}