{"id":31407,"date":"2024-12-10T12:00:41","date_gmt":"2024-12-10T11:00:41","guid":{"rendered":"https:\/\/silviafernandez.com\/?post_type=product&#038;p=31407"},"modified":"2025-12-03T12:52:42","modified_gmt":"2025-12-03T11:52:42","slug":"boiro","status":"publish","type":"product","link":"https:\/\/silviafernandez.com\/en\/vestidos-de-fiesta\/musas-fiesta\/boiro\/","title":{"rendered":"BOIRO"},"content":{"rendered":"","protected":false},"excerpt":{"rendered":"<p>Vestido en crepe y sat\u00e9n, ideal para deslumbrar de la forma m\u00e1s elegante en cualquier evento. El escote delantero en forma de V ofrece un toque sensual sin perder la elegancia, mientras que las hombreras con detalles de pedrer\u00eda son el accesorio de lujo perfecto que elevan el dise\u00f1o a un nivel de distinci\u00f3n \u00fanico.<\/p>\n<div dir=\"ltr\">\n<div>\n<p>En la parte trasera, el escote abierto en forma de l\u00e1grima ofrece un dise\u00f1o moderno dejando un acabado impecable que realza la figura.<\/p>\n<div dir=\"ltr\">\n<div>\n<p>Es la elecci\u00f3n perfecta para galas, bodas o eventos de noche, donde la calidad de sus materiales y la atenci\u00f3n a los detalles garantizan un look inolvidable.<\/p>\n<\/div>\n<\/div>\n<\/div>\n<\/div>","protected":false},"featured_media":31996,"template":"","meta":[],"product_brand":[],"product_cat":[1633,139],"product_tag":[],"class_list":{"0":"post-31407","1":"product","2":"type-product","3":"status-publish","4":"has-post-thumbnail","6":"product_cat-musas-fiesta","7":"product_cat-vestidos-de-fiesta","9":"first","10":"instock","11":"taxable","12":"shipping-taxable","13":"purchasable","14":"product-type-variable"},"_links":{"self":[{"href":"https:\/\/silviafernandez.com\/en\/wp-json\/wp\/v2\/product\/31407","targetHints":{"allow":["GET"]}}],"collection":[{"href":"https:\/\/silviafernandez.com\/en\/wp-json\/wp\/v2\/product"}],"about":[{"href":"https:\/\/silviafernandez.com\/en\/wp-json\/wp\/v2\/types\/product"}],"wp:featuredmedia":[{"embeddable":true,"href":"https:\/\/silviafernandez.com\/en\/wp-json\/wp\/v2\/media\/31996"}],"wp:attachment":[{"href":"https:\/\/silviafernandez.com\/en\/wp-json\/wp\/v2\/media?parent=31407"}],"wp:term":[{"taxonomy":"product_brand","embeddable":true,"href":"https:\/\/silviafernandez.com\/en\/wp-json\/wp\/v2\/product_brand?post=31407"},{"taxonomy":"product_cat","embeddable":true,"href":"https:\/\/silviafernandez.com\/en\/wp-json\/wp\/v2\/product_cat?post=31407"},{"taxonomy":"product_tag","embeddable":true,"href":"https:\/\/silviafernandez.com\/en\/wp-json\/wp\/v2\/product_tag?post=31407"}],"curies":[{"name":"wp","href":"https:\/\/api.w.org\/{rel}","templated":true}]}}