{"id":31404,"date":"2024-12-10T12:00:40","date_gmt":"2024-12-10T11:00:40","guid":{"rendered":"https:\/\/silviafernandez.com\/?post_type=product&#038;p=31404"},"modified":"2025-12-03T12:52:42","modified_gmt":"2025-12-03T11:52:42","slug":"blanca","status":"publish","type":"product","link":"https:\/\/silviafernandez.com\/en\/vestidos-de-fiesta\/musas-fiesta\/blanca\/","title":{"rendered":"BLANCA"},"content":{"rendered":"","protected":false},"excerpt":{"rendered":"<p>Vestido de mikado bicolor asim\u00e9trico con flor en la cintura, dise\u00f1ado para quienes desean lucir sofisticadas y actuales. Su escote delantero en palabra de honor a\u00f1ade un toque \u00fanico y llamativo, resaltando de manera elegante los hombros.<\/p>\n<div dir=\"ltr\">\n<div>\n<p>La estructura del mikado asegura una silueta definida y favorecedora acompa\u00f1ada de una flor en la cintura. En el dise\u00f1o, destaca el corte asim\u00e9trico el cual combina moda y comodidad a la perfecci\u00f3n para cualquier ocasi\u00f3n especial.<\/p>\n<\/div>\n<\/div>","protected":false},"featured_media":32095,"template":"","meta":[],"product_brand":[],"product_cat":[1633,139],"product_tag":[],"class_list":{"0":"post-31404","1":"product","2":"type-product","3":"status-publish","4":"has-post-thumbnail","6":"product_cat-musas-fiesta","7":"product_cat-vestidos-de-fiesta","9":"first","10":"instock","11":"taxable","12":"shipping-taxable","13":"purchasable","14":"product-type-variable"},"_links":{"self":[{"href":"https:\/\/silviafernandez.com\/en\/wp-json\/wp\/v2\/product\/31404","targetHints":{"allow":["GET"]}}],"collection":[{"href":"https:\/\/silviafernandez.com\/en\/wp-json\/wp\/v2\/product"}],"about":[{"href":"https:\/\/silviafernandez.com\/en\/wp-json\/wp\/v2\/types\/product"}],"wp:featuredmedia":[{"embeddable":true,"href":"https:\/\/silviafernandez.com\/en\/wp-json\/wp\/v2\/media\/32095"}],"wp:attachment":[{"href":"https:\/\/silviafernandez.com\/en\/wp-json\/wp\/v2\/media?parent=31404"}],"wp:term":[{"taxonomy":"product_brand","embeddable":true,"href":"https:\/\/silviafernandez.com\/en\/wp-json\/wp\/v2\/product_brand?post=31404"},{"taxonomy":"product_cat","embeddable":true,"href":"https:\/\/silviafernandez.com\/en\/wp-json\/wp\/v2\/product_cat?post=31404"},{"taxonomy":"product_tag","embeddable":true,"href":"https:\/\/silviafernandez.com\/en\/wp-json\/wp\/v2\/product_tag?post=31404"}],"curies":[{"name":"wp","href":"https:\/\/api.w.org\/{rel}","templated":true}]}}