{"id":31402,"date":"2024-12-10T12:00:39","date_gmt":"2024-12-10T11:00:39","guid":{"rendered":"https:\/\/silviafernandez.com\/?post_type=product&#038;p=31402"},"modified":"2025-12-03T12:52:43","modified_gmt":"2025-12-03T11:52:43","slug":"birmania","status":"publish","type":"product","link":"https:\/\/silviafernandez.com\/en\/vestidos-de-fiesta\/musas-fiesta\/birmania\/","title":{"rendered":"BURMA"},"content":{"rendered":"","protected":false},"excerpt":{"rendered":"<p>Vestido largo en crepe con cuerpo drapeado y lazada, combina detalles cl\u00e1sicos y modernos en un dise\u00f1o cautivador. El escote delantero en forma de V cruzado acompa\u00f1ado de un sutil drapeado, crea un efecto visual que estiliza y realza la figura. La lazada a la altura de la cintura es el detalle perfecto para resaltar las curvas y a\u00f1adir un toque rom\u00e1ntico.<\/p>\n<div dir=\"ltr\">\n<div>\n<p>Su falda con abertura lateral proporciona libertad y sensualidad que no pasa desapercibido. Este vestido es una pieza vers\u00e1til y atemporal para cualquier ocasi\u00f3n especial.<\/p>\n<\/div>\n<\/div>","protected":false},"featured_media":32151,"template":"","meta":[],"product_brand":[],"product_cat":[1633,139],"product_tag":[],"class_list":{"0":"post-31402","1":"product","2":"type-product","3":"status-publish","4":"has-post-thumbnail","6":"product_cat-musas-fiesta","7":"product_cat-vestidos-de-fiesta","9":"first","10":"instock","11":"taxable","12":"shipping-taxable","13":"purchasable","14":"product-type-variable"},"_links":{"self":[{"href":"https:\/\/silviafernandez.com\/en\/wp-json\/wp\/v2\/product\/31402","targetHints":{"allow":["GET"]}}],"collection":[{"href":"https:\/\/silviafernandez.com\/en\/wp-json\/wp\/v2\/product"}],"about":[{"href":"https:\/\/silviafernandez.com\/en\/wp-json\/wp\/v2\/types\/product"}],"wp:featuredmedia":[{"embeddable":true,"href":"https:\/\/silviafernandez.com\/en\/wp-json\/wp\/v2\/media\/32151"}],"wp:attachment":[{"href":"https:\/\/silviafernandez.com\/en\/wp-json\/wp\/v2\/media?parent=31402"}],"wp:term":[{"taxonomy":"product_brand","embeddable":true,"href":"https:\/\/silviafernandez.com\/en\/wp-json\/wp\/v2\/product_brand?post=31402"},{"taxonomy":"product_cat","embeddable":true,"href":"https:\/\/silviafernandez.com\/en\/wp-json\/wp\/v2\/product_cat?post=31402"},{"taxonomy":"product_tag","embeddable":true,"href":"https:\/\/silviafernandez.com\/en\/wp-json\/wp\/v2\/product_tag?post=31402"}],"curies":[{"name":"wp","href":"https:\/\/api.w.org\/{rel}","templated":true}]}}