{"id":31399,"date":"2024-12-10T12:00:38","date_gmt":"2024-12-10T11:00:38","guid":{"rendered":"https:\/\/silviafernandez.com\/?post_type=product&#038;p=31399"},"modified":"2025-12-03T12:52:43","modified_gmt":"2025-12-03T11:52:43","slug":"beso","status":"publish","type":"product","link":"https:\/\/silviafernandez.com\/en\/vestidos-de-fiesta\/musas-fiesta\/beso\/","title":{"rendered":"BESO"},"content":{"rendered":"","protected":false},"excerpt":{"rendered":"<p>Mini vestido en crepe y tafeta perfecto para destacar con un estilo chic y sofisticado. El escote delantero es cerrado y minimalista, mientras que la espalda resalta por estar descubierta en V convirtiendo el conjunto en el centro de todas las miradas.<\/p>\n<div dir=\"ltr\">\n<div>\n<p>El dise\u00f1o combina el corte ajustado en la parte superior y la ca\u00edda asim\u00e9trica en la falda en forma de maxi lazo, la cual acent\u00faa el detalle protagonista a\u00f1adiendo volumen y dinamismo al vestido.<\/p>\n<\/div>\n<\/div>","protected":false},"featured_media":32281,"template":"","meta":[],"product_brand":[],"product_cat":[1633,139],"product_tag":[],"class_list":{"0":"post-31399","1":"product","2":"type-product","3":"status-publish","4":"has-post-thumbnail","6":"product_cat-musas-fiesta","7":"product_cat-vestidos-de-fiesta","9":"first","10":"instock","11":"taxable","12":"shipping-taxable","13":"purchasable","14":"product-type-variable"},"_links":{"self":[{"href":"https:\/\/silviafernandez.com\/en\/wp-json\/wp\/v2\/product\/31399","targetHints":{"allow":["GET"]}}],"collection":[{"href":"https:\/\/silviafernandez.com\/en\/wp-json\/wp\/v2\/product"}],"about":[{"href":"https:\/\/silviafernandez.com\/en\/wp-json\/wp\/v2\/types\/product"}],"wp:featuredmedia":[{"embeddable":true,"href":"https:\/\/silviafernandez.com\/en\/wp-json\/wp\/v2\/media\/32281"}],"wp:attachment":[{"href":"https:\/\/silviafernandez.com\/en\/wp-json\/wp\/v2\/media?parent=31399"}],"wp:term":[{"taxonomy":"product_brand","embeddable":true,"href":"https:\/\/silviafernandez.com\/en\/wp-json\/wp\/v2\/product_brand?post=31399"},{"taxonomy":"product_cat","embeddable":true,"href":"https:\/\/silviafernandez.com\/en\/wp-json\/wp\/v2\/product_cat?post=31399"},{"taxonomy":"product_tag","embeddable":true,"href":"https:\/\/silviafernandez.com\/en\/wp-json\/wp\/v2\/product_tag?post=31399"}],"curies":[{"name":"wp","href":"https:\/\/api.w.org\/{rel}","templated":true}]}}