{"id":31398,"date":"2024-12-10T12:00:38","date_gmt":"2024-12-10T11:00:38","guid":{"rendered":"https:\/\/silviafernandez.com\/?post_type=product&#038;p=31398"},"modified":"2025-12-03T12:52:44","modified_gmt":"2025-12-03T11:52:44","slug":"berta","status":"publish","type":"product","link":"https:\/\/silviafernandez.com\/en\/vestidos-de-fiesta\/musas-fiesta\/berta\/","title":{"rendered":"BERTA"},"content":{"rendered":"","protected":false},"excerpt":{"rendered":"<p>Vestido largo de crepe y gasa, dise\u00f1ado para realzar tu elegancia en cada movimiento. Su escote delantero cuenta con delicadas aberturas en forma de l\u00e1grima adornadas con un broche de joyer\u00eda que aporta brillo y exclusividad al dise\u00f1o. En la parte trasera, el escote l\u00e1grima contin\u00faa dando un toque de sensualidad discreta.<\/p>\n<div dir=\"ltr\">\n<div>\n<p>Este vestido combina calidad y comodidad, siendo una prenda clave para quienes buscan lucir espectaculares, deja que la fluidez de la gasa sea la protagonista de un look inolvidable.<\/p>\n<\/div>\n<\/div>","protected":false},"featured_media":32241,"template":"","meta":[],"product_brand":[],"product_cat":[1633,139],"product_tag":[],"class_list":{"0":"post-31398","1":"product","2":"type-product","3":"status-publish","4":"has-post-thumbnail","6":"product_cat-musas-fiesta","7":"product_cat-vestidos-de-fiesta","9":"first","10":"instock","11":"taxable","12":"shipping-taxable","13":"purchasable","14":"product-type-variable"},"_links":{"self":[{"href":"https:\/\/silviafernandez.com\/en\/wp-json\/wp\/v2\/product\/31398","targetHints":{"allow":["GET"]}}],"collection":[{"href":"https:\/\/silviafernandez.com\/en\/wp-json\/wp\/v2\/product"}],"about":[{"href":"https:\/\/silviafernandez.com\/en\/wp-json\/wp\/v2\/types\/product"}],"wp:featuredmedia":[{"embeddable":true,"href":"https:\/\/silviafernandez.com\/en\/wp-json\/wp\/v2\/media\/32241"}],"wp:attachment":[{"href":"https:\/\/silviafernandez.com\/en\/wp-json\/wp\/v2\/media?parent=31398"}],"wp:term":[{"taxonomy":"product_brand","embeddable":true,"href":"https:\/\/silviafernandez.com\/en\/wp-json\/wp\/v2\/product_brand?post=31398"},{"taxonomy":"product_cat","embeddable":true,"href":"https:\/\/silviafernandez.com\/en\/wp-json\/wp\/v2\/product_cat?post=31398"},{"taxonomy":"product_tag","embeddable":true,"href":"https:\/\/silviafernandez.com\/en\/wp-json\/wp\/v2\/product_tag?post=31398"}],"curies":[{"name":"wp","href":"https:\/\/api.w.org\/{rel}","templated":true}]}}