{"id":31397,"date":"2024-12-10T12:00:38","date_gmt":"2024-12-10T11:00:38","guid":{"rendered":"https:\/\/silviafernandez.com\/?post_type=product&#038;p=31397"},"modified":"2025-12-03T12:52:44","modified_gmt":"2025-12-03T11:52:44","slug":"bernardina","status":"publish","type":"product","link":"https:\/\/silviafernandez.com\/en\/vestidos-de-fiesta\/musas-fiesta\/bernardina\/","title":{"rendered":"BERNARDINA"},"content":{"rendered":"","protected":false},"excerpt":{"rendered":"<p>Vestido largo con cuerpo camisero que combina la estructura del crepe y la suavidad del sat\u00e9n con la delicadeza de las plumas, creando una pieza \u00fanica. Perfecto para bodas, galas o eventos, garantiza que brilles con estilo y distinci\u00f3n.<\/p>\n<div dir=\"ltr\">\n<div>\n<p>El lujo y la sofisticaci\u00f3n se combinan en este vestido presentando en la parte superior un dise\u00f1o con cuello camisero y mangas francesas que destacan por sus hombreras. Para completar un look inolvidable, la falda es adornada con pedrer\u00eda y plumas, ideal para a\u00f1adir movimiento y glamour al vestido.<\/p>\n<\/div>\n<\/div>","protected":false},"featured_media":32220,"template":"","meta":[],"product_brand":[],"product_cat":[1633,139],"product_tag":[],"class_list":{"0":"post-31397","1":"product","2":"type-product","3":"status-publish","4":"has-post-thumbnail","6":"product_cat-musas-fiesta","7":"product_cat-vestidos-de-fiesta","9":"first","10":"instock","11":"taxable","12":"shipping-taxable","13":"purchasable","14":"product-type-variable"},"_links":{"self":[{"href":"https:\/\/silviafernandez.com\/en\/wp-json\/wp\/v2\/product\/31397","targetHints":{"allow":["GET"]}}],"collection":[{"href":"https:\/\/silviafernandez.com\/en\/wp-json\/wp\/v2\/product"}],"about":[{"href":"https:\/\/silviafernandez.com\/en\/wp-json\/wp\/v2\/types\/product"}],"wp:featuredmedia":[{"embeddable":true,"href":"https:\/\/silviafernandez.com\/en\/wp-json\/wp\/v2\/media\/32220"}],"wp:attachment":[{"href":"https:\/\/silviafernandez.com\/en\/wp-json\/wp\/v2\/media?parent=31397"}],"wp:term":[{"taxonomy":"product_brand","embeddable":true,"href":"https:\/\/silviafernandez.com\/en\/wp-json\/wp\/v2\/product_brand?post=31397"},{"taxonomy":"product_cat","embeddable":true,"href":"https:\/\/silviafernandez.com\/en\/wp-json\/wp\/v2\/product_cat?post=31397"},{"taxonomy":"product_tag","embeddable":true,"href":"https:\/\/silviafernandez.com\/en\/wp-json\/wp\/v2\/product_tag?post=31397"}],"curies":[{"name":"wp","href":"https:\/\/api.w.org\/{rel}","templated":true}]}}