{"id":31394,"date":"2024-12-10T12:00:37","date_gmt":"2024-12-10T11:00:37","guid":{"rendered":"https:\/\/silviafernandez.com\/?post_type=product&#038;p=31394"},"modified":"2025-12-03T12:52:44","modified_gmt":"2025-12-03T11:52:44","slug":"bergidum","status":"publish","type":"product","link":"https:\/\/silviafernandez.com\/en\/vestidos-de-fiesta\/musas-fiesta\/bergidum\/","title":{"rendered":"Bergidum theatre"},"content":{"rendered":"","protected":false},"excerpt":{"rendered":"<p>Vestido largo en crepe con drapeado de gasa y aplicaciones de joyas en hombros y cintura que redefinen la sofisticaci\u00f3n con su dise\u00f1o fluido.<\/p>\n<div dir=\"ltr\">\n<div>\n<p>Su dise\u00f1o cuidadosamente confeccionado realza la silueta y aporta un toque rom\u00e1ntico gracias al drapeado que crea movimiento y elegancia en cada paso. Su escote en V y mangas largas abullonadas, aportan el equilibrio perfecto entre estilo cl\u00e1sico y contempor\u00e1neo. Los detalles de pedrer\u00eda en hombros y cintura a\u00f1aden un brillo \u00fanico que convierte a esta pieza en una opci\u00f3n ideal para cualquier ocasi\u00f3n.<\/p>\n<\/div>\n<\/div>","protected":false},"featured_media":32387,"template":"","meta":[],"product_brand":[],"product_cat":[1633,139],"product_tag":[],"class_list":{"0":"post-31394","1":"product","2":"type-product","3":"status-publish","4":"has-post-thumbnail","6":"product_cat-musas-fiesta","7":"product_cat-vestidos-de-fiesta","9":"first","10":"instock","11":"taxable","12":"shipping-taxable","13":"purchasable","14":"product-type-variable"},"_links":{"self":[{"href":"https:\/\/silviafernandez.com\/en\/wp-json\/wp\/v2\/product\/31394","targetHints":{"allow":["GET"]}}],"collection":[{"href":"https:\/\/silviafernandez.com\/en\/wp-json\/wp\/v2\/product"}],"about":[{"href":"https:\/\/silviafernandez.com\/en\/wp-json\/wp\/v2\/types\/product"}],"wp:featuredmedia":[{"embeddable":true,"href":"https:\/\/silviafernandez.com\/en\/wp-json\/wp\/v2\/media\/32387"}],"wp:attachment":[{"href":"https:\/\/silviafernandez.com\/en\/wp-json\/wp\/v2\/media?parent=31394"}],"wp:term":[{"taxonomy":"product_brand","embeddable":true,"href":"https:\/\/silviafernandez.com\/en\/wp-json\/wp\/v2\/product_brand?post=31394"},{"taxonomy":"product_cat","embeddable":true,"href":"https:\/\/silviafernandez.com\/en\/wp-json\/wp\/v2\/product_cat?post=31394"},{"taxonomy":"product_tag","embeddable":true,"href":"https:\/\/silviafernandez.com\/en\/wp-json\/wp\/v2\/product_tag?post=31394"}],"curies":[{"name":"wp","href":"https:\/\/api.w.org\/{rel}","templated":true}]}}